{"id":105864,"date":"2021-07-01T16:17:21","date_gmt":"2021-07-01T13:17:21","guid":{"rendered":"https:\/\/dev.tactic.net\/tuote\/active-play-giant-tower\/"},"modified":"2023-10-06T18:35:51","modified_gmt":"2023-10-06T15:35:51","slug":"active-play-giant-tower","status":"archive","type":"product","link":"https:\/\/games.tactic.net\/no\/tuote\/active-play-giant-tower\/","title":{"rendered":"Active Play Giant Tower"},"content":{"rendered":"<p>Bygg opp t\u00e5rnet ved \u00e5 trekke ut \u00e9n murstein om gangen og legge den p\u00e5 toppen. Men v\u00e6r forsiktig, for spilleren som velter t\u00e5rnet, taper spillet! Et klassisk spill for hele familien og alle med st\u00f8dige hender.<br \/>\nKlassisk spill i jumbo-st\u00f8rrelse!<br \/>\nFlott vri p\u00e5 et klassisk stablingsspill.<br \/>\nMed f\u00e5 regler kan du begynne \u00e5 spille straks!<\/p>\n","protected":false},"excerpt":{"rendered":"<p>Bygg opp t\u00e5rnet ved \u00e5 trekke ut \u00e9n murstein om gangen og legge den p\u00e5 toppen. Men v\u00e6r forsiktig, for spilleren som velter t\u00e5rnet, taper spillet! Et klassisk spill for hele familien og alle med st\u00f8dige hender.<\/p>\n","protected":false},"featured_media":0,"template":"","meta":{"content-type":"","_monsterinsights_skip_tracking":false,"_monsterinsights_sitenote_active":false,"_monsterinsights_sitenote_note":"","_monsterinsights_sitenote_category":0},"product_brand":[],"product_cat":[1695,1656],"product_tag":[1003,1239],"brand":[],"target-group":[],"discontinued":[],"class_list":{"0":"post-105864","1":"product","2":"type-product","3":"status-archive","5":"product_cat-active-play-utespill-og-leker-2","6":"product_cat-active-play-barnespill","7":"product_tag-hell","8":"product_tag-strategi-no","10":"first","11":"instock","12":"taxable","13":"shipping-taxable","14":"product-type-simple"},"aioseo_notices":[],"_links":{"self":[{"href":"https:\/\/games.tactic.net\/no\/wp-json\/wp\/v2\/product\/105864","targetHints":{"allow":["GET"]}}],"collection":[{"href":"https:\/\/games.tactic.net\/no\/wp-json\/wp\/v2\/product"}],"about":[{"href":"https:\/\/games.tactic.net\/no\/wp-json\/wp\/v2\/types\/product"}],"wp:attachment":[{"href":"https:\/\/games.tactic.net\/no\/wp-json\/wp\/v2\/media?parent=105864"}],"wp:term":[{"taxonomy":"product_brand","embeddable":true,"href":"https:\/\/games.tactic.net\/no\/wp-json\/wp\/v2\/product_brand?post=105864"},{"taxonomy":"product_cat","embeddable":true,"href":"https:\/\/games.tactic.net\/no\/wp-json\/wp\/v2\/product_cat?post=105864"},{"taxonomy":"product_tag","embeddable":true,"href":"https:\/\/games.tactic.net\/no\/wp-json\/wp\/v2\/product_tag?post=105864"},{"taxonomy":"brand","embeddable":true,"href":"https:\/\/games.tactic.net\/no\/wp-json\/wp\/v2\/brand?post=105864"},{"taxonomy":"target-group","embeddable":true,"href":"https:\/\/games.tactic.net\/no\/wp-json\/wp\/v2\/target-group?post=105864"},{"taxonomy":"discontinued","embeddable":true,"href":"https:\/\/games.tactic.net\/no\/wp-json\/wp\/v2\/discontinued?post=105864"}],"curies":[{"name":"wp","href":"https:\/\/api.w.org\/{rel}","templated":true}]}}