{"id":105751,"date":"2021-07-01T16:02:10","date_gmt":"2021-07-01T13:02:10","guid":{"rendered":"https:\/\/dev.tactic.net\/tuote\/active-play-kaste-pa-boks\/"},"modified":"2023-10-17T19:33:29","modified_gmt":"2023-10-17T16:33:29","slug":"active-play-kaste-pa-boks","status":"archive","type":"product","link":"https:\/\/games.tactic.net\/no\/tuote\/active-play-kaste-pa-boks\/","title":{"rendered":"Active Play Kaste p\u00e5 boks"},"content":{"rendered":"<p>Bygg, sikt og treff! Hvem f\u00e5r mest poeng? Denne klassiske utend\u00f8rsleken passer for b\u00e5de barn og voksne.<br \/>\nLeveres med erteposer som er lette \u00e5 kaste.<\/p>\n","protected":false},"excerpt":{"rendered":"<p>Bygg, sikt og treff! Hvem f\u00e5r mest poeng? Denne klassiske utend\u00f8rsleken passer for b\u00e5de barn og voksne.<\/p>\n","protected":false},"featured_media":0,"template":"","meta":{"content-type":"","_monsterinsights_skip_tracking":false,"_monsterinsights_sitenote_active":false,"_monsterinsights_sitenote_note":"","_monsterinsights_sitenote_category":0},"product_brand":[],"product_cat":[1656,1695],"product_tag":[1251,1221],"brand":[],"target-group":[],"discontinued":[],"class_list":{"0":"post-105751","1":"product","2":"type-product","3":"status-archive","5":"product_cat-active-play-barnespill","6":"product_cat-active-play-utespill-og-leker-2","7":"product_tag-ferdighet-no","8":"product_tag-funksjon-no","10":"first","11":"outofstock","12":"taxable","13":"shipping-taxable","14":"product-type-simple"},"aioseo_notices":[],"_links":{"self":[{"href":"https:\/\/games.tactic.net\/no\/wp-json\/wp\/v2\/product\/105751","targetHints":{"allow":["GET"]}}],"collection":[{"href":"https:\/\/games.tactic.net\/no\/wp-json\/wp\/v2\/product"}],"about":[{"href":"https:\/\/games.tactic.net\/no\/wp-json\/wp\/v2\/types\/product"}],"wp:attachment":[{"href":"https:\/\/games.tactic.net\/no\/wp-json\/wp\/v2\/media?parent=105751"}],"wp:term":[{"taxonomy":"product_brand","embeddable":true,"href":"https:\/\/games.tactic.net\/no\/wp-json\/wp\/v2\/product_brand?post=105751"},{"taxonomy":"product_cat","embeddable":true,"href":"https:\/\/games.tactic.net\/no\/wp-json\/wp\/v2\/product_cat?post=105751"},{"taxonomy":"product_tag","embeddable":true,"href":"https:\/\/games.tactic.net\/no\/wp-json\/wp\/v2\/product_tag?post=105751"},{"taxonomy":"brand","embeddable":true,"href":"https:\/\/games.tactic.net\/no\/wp-json\/wp\/v2\/brand?post=105751"},{"taxonomy":"target-group","embeddable":true,"href":"https:\/\/games.tactic.net\/no\/wp-json\/wp\/v2\/target-group?post=105751"},{"taxonomy":"discontinued","embeddable":true,"href":"https:\/\/games.tactic.net\/no\/wp-json\/wp\/v2\/discontinued?post=105751"}],"curies":[{"name":"wp","href":"https:\/\/api.w.org\/{rel}","templated":true}]}}