{"id":105705,"date":"2021-07-01T16:00:10","date_gmt":"2021-07-01T13:00:10","guid":{"rendered":"https:\/\/dev.tactic.net\/tuote\/active-play-paradis\/"},"modified":"2025-07-14T09:37:28","modified_gmt":"2025-07-14T06:37:28","slug":"active-play-paradis","status":"archive","type":"product","link":"https:\/\/games.tactic.net\/no\/tuote\/active-play-paradis\/","title":{"rendered":"Active Play Paradis"},"content":{"rendered":"<p>En klassisk barnelek. Kast mark\u00f8ren i en rute, og hopp gjennom rutene for \u00e5 hente den.<br \/>\nFargerike plater og mark\u00f8rer i skumplast.<br \/>\nPasser perfekt b\u00e5de innend\u00f8rs og utend\u00f8rs.<\/p>\n","protected":false},"excerpt":{"rendered":"<p>En klassisk barnelek. Kast mark\u00f8ren i en rute, og hopp gjennom rutene for \u00e5 hente den.<\/p>\n","protected":false},"featured_media":0,"template":"","meta":{"content-type":"","_monsterinsights_skip_tracking":false,"_monsterinsights_sitenote_active":false,"_monsterinsights_sitenote_note":"","_monsterinsights_sitenote_category":0},"product_brand":[],"product_cat":[1656,1695],"product_tag":[1251,1221],"brand":[],"target-group":[],"discontinued":[],"class_list":{"0":"post-105705","1":"product","2":"type-product","3":"status-archive","5":"product_cat-active-play-barnespill","6":"product_cat-active-play-utespill-og-leker-2","7":"product_tag-ferdighet-no","8":"product_tag-funksjon-no","10":"first","11":"outofstock","12":"taxable","13":"shipping-taxable","14":"product-type-simple"},"aioseo_notices":[],"_links":{"self":[{"href":"https:\/\/games.tactic.net\/no\/wp-json\/wp\/v2\/product\/105705","targetHints":{"allow":["GET"]}}],"collection":[{"href":"https:\/\/games.tactic.net\/no\/wp-json\/wp\/v2\/product"}],"about":[{"href":"https:\/\/games.tactic.net\/no\/wp-json\/wp\/v2\/types\/product"}],"wp:attachment":[{"href":"https:\/\/games.tactic.net\/no\/wp-json\/wp\/v2\/media?parent=105705"}],"wp:term":[{"taxonomy":"product_brand","embeddable":true,"href":"https:\/\/games.tactic.net\/no\/wp-json\/wp\/v2\/product_brand?post=105705"},{"taxonomy":"product_cat","embeddable":true,"href":"https:\/\/games.tactic.net\/no\/wp-json\/wp\/v2\/product_cat?post=105705"},{"taxonomy":"product_tag","embeddable":true,"href":"https:\/\/games.tactic.net\/no\/wp-json\/wp\/v2\/product_tag?post=105705"},{"taxonomy":"brand","embeddable":true,"href":"https:\/\/games.tactic.net\/no\/wp-json\/wp\/v2\/brand?post=105705"},{"taxonomy":"target-group","embeddable":true,"href":"https:\/\/games.tactic.net\/no\/wp-json\/wp\/v2\/target-group?post=105705"},{"taxonomy":"discontinued","embeddable":true,"href":"https:\/\/games.tactic.net\/no\/wp-json\/wp\/v2\/discontinued?post=105705"}],"curies":[{"name":"wp","href":"https:\/\/api.w.org\/{rel}","templated":true}]}}