{"id":105659,"date":"2021-07-01T15:44:45","date_gmt":"2021-07-01T12:44:45","guid":{"rendered":"https:\/\/dev.tactic.net\/tuote\/active-play-4-pa-rad-kjempeutgave\/"},"modified":"2025-09-04T08:58:05","modified_gmt":"2025-09-04T05:58:05","slug":"active-play-4-pa-rad-kjempeutgave","status":"archive","type":"product","link":"https:\/\/games.tactic.net\/no\/tuote\/active-play-4-pa-rad-kjempeutgave\/","title":{"rendered":"Active Play 4 p\u00e5 rad, Kjempeutgave"},"content":{"rendered":"<p>En kjempestor versjon i tre av et klassisk spill! Pr\u00f8v \u00e5 danne en linje med fire av brikkene dine.<br \/>\nTopp og holdbar kvalitet.<\/p>\n","protected":false},"excerpt":{"rendered":"<p>En kjempestor versjon i tre av et klassisk spill! Pr\u00f8v \u00e5 danne en linje med fire av brikkene dine.<\/p>\n","protected":false},"featured_media":0,"template":"","meta":{"content-type":"","_monsterinsights_skip_tracking":false,"_monsterinsights_sitenote_active":false,"_monsterinsights_sitenote_note":"","_monsterinsights_sitenote_category":0},"product_brand":[],"product_cat":[1656,1695],"product_tag":[1233,1239],"brand":[],"target-group":[],"discontinued":[],"class_list":{"0":"post-105659","1":"product","2":"type-product","3":"status-archive","5":"product_cat-active-play-barnespill","6":"product_cat-active-play-utespill-og-leker-2","7":"product_tag-kombinere-no","8":"product_tag-strategi-no","10":"first","11":"outofstock","12":"taxable","13":"shipping-taxable","14":"product-type-simple"},"aioseo_notices":[],"_links":{"self":[{"href":"https:\/\/games.tactic.net\/no\/wp-json\/wp\/v2\/product\/105659","targetHints":{"allow":["GET"]}}],"collection":[{"href":"https:\/\/games.tactic.net\/no\/wp-json\/wp\/v2\/product"}],"about":[{"href":"https:\/\/games.tactic.net\/no\/wp-json\/wp\/v2\/types\/product"}],"wp:attachment":[{"href":"https:\/\/games.tactic.net\/no\/wp-json\/wp\/v2\/media?parent=105659"}],"wp:term":[{"taxonomy":"product_brand","embeddable":true,"href":"https:\/\/games.tactic.net\/no\/wp-json\/wp\/v2\/product_brand?post=105659"},{"taxonomy":"product_cat","embeddable":true,"href":"https:\/\/games.tactic.net\/no\/wp-json\/wp\/v2\/product_cat?post=105659"},{"taxonomy":"product_tag","embeddable":true,"href":"https:\/\/games.tactic.net\/no\/wp-json\/wp\/v2\/product_tag?post=105659"},{"taxonomy":"brand","embeddable":true,"href":"https:\/\/games.tactic.net\/no\/wp-json\/wp\/v2\/brand?post=105659"},{"taxonomy":"target-group","embeddable":true,"href":"https:\/\/games.tactic.net\/no\/wp-json\/wp\/v2\/target-group?post=105659"},{"taxonomy":"discontinued","embeddable":true,"href":"https:\/\/games.tactic.net\/no\/wp-json\/wp\/v2\/discontinued?post=105659"}],"curies":[{"name":"wp","href":"https:\/\/api.w.org\/{rel}","templated":true}]}}