{"id":1032427,"date":"2023-10-20T16:57:48","date_gmt":"2023-10-20T13:57:48","guid":{"rendered":"https:\/\/games.tactic.net\/tuote\/range-rover-velar-police-med-politimann\/"},"modified":"2023-10-20T16:57:48","modified_gmt":"2023-10-20T13:57:48","slug":"range-rover-velar-police-med-politimann","status":"publish","type":"product","link":"https:\/\/games.tactic.net\/no\/tuote\/range-rover-velar-police-med-politimann\/","title":{"rendered":"Range Rover Velar Police med politimann"},"content":{"rendered":"<p>Range Rover Velar tar p\u00e5 seg en ledende rolle innen design, effektivitet og ytelse. Velar kombinerer eleganse og komfort i et kj\u00f8ret\u00f8y som fortsatt er ekstremt offroad. Med nye hybriddrifter, opptil 400 hk og sofistikert firehjulsdriftsteknologi, har denne bilen et sl\u00e5ende bredt spekter av bruksomr\u00e5der. BRUDER n\u00f8detater vil n\u00e5 ogs\u00e5 kunne overv\u00e5ke vanskelig tilgjengelig terreng utenfor bygrensene takket v\u00e6re Range Rover Velar i politiutgave. Akkurat som den ekte varen har leket\u00f8yet et mannskapsf\u00f8rerhus med fire d\u00f8rer. Alle d\u00f8rer \u00e5pnes for \u00e5 romme fire bworld-figurer. Denne modellen i skala 1:16 har fj\u00e6ring p\u00e5 begge aksler for \u00e5 gi kj\u00f8rekomfort og offroad-evne. I denne sammenhengen kan forakselen styres ved hjelp av den medf\u00f8lgende rattforlengeren. Bakluken \u00e5pnes for \u00e5 transportere den under lek.<\/p>\n","protected":false},"excerpt":{"rendered":"<p>Bruder<\/p>\n","protected":false},"featured_media":0,"template":"","meta":{"content-type":"","_monsterinsights_skip_tracking":false,"_monsterinsights_sitenote_active":false,"_monsterinsights_sitenote_note":"","_monsterinsights_sitenote_category":0},"product_brand":[],"product_cat":[1705],"product_tag":[],"brand":[],"target-group":[],"discontinued":[],"class_list":{"0":"post-1032427","1":"product","2":"type-product","3":"status-publish","5":"product_cat-bruder-leker","7":"first","8":"instock","9":"taxable","10":"shipping-taxable","11":"product-type-simple"},"aioseo_notices":[],"_links":{"self":[{"href":"https:\/\/games.tactic.net\/no\/wp-json\/wp\/v2\/product\/1032427","targetHints":{"allow":["GET"]}}],"collection":[{"href":"https:\/\/games.tactic.net\/no\/wp-json\/wp\/v2\/product"}],"about":[{"href":"https:\/\/games.tactic.net\/no\/wp-json\/wp\/v2\/types\/product"}],"wp:attachment":[{"href":"https:\/\/games.tactic.net\/no\/wp-json\/wp\/v2\/media?parent=1032427"}],"wp:term":[{"taxonomy":"product_brand","embeddable":true,"href":"https:\/\/games.tactic.net\/no\/wp-json\/wp\/v2\/product_brand?post=1032427"},{"taxonomy":"product_cat","embeddable":true,"href":"https:\/\/games.tactic.net\/no\/wp-json\/wp\/v2\/product_cat?post=1032427"},{"taxonomy":"product_tag","embeddable":true,"href":"https:\/\/games.tactic.net\/no\/wp-json\/wp\/v2\/product_tag?post=1032427"},{"taxonomy":"brand","embeddable":true,"href":"https:\/\/games.tactic.net\/no\/wp-json\/wp\/v2\/brand?post=1032427"},{"taxonomy":"target-group","embeddable":true,"href":"https:\/\/games.tactic.net\/no\/wp-json\/wp\/v2\/target-group?post=1032427"},{"taxonomy":"discontinued","embeddable":true,"href":"https:\/\/games.tactic.net\/no\/wp-json\/wp\/v2\/discontinued?post=1032427"}],"curies":[{"name":"wp","href":"https:\/\/api.w.org\/{rel}","templated":true}]}}