{"id":1032395,"date":"2023-10-20T16:57:25","date_gmt":"2023-10-20T13:57:25","guid":{"rendered":"https:\/\/games.tactic.net\/tuote\/range-rover-velar-utrykningskjoretoy-med-sjafor\/"},"modified":"2023-10-20T16:57:25","modified_gmt":"2023-10-20T13:57:25","slug":"range-rover-velar-utrykningskjoretoy-med-sjafor","status":"publish","type":"product","link":"https:\/\/games.tactic.net\/no\/tuote\/range-rover-velar-utrykningskjoretoy-med-sjafor\/","title":{"rendered":"Range Rover Velar Utrykningskj\u00f8ret\u00f8y med sj\u00e5f\u00f8r"},"content":{"rendered":"<p>Range Rover Velar tar p\u00e5 seg en ledende rolle innen design, effektivitet og ytelse. Velar kombinerer eleganse og komfort i et kj\u00f8ret\u00f8y som fortsatt er ekstremt off-road. Med nye hybriddrifter, opptil 400 hk og sofistikert firehjulsdriftsteknologi, har denne bilen et sl\u00e5ende bredt spekter av bruksomr\u00e5der. Range Rover Velar som legevogn st\u00f8tter ambulansen som allerede er inkludert i BRUDER-serien. Velar transporterer legevakten (inkludert) trygt til stedet, forenklet av off-road, fj\u00e6rbelastede aksler og rattforlengelsen, som kan settes inn gjennom en takluke. Oppbevaringsplass er gitt av de fire \u00e5pne d\u00f8rene og bakluken.<\/p>\n","protected":false},"excerpt":{"rendered":"<p>Bruder<\/p>\n","protected":false},"featured_media":0,"template":"","meta":{"content-type":"","_monsterinsights_skip_tracking":false,"_monsterinsights_sitenote_active":false,"_monsterinsights_sitenote_note":"","_monsterinsights_sitenote_category":0},"product_brand":[],"product_cat":[1705],"product_tag":[],"brand":[],"target-group":[],"discontinued":[],"class_list":{"0":"post-1032395","1":"product","2":"type-product","3":"status-publish","5":"product_cat-bruder-leker","7":"first","8":"instock","9":"taxable","10":"shipping-taxable","11":"product-type-simple"},"aioseo_notices":[],"_links":{"self":[{"href":"https:\/\/games.tactic.net\/no\/wp-json\/wp\/v2\/product\/1032395","targetHints":{"allow":["GET"]}}],"collection":[{"href":"https:\/\/games.tactic.net\/no\/wp-json\/wp\/v2\/product"}],"about":[{"href":"https:\/\/games.tactic.net\/no\/wp-json\/wp\/v2\/types\/product"}],"wp:attachment":[{"href":"https:\/\/games.tactic.net\/no\/wp-json\/wp\/v2\/media?parent=1032395"}],"wp:term":[{"taxonomy":"product_brand","embeddable":true,"href":"https:\/\/games.tactic.net\/no\/wp-json\/wp\/v2\/product_brand?post=1032395"},{"taxonomy":"product_cat","embeddable":true,"href":"https:\/\/games.tactic.net\/no\/wp-json\/wp\/v2\/product_cat?post=1032395"},{"taxonomy":"product_tag","embeddable":true,"href":"https:\/\/games.tactic.net\/no\/wp-json\/wp\/v2\/product_tag?post=1032395"},{"taxonomy":"brand","embeddable":true,"href":"https:\/\/games.tactic.net\/no\/wp-json\/wp\/v2\/brand?post=1032395"},{"taxonomy":"target-group","embeddable":true,"href":"https:\/\/games.tactic.net\/no\/wp-json\/wp\/v2\/target-group?post=1032395"},{"taxonomy":"discontinued","embeddable":true,"href":"https:\/\/games.tactic.net\/no\/wp-json\/wp\/v2\/discontinued?post=1032395"}],"curies":[{"name":"wp","href":"https:\/\/api.w.org\/{rel}","templated":true}]}}