{"id":1032377,"date":"2023-10-20T16:57:03","date_gmt":"2023-10-20T13:57:03","guid":{"rendered":"https:\/\/games.tactic.net\/tuote\/range-rover-velar\/"},"modified":"2023-10-20T16:57:03","modified_gmt":"2023-10-20T13:57:03","slug":"range-rover-velar","status":"publish","type":"product","link":"https:\/\/games.tactic.net\/no\/tuote\/range-rover-velar\/","title":{"rendered":"Range Rover Velar toy"},"content":{"rendered":"<p>Range Rover Velar tar p\u00e5 seg en ledende rolle innen design, effektivitet og ytelse. Velar kombinerer eleganse og komfort i et kj\u00f8ret\u00f8y som fortsatt er ekstremt off-road. Med nye hybriddrifter, opptil 400 hk og sofistikert firehjulsdriftsteknologi, har denne bilen et sl\u00e5ende bredt spekter av bruksomr\u00e5der. Den nye modellen av Velar fra BRUDER inneholder mange av disse elementene fra originalen i sann detalj. Kj\u00f8ret\u00f8yet er montert p\u00e5 fj\u00e6rbelastede aksler med redesignede felger. Takket v\u00e6re rattforlengelsen er Velar selvf\u00f8lgelig styrbar. Fire d\u00f8rer og bakluken kan \u00e5pnes og en tilhengerkobling f\u00f8lger ogs\u00e5 med, for trekking av forskjellige tilhengere. bworld Quad og Ducati Scrambler Desert Sled avrunder BRUDERs offroadprodukter.<\/p>\n","protected":false},"excerpt":{"rendered":"<p>Bruder<\/p>\n","protected":false},"featured_media":0,"template":"","meta":{"content-type":"","_monsterinsights_skip_tracking":false,"_monsterinsights_sitenote_active":false,"_monsterinsights_sitenote_note":"","_monsterinsights_sitenote_category":0},"product_brand":[],"product_cat":[1705],"product_tag":[],"brand":[],"target-group":[],"discontinued":[],"class_list":{"0":"post-1032377","1":"product","2":"type-product","3":"status-publish","5":"product_cat-bruder-leker","7":"first","8":"instock","9":"taxable","10":"shipping-taxable","11":"product-type-simple"},"aioseo_notices":[],"_links":{"self":[{"href":"https:\/\/games.tactic.net\/no\/wp-json\/wp\/v2\/product\/1032377","targetHints":{"allow":["GET"]}}],"collection":[{"href":"https:\/\/games.tactic.net\/no\/wp-json\/wp\/v2\/product"}],"about":[{"href":"https:\/\/games.tactic.net\/no\/wp-json\/wp\/v2\/types\/product"}],"wp:attachment":[{"href":"https:\/\/games.tactic.net\/no\/wp-json\/wp\/v2\/media?parent=1032377"}],"wp:term":[{"taxonomy":"product_brand","embeddable":true,"href":"https:\/\/games.tactic.net\/no\/wp-json\/wp\/v2\/product_brand?post=1032377"},{"taxonomy":"product_cat","embeddable":true,"href":"https:\/\/games.tactic.net\/no\/wp-json\/wp\/v2\/product_cat?post=1032377"},{"taxonomy":"product_tag","embeddable":true,"href":"https:\/\/games.tactic.net\/no\/wp-json\/wp\/v2\/product_tag?post=1032377"},{"taxonomy":"brand","embeddable":true,"href":"https:\/\/games.tactic.net\/no\/wp-json\/wp\/v2\/brand?post=1032377"},{"taxonomy":"target-group","embeddable":true,"href":"https:\/\/games.tactic.net\/no\/wp-json\/wp\/v2\/target-group?post=1032377"},{"taxonomy":"discontinued","embeddable":true,"href":"https:\/\/games.tactic.net\/no\/wp-json\/wp\/v2\/discontinued?post=1032377"}],"curies":[{"name":"wp","href":"https:\/\/api.w.org\/{rel}","templated":true}]}}