{"id":53983,"date":"2020-03-04T09:50:45","date_gmt":"2020-03-04T07:50:45","guid":{"rendered":"https:\/\/dev.tactic.net\/tactic\/vastuullisuus\/"},"modified":"2024-02-02T07:29:39","modified_gmt":"2024-02-02T05:29:39","slug":"ansvarlighet","status":"publish","type":"page","link":"https:\/\/games.tactic.net\/no\/tactic\/ansvarlighet\/","title":{"rendered":"Ansvarlighet"},"content":{"rendered":"\t\t<div data-elementor-type=\"wp-page\" data-elementor-id=\"53983\" class=\"elementor elementor-53983 elementor-11078\" data-elementor-post-type=\"page\">\n\t\t\t\t\t\t<section class=\"elementor-section elementor-top-section elementor-element elementor-element-229fd3d elementor-section-boxed elementor-section-height-default elementor-section-height-default\" data-id=\"229fd3d\" data-element_type=\"section\" data-e-type=\"section\">\n\t\t\t\t\t\t<div class=\"elementor-container elementor-column-gap-default\">\n\t\t\t\t\t<div class=\"elementor-column elementor-col-100 elementor-top-column elementor-element elementor-element-46bc73b\" data-id=\"46bc73b\" data-element_type=\"column\" data-e-type=\"column\">\n\t\t\t<div class=\"elementor-widget-wrap elementor-element-populated\">\n\t\t\t\t\t\t<div class=\"elementor-element elementor-element-299b429 elementor-widget elementor-widget-heading\" data-id=\"299b429\" data-element_type=\"widget\" data-e-type=\"widget\" data-widget_type=\"heading.default\">\n\t\t\t\t<div class=\"elementor-widget-container\">\n\t\t\t\t\t<h2 class=\"elementor-heading-title elementor-size-default\">Ansvarlighet<\/h2>\t\t\t\t<\/div>\n\t\t\t\t<\/div>\n\t\t\t\t\t<\/div>\n\t\t<\/div>\n\t\t\t\t\t<\/div>\n\t\t<\/section>\n\t\t\t\t<section class=\"elementor-section elementor-top-section elementor-element elementor-element-fdf30dd elementor-section-boxed elementor-section-height-default elementor-section-height-default\" data-id=\"fdf30dd\" data-element_type=\"section\" data-e-type=\"section\">\n\t\t\t\t\t\t<div class=\"elementor-container elementor-column-gap-default\">\n\t\t\t\t\t<div class=\"elementor-column elementor-col-100 elementor-top-column elementor-element elementor-element-8eb66dc\" data-id=\"8eb66dc\" data-element_type=\"column\" data-e-type=\"column\">\n\t\t\t<div class=\"elementor-widget-wrap elementor-element-populated\">\n\t\t\t\t\t\t<div class=\"elementor-element elementor-element-a4bab3a elementor-widget elementor-widget-heading\" data-id=\"a4bab3a\" data-element_type=\"widget\" data-e-type=\"widget\" data-widget_type=\"heading.default\">\n\t\t\t\t<div class=\"elementor-widget-container\">\n\t\t\t\t\t<h1 class=\"elementor-heading-title elementor-size-default\">Den mest \u00f8kologiske spillprodusenten i Norden.<\/h1>\t\t\t\t<\/div>\n\t\t\t\t<\/div>\n\t\t\t\t\t<\/div>\n\t\t<\/div>\n\t\t\t\t\t<\/div>\n\t\t<\/section>\n\t\t\t\t<section class=\"elementor-section elementor-top-section elementor-element elementor-element-3107b84 elementor-section-boxed elementor-section-height-default elementor-section-height-default\" data-id=\"3107b84\" data-element_type=\"section\" data-e-type=\"section\">\n\t\t\t\t\t\t<div class=\"elementor-container elementor-column-gap-default\">\n\t\t\t\t\t<div class=\"elementor-column elementor-col-100 elementor-top-column elementor-element elementor-element-06565f9\" data-id=\"06565f9\" data-element_type=\"column\" data-e-type=\"column\">\n\t\t\t<div class=\"elementor-widget-wrap elementor-element-populated\">\n\t\t\t\t\t\t<div class=\"elementor-element elementor-element-7ec8949 elementor-widget elementor-widget-text-editor\" data-id=\"7ec8949\" data-element_type=\"widget\" data-e-type=\"widget\" data-widget_type=\"text-editor.default\">\n\t\t\t\t<div class=\"elementor-widget-container\">\n\t\t\t\t\t\t\t\t\t<p>Ansvarlighet betyr konkrete handlinger helt fra spillfabrikken til spillebordet. Vi er stolte av den h\u00f8ye nordiske kvalitetsstandarden v\u00e5r, ekspertkunnskapen v\u00e5r og v\u00e5rt ansvarsfulle standpunkt i milj\u00f8sp\u00f8rsm\u00e5l.<\/p><p>Finsk design er laget for \u00e5 t\u00e5le b\u00e5de tid og bruk. Dette gjelder ogs\u00e5 spillene og lekene v\u00e5re. Vi bruker mye resirkulert papp og plast i produksjonen. Helt fra planleggingsfasen har vi som m\u00e5l \u00e5 redusere bruken av plastfolie, for eksempel i emballasje og kortstokker. Med egen produksjon sikrer vi sporbarhet av alle materialer. Vi passer ogs\u00e5 n\u00f8ye p\u00e5 karbonavtrykket v\u00e5rt, og vi kan garantere rask og sikker levering direkte fra lageret i Pori i Finland.<\/p><p>V\u00e5re etiske prinsipper inneb\u00e6rer en sv\u00e6rt ansvarlig holdning til milj\u00f8, produksjon, teknisk kvalitet, medmenneskelighet og v\u00e5re ansatte. Vi har mer enn hundre ansatte, og som ansvarsbevisst arbeidsgiver er vi opptatt av kvaliteten p\u00e5 b\u00e5de produktene og arbeidsforholdene. Alle underleverand\u00f8rene v\u00e5re og hele forsyningskjeden forplikter seg til v\u00e5re kompromissl\u00f8se etiske prinsipper.<\/p><p>Vi er stolte av samarbeidsprosjektene vi gjennomf\u00f8rer med lokale virksomheter. Vi er sterkere sammen.<\/p><p>\u00a0<\/p><p>\u00a0<\/p>\t\t\t\t\t\t\t\t<\/div>\n\t\t\t\t<\/div>\n\t\t\t\t<div class=\"elementor-element elementor-element-928ca0a elementor-widget-divider--view-line elementor-widget elementor-widget-divider\" data-id=\"928ca0a\" data-element_type=\"widget\" data-e-type=\"widget\" data-widget_type=\"divider.default\">\n\t\t\t\t<div class=\"elementor-widget-container\">\n\t\t\t\t\t\t\t<div class=\"elementor-divider\">\n\t\t\t<span class=\"elementor-divider-separator\">\n\t\t\t\t\t\t<\/span>\n\t\t<\/div>\n\t\t\t\t\t\t<\/div>\n\t\t\t\t<\/div>\n\t\t\t\t\t<\/div>\n\t\t<\/div>\n\t\t\t\t\t<\/div>\n\t\t<\/section>\n\t\t\t\t<section class=\"elementor-section elementor-top-section elementor-element elementor-element-a9e4ce1 elementor-section-boxed elementor-section-height-default elementor-section-height-default\" data-id=\"a9e4ce1\" data-element_type=\"section\" data-e-type=\"section\">\n\t\t\t\t\t\t<div class=\"elementor-container elementor-column-gap-default\">\n\t\t\t\t\t<div class=\"elementor-column elementor-col-33 elementor-top-column elementor-element elementor-element-a118fa7\" data-id=\"a118fa7\" data-element_type=\"column\" data-e-type=\"column\">\n\t\t\t<div class=\"elementor-widget-wrap elementor-element-populated\">\n\t\t\t\t\t\t<div class=\"elementor-element elementor-element-60c7337 elementor-widget elementor-widget-image\" data-id=\"60c7337\" data-element_type=\"widget\" data-e-type=\"widget\" data-widget_type=\"image.default\">\n\t\t\t\t<div class=\"elementor-widget-container\">\n\t\t\t\t\t\t\t\t\t\t\t\t\t\t\t<img decoding=\"async\" width=\"140\" height=\"200\" src=\"https:\/\/games.tactic.net\/wp-content\/uploads\/2020\/03\/avainlippu.png\" class=\"attachment-medium size-medium wp-image-11096\" alt=\"\" \/>\t\t\t\t\t\t\t\t\t\t\t\t\t\t\t<\/div>\n\t\t\t\t<\/div>\n\t\t\t\t\t<\/div>\n\t\t<\/div>\n\t\t\t\t<div class=\"elementor-column elementor-col-66 elementor-top-column elementor-element elementor-element-7a0fb4e\" data-id=\"7a0fb4e\" data-element_type=\"column\" data-e-type=\"column\">\n\t\t\t<div class=\"elementor-widget-wrap elementor-element-populated\">\n\t\t\t\t\t\t<div class=\"elementor-element elementor-element-8e2ef6c elementor-widget elementor-widget-text-editor\" data-id=\"8e2ef6c\" data-element_type=\"widget\" data-e-type=\"widget\" data-widget_type=\"text-editor.default\">\n\t\t\t\t<div class=\"elementor-widget-container\">\n\t\t\t\t\t\t\t\t\t<p><strong>Laget i Finland<\/strong><\/p><p>Det finske n\u00f8kkelflaggsymbolet inviterer deg til \u00e5 tenke p\u00e5 hva du kj\u00f8per. \u00c5 kj\u00f8pe et produkt laget i Finland er et etisk, \u00f8kologisk og ansvarlig valg. Brettspillene v\u00e5re er utviklet av finske eksperter og produsert i v\u00e5r egen fabrikk i Pori i Finland. Produkter laget i Finland har langt st\u00f8rre \u00e5penhet enn de som er produsert i land med billig arbeidskraft. Valget ditt betyr noe \u2013 spill rettferdig med finnene!<\/p><p>Les mer! <a href=\"https:\/\/suomalainentyo.fi\/sv\/\" target=\"_blank\" rel=\"noopener\">&gt;&gt;&gt; suomalainentyo.fi\/sv<\/a><\/p>\t\t\t\t\t\t\t\t<\/div>\n\t\t\t\t<\/div>\n\t\t\t\t\t<\/div>\n\t\t<\/div>\n\t\t\t\t\t<\/div>\n\t\t<\/section>\n\t\t\t\t<section class=\"elementor-section elementor-top-section elementor-element elementor-element-a471799 elementor-section-boxed elementor-section-height-default elementor-section-height-default\" data-id=\"a471799\" data-element_type=\"section\" data-e-type=\"section\">\n\t\t\t\t\t\t<div class=\"elementor-container elementor-column-gap-default\">\n\t\t\t\t\t<div class=\"elementor-column elementor-col-100 elementor-top-column elementor-element elementor-element-c49e79f\" data-id=\"c49e79f\" data-element_type=\"column\" data-e-type=\"column\">\n\t\t\t<div class=\"elementor-widget-wrap elementor-element-populated\">\n\t\t\t\t\t\t<div class=\"elementor-element elementor-element-37d62ab elementor-widget-divider--view-line elementor-widget elementor-widget-divider\" data-id=\"37d62ab\" data-element_type=\"widget\" data-e-type=\"widget\" data-widget_type=\"divider.default\">\n\t\t\t\t<div class=\"elementor-widget-container\">\n\t\t\t\t\t\t\t<div class=\"elementor-divider\">\n\t\t\t<span class=\"elementor-divider-separator\">\n\t\t\t\t\t\t<\/span>\n\t\t<\/div>\n\t\t\t\t\t\t<\/div>\n\t\t\t\t<\/div>\n\t\t\t\t<div class=\"elementor-element elementor-element-587e1ba elementor-grid-3 elementor-grid-tablet-2 elementor-grid-mobile-1 elementor-posts--thumbnail-top elementor-widget elementor-widget-posts\" data-id=\"587e1ba\" data-element_type=\"widget\" data-e-type=\"widget\" data-settings=\"{&quot;classic_columns&quot;:&quot;3&quot;,&quot;classic_columns_tablet&quot;:&quot;2&quot;,&quot;classic_columns_mobile&quot;:&quot;1&quot;,&quot;classic_row_gap&quot;:{&quot;unit&quot;:&quot;px&quot;,&quot;size&quot;:35,&quot;sizes&quot;:[]},&quot;classic_row_gap_tablet&quot;:{&quot;unit&quot;:&quot;px&quot;,&quot;size&quot;:&quot;&quot;,&quot;sizes&quot;:[]},&quot;classic_row_gap_mobile&quot;:{&quot;unit&quot;:&quot;px&quot;,&quot;size&quot;:&quot;&quot;,&quot;sizes&quot;:[]}}\" data-widget_type=\"posts.classic\">\n\t\t\t\t<div class=\"elementor-widget-container\">\n\t\t\t\t\t\t\t<div class=\"elementor-posts-container elementor-posts elementor-posts--skin-classic elementor-grid\" role=\"list\">\n\t\t\t\t<article class=\"elementor-post elementor-grid-item post-1356442 post type-post status-publish format-standard has-post-thumbnail hentry category-nyheter tag-ansvarlig\" role=\"listitem\">\n\t\t\t\t<a class=\"elementor-post__thumbnail__link\" href=\"https:\/\/games.tactic.net\/no\/tactic-erobrer-verden-pa-en-ansvarlig-mate\/\" tabindex=\"-1\" >\n\t\t\t<div class=\"elementor-post__thumbnail\"><img decoding=\"async\" width=\"300\" height=\"155\" src=\"https:\/\/games.tactic.net\/wp-content\/uploads\/2023\/11\/Vastuullisuus_webbanneri2-300x155.jpg\" class=\"attachment-medium size-medium wp-image-1356426\" alt=\"\" srcset=\"https:\/\/games.tactic.net\/wp-content\/uploads\/2023\/11\/Vastuullisuus_webbanneri2-300x155.jpg 300w, https:\/\/games.tactic.net\/wp-content\/uploads\/2023\/11\/Vastuullisuus_webbanneri2-768x397.jpg 768w, https:\/\/games.tactic.net\/wp-content\/uploads\/2023\/11\/Vastuullisuus_webbanneri2-600x310.jpg 600w, https:\/\/games.tactic.net\/wp-content\/uploads\/2023\/11\/Vastuullisuus_webbanneri2.jpg 900w\" sizes=\"(max-width: 300px) 100vw, 300px\" \/><\/div>\n\t\t<\/a>\n\t\t\t\t<div class=\"elementor-post__text\">\n\t\t\t\t<h3 class=\"elementor-post__title\">\n\t\t\t<a href=\"https:\/\/games.tactic.net\/no\/tactic-erobrer-verden-pa-en-ansvarlig-mate\/\" >\n\t\t\t\tTactic erobrer verden p\u00e5 en ansvarlig m\u00e5te\t\t\t<\/a>\n\t\t<\/h3>\n\t\t\t\t<div class=\"elementor-post__meta-data\">\n\t\t\t\t\t<span class=\"elementor-post-date\">\n\t\t\t28. november 2023\t\t<\/span>\n\t\t\t\t<\/div>\n\t\t\t\t<div class=\"elementor-post__excerpt\">\n\t\t\t<p>Ansvar er en stigende trend, men det finske spill- og leket\u00f8yselskapet Tactic har forpliktet seg til ansvar siden starten. Alle Tactic-produkter er ikke bare underholdende, men ogs\u00e5 b\u00e6rekraftig produsert. Tactic planlegger \u00e5 fortsette \u00e5 investere i b\u00e6rekraftig utvikling og er klar til \u00e5 investere i nyere, gr\u00f8nnere teknologi. La oss ta en titt p\u00e5 hvordan verdens mest ansvarlige spillprodukter lages p\u00e5 Tactics fabrikk i Pori, Finland.<\/p>\n\t\t<\/div>\n\t\t\n\t\t<a class=\"elementor-post__read-more\" href=\"https:\/\/games.tactic.net\/no\/tactic-erobrer-verden-pa-en-ansvarlig-mate\/\" aria-label=\"Read more about Tactic erobrer verden p\u00e5 en ansvarlig m\u00e5te\" tabindex=\"-1\" >\n\t\t\tLes mer \u00bb\t\t<\/a>\n\n\t\t\t\t<\/div>\n\t\t\t\t<\/article>\n\t\t\t\t<article class=\"elementor-post elementor-grid-item post-1355056 post type-post status-publish format-standard has-post-thumbnail hentry category-nyheter tag-ansvarlig\" role=\"listitem\">\n\t\t\t\t<a class=\"elementor-post__thumbnail__link\" href=\"https:\/\/games.tactic.net\/no\/tactic-styres-av-familiebedriftens-verdier\/\" tabindex=\"-1\" >\n\t\t\t<div class=\"elementor-post__thumbnail\"><img decoding=\"async\" width=\"300\" height=\"155\" src=\"https:\/\/games.tactic.net\/wp-content\/uploads\/2023\/11\/Vastuullisuus_webbanneri_FI-300x155.jpg\" class=\"attachment-medium size-medium wp-image-1343983\" alt=\"\" srcset=\"https:\/\/games.tactic.net\/wp-content\/uploads\/2023\/11\/Vastuullisuus_webbanneri_FI-300x155.jpg 300w, https:\/\/games.tactic.net\/wp-content\/uploads\/2023\/11\/Vastuullisuus_webbanneri_FI-768x397.jpg 768w, https:\/\/games.tactic.net\/wp-content\/uploads\/2023\/11\/Vastuullisuus_webbanneri_FI-600x310.jpg 600w, https:\/\/games.tactic.net\/wp-content\/uploads\/2023\/11\/Vastuullisuus_webbanneri_FI.jpg 900w\" sizes=\"(max-width: 300px) 100vw, 300px\" \/><\/div>\n\t\t<\/a>\n\t\t\t\t<div class=\"elementor-post__text\">\n\t\t\t\t<h3 class=\"elementor-post__title\">\n\t\t\t<a href=\"https:\/\/games.tactic.net\/no\/tactic-styres-av-familiebedriftens-verdier\/\" >\n\t\t\t\tTactic styres av familiebedriftens verdier\t\t\t<\/a>\n\t\t<\/h3>\n\t\t\t\t<div class=\"elementor-post__meta-data\">\n\t\t\t\t\t<span class=\"elementor-post-date\">\n\t\t\t8. november 2023\t\t<\/span>\n\t\t\t\t<\/div>\n\t\t\t\t<div class=\"elementor-post__excerpt\">\n\t\t\t<p>Tactic er en familiebedrift fra Pori i Finland og deres innovative og fengslende brettspill er elsket over hele verden. I et halvt \u00e5rhundre har Tactics fabrikk i Pori produsert produkter som bringer mennesker sammen for \u00e5 nyte felles \u00f8yeblikk. La oss dykke inn i hjertet av spillfabrikken for \u00e5 h\u00f8re tankene til Tactic-ansatte om \u00e5 v\u00e6re finsk, ansvar og viktigheten av spill.<\/p>\n\t\t<\/div>\n\t\t\n\t\t<a class=\"elementor-post__read-more\" href=\"https:\/\/games.tactic.net\/no\/tactic-styres-av-familiebedriftens-verdier\/\" aria-label=\"Read more about Tactic styres av familiebedriftens verdier\" tabindex=\"-1\" >\n\t\t\tLes mer \u00bb\t\t<\/a>\n\n\t\t\t\t<\/div>\n\t\t\t\t<\/article>\n\t\t\t\t<article class=\"elementor-post elementor-grid-item post-747037 post type-post status-publish format-standard has-post-thumbnail hentry category-nyheter tag-ansvarlig\" role=\"listitem\">\n\t\t\t\t<a class=\"elementor-post__thumbnail__link\" href=\"https:\/\/games.tactic.net\/no\/moder-jord\/\" tabindex=\"-1\" >\n\t\t\t<div class=\"elementor-post__thumbnail\"><img loading=\"lazy\" decoding=\"async\" width=\"300\" height=\"200\" src=\"https:\/\/games.tactic.net\/wp-content\/uploads\/2023\/04\/MotherEarth_thumb_NO-300x200.jpg\" class=\"attachment-medium size-medium wp-image-747039\" alt=\"\" srcset=\"https:\/\/games.tactic.net\/wp-content\/uploads\/2023\/04\/MotherEarth_thumb_NO-300x200.jpg 300w, https:\/\/games.tactic.net\/wp-content\/uploads\/2023\/04\/MotherEarth_thumb_NO-768x513.jpg 768w, https:\/\/games.tactic.net\/wp-content\/uploads\/2023\/04\/MotherEarth_thumb_NO-600x401.jpg 600w, https:\/\/games.tactic.net\/wp-content\/uploads\/2023\/04\/MotherEarth_thumb_NO.jpg 800w\" sizes=\"(max-width: 300px) 100vw, 300px\" \/><\/div>\n\t\t<\/a>\n\t\t\t\t<div class=\"elementor-post__text\">\n\t\t\t\t<h3 class=\"elementor-post__title\">\n\t\t\t<a href=\"https:\/\/games.tactic.net\/no\/moder-jord\/\" >\n\t\t\t\t\u00c5 spille Moder Jord er bra for milj\u00f8et!\t\t\t<\/a>\n\t\t<\/h3>\n\t\t\t\t<div class=\"elementor-post__meta-data\">\n\t\t\t\t\t<span class=\"elementor-post-date\">\n\t\t\t21. april 2023\t\t<\/span>\n\t\t\t\t<\/div>\n\t\t\t\t<div class=\"elementor-post__excerpt\">\n\t\t\t<p>Lansering i h\u00f8st. Moder jord er et underholdende nytt sp\u00f8rre-spill sentrert rundt helsen til milj\u00f8et v\u00e5rt. H\u00f8sten 2023 er Moder jord et aktuell sp\u00f8rre-spill fullt<\/p>\n\t\t<\/div>\n\t\t\n\t\t<a class=\"elementor-post__read-more\" href=\"https:\/\/games.tactic.net\/no\/moder-jord\/\" aria-label=\"Read more about \u00c5 spille Moder Jord er bra for milj\u00f8et!\" tabindex=\"-1\" >\n\t\t\tLes mer \u00bb\t\t<\/a>\n\n\t\t\t\t<\/div>\n\t\t\t\t<\/article>\n\t\t\t\t<\/div>\n\t\t\n\t\t\t\t\t\t<\/div>\n\t\t\t\t<\/div>\n\t\t\t\t<div class=\"elementor-element elementor-element-9bb035f elementor-widget-divider--view-line elementor-widget elementor-widget-divider\" data-id=\"9bb035f\" data-element_type=\"widget\" data-e-type=\"widget\" data-widget_type=\"divider.default\">\n\t\t\t\t<div class=\"elementor-widget-container\">\n\t\t\t\t\t\t\t<div class=\"elementor-divider\">\n\t\t\t<span class=\"elementor-divider-separator\">\n\t\t\t\t\t\t<\/span>\n\t\t<\/div>\n\t\t\t\t\t\t<\/div>\n\t\t\t\t<\/div>\n\t\t\t\t\t<\/div>\n\t\t<\/div>\n\t\t\t\t\t<\/div>\n\t\t<\/section>\n\t\t\t\t<section class=\"elementor-section elementor-top-section elementor-element elementor-element-6164b06 elementor-section-boxed elementor-section-height-default elementor-section-height-default\" data-id=\"6164b06\" data-element_type=\"section\" data-e-type=\"section\">\n\t\t\t\t\t\t<div class=\"elementor-container elementor-column-gap-default\">\n\t\t\t\t\t<div class=\"elementor-column elementor-col-100 elementor-top-column elementor-element elementor-element-18df893\" data-id=\"18df893\" data-element_type=\"column\" data-e-type=\"column\">\n\t\t\t<div class=\"elementor-widget-wrap elementor-element-populated\">\n\t\t\t\t\t\t<div class=\"elementor-element elementor-element-8dd9d3e elementor-widget elementor-widget-heading\" data-id=\"8dd9d3e\" data-element_type=\"widget\" data-e-type=\"widget\" data-widget_type=\"heading.default\">\n\t\t\t\t<div class=\"elementor-widget-container\">\n\t\t\t\t\t<h1 class=\"elementor-heading-title elementor-size-default\">Menneskene bak spillene<\/h1>\t\t\t\t<\/div>\n\t\t\t\t<\/div>\n\t\t\t\t\t<\/div>\n\t\t<\/div>\n\t\t\t\t\t<\/div>\n\t\t<\/section>\n\t\t\t\t<section class=\"elementor-section elementor-top-section elementor-element elementor-element-414e36a elementor-section-boxed elementor-section-height-default elementor-section-height-default\" data-id=\"414e36a\" data-element_type=\"section\" data-e-type=\"section\">\n\t\t\t\t\t\t<div class=\"elementor-container elementor-column-gap-default\">\n\t\t\t\t\t<div class=\"elementor-column elementor-col-100 elementor-top-column elementor-element elementor-element-79fa9ec\" data-id=\"79fa9ec\" data-element_type=\"column\" data-e-type=\"column\">\n\t\t\t<div class=\"elementor-widget-wrap elementor-element-populated\">\n\t\t\t\t\t\t<div class=\"elementor-element elementor-element-c11975f elementor-skin-carousel elementor-arrows-yes elementor-pagination-type-bullets elementor-pagination-position-outside elementor-widget elementor-widget-media-carousel\" data-id=\"c11975f\" data-element_type=\"widget\" data-e-type=\"widget\" data-settings=\"{&quot;skin&quot;:&quot;carousel&quot;,&quot;effect&quot;:&quot;slide&quot;,&quot;show_arrows&quot;:&quot;yes&quot;,&quot;pagination&quot;:&quot;bullets&quot;,&quot;speed&quot;:500,&quot;loop&quot;:&quot;yes&quot;,&quot;space_between&quot;:{&quot;unit&quot;:&quot;px&quot;,&quot;size&quot;:10,&quot;sizes&quot;:[]},&quot;space_between_tablet&quot;:{&quot;unit&quot;:&quot;px&quot;,&quot;size&quot;:10,&quot;sizes&quot;:[]},&quot;space_between_mobile&quot;:{&quot;unit&quot;:&quot;px&quot;,&quot;size&quot;:10,&quot;sizes&quot;:[]}}\" data-widget_type=\"media-carousel.default\">\n\t\t\t\t<div class=\"elementor-widget-container\">\n\t\t\t\t\t\t\t\t\t<div class=\"elementor-swiper\">\n\t\t\t\t\t<div class=\"elementor-main-swiper swiper\" role=\"region\" aria-roledescription=\"carousel\" aria-label=\"Slides\">\n\t\t\t\t<div class=\"swiper-wrapper\">\n\t\t\t\t\t\t\t\t\t\t\t<div class=\"swiper-slide\" role=\"group\" aria-roledescription=\"slide\">\n\t\t\t\t\t\t\t<a href=\"https:\/\/games.tactic.net\/wp-content\/uploads\/2020\/04\/Tactic_henkil\u00f6kunta_2017_2-1024x746-1.jpg\" data-elementor-open-lightbox=\"yes\" data-elementor-lightbox-slideshow=\"c11975f\" data-e-action-hash=\"#elementor-action%3Aaction%3Dlightbox%26settings%3DeyJpZCI6NDY2MzQsInVybCI6Imh0dHBzOlwvXC9nYW1lcy50YWN0aWMubmV0XC93cC1jb250ZW50XC91cGxvYWRzXC8yMDIwXC8wNFwvVGFjdGljX2hlbmtpbFx1MDBmNmt1bnRhXzIwMTdfMi0xMDI0eDc0Ni0xLmpwZyIsInNsaWRlc2hvdyI6ImMxMTk3NWYifQ%3D%3D\">\t\t<div class=\"elementor-carousel-image\" role=\"img\" aria-label=\"Tactic_henkil\u00f6kunta_2017_2-1024x746\" style=\"background-image: url(&#039;https:\/\/games.tactic.net\/wp-content\/uploads\/2020\/04\/Tactic_henkil\u00f6kunta_2017_2-1024x746-1.jpg&#039;)\">\n\n\t\t\t\n\t\t\t\t\t<\/div>\n\t\t<\/a>\t\t\t\t\t\t<\/div>\n\t\t\t\t\t\t\t\t\t\t\t<div class=\"swiper-slide\" role=\"group\" aria-roledescription=\"slide\">\n\t\t\t\t\t\t\t<a href=\"https:\/\/games.tactic.net\/wp-content\/uploads\/2020\/02\/ihmisetpelientakana.png\" data-elementor-open-lightbox=\"yes\" data-elementor-lightbox-slideshow=\"c11975f\" data-e-action-hash=\"#elementor-action%3Aaction%3Dlightbox%26settings%3DeyJpZCI6MTAzOTgsInVybCI6Imh0dHBzOlwvXC9nYW1lcy50YWN0aWMubmV0XC93cC1jb250ZW50XC91cGxvYWRzXC8yMDIwXC8wMlwvaWhtaXNldHBlbGllbnRha2FuYS5wbmciLCJzbGlkZXNob3ciOiJjMTE5NzVmIn0%3D\" data-elementor-lightbox-video=\"https:\/\/www.youtube.com\/embed\/sRlEAAN1QXw?feature=oembed&amp;autoplay=1&amp;rel=0&amp;controls=0\">\t\t<div class=\"elementor-carousel-image\" role=\"img\" aria-label=\"Ihmiset pelien takana\" style=\"background-image: url(&#039;https:\/\/games.tactic.net\/wp-content\/uploads\/2020\/02\/ihmisetpelientakana.png&#039;)\">\n\n\t\t\t\n\t\t\t\t\t\t\t<div class=\"elementor-custom-embed-play\">\n\t\t\t\t\t<i aria-hidden=\"true\" class=\"eicon-play\"><\/i>\t\t\t\t\t<span class=\"elementor-screen-only\">Play<\/span>\n\t\t\t\t<\/div>\n\t\t\t\t\t<\/div>\n\t\t<\/a>\t\t\t\t\t\t<\/div>\n\t\t\t\t\t\t\t\t\t<\/div>\n\t\t\t\t\t\t\t\t\t\t\t\t\t\t\t<div class=\"elementor-swiper-button elementor-swiper-button-prev\" role=\"button\" tabindex=\"0\" aria-label=\"Previous\">\n\t\t\t\t\t\t\t<i aria-hidden=\"true\" class=\"eicon-chevron-left\"><\/i>\t\t\t\t\t\t<\/div>\n\t\t\t\t\t\t<div class=\"elementor-swiper-button elementor-swiper-button-next\" role=\"button\" tabindex=\"0\" aria-label=\"Next\">\n\t\t\t\t\t\t\t<i aria-hidden=\"true\" class=\"eicon-chevron-right\"><\/i>\t\t\t\t\t\t<\/div>\n\t\t\t\t\t\t\t\t\t\t\t\t\t\t\t\t<div class=\"swiper-pagination\"><\/div>\n\t\t\t\t\t\t\t\t\t\t\t\t<\/div>\n\t\t\t\t<\/div>\n\t\t\t\t\t\t\t\t<\/div>\n\t\t\t\t<\/div>\n\t\t\t\t\t<\/div>\n\t\t<\/div>\n\t\t\t\t\t<\/div>\n\t\t<\/section>\n\t\t\t\t<section class=\"elementor-section elementor-top-section elementor-element elementor-element-89ed565 elementor-section-boxed elementor-section-height-default elementor-section-height-default\" data-id=\"89ed565\" data-element_type=\"section\" data-e-type=\"section\">\n\t\t\t\t\t\t<div class=\"elementor-container elementor-column-gap-default\">\n\t\t\t\t\t<div class=\"elementor-column elementor-col-100 elementor-top-column elementor-element elementor-element-3c09338\" data-id=\"3c09338\" data-element_type=\"column\" data-e-type=\"column\">\n\t\t\t<div class=\"elementor-widget-wrap elementor-element-populated\">\n\t\t\t\t\t\t<div class=\"elementor-element elementor-element-78c6999 elementor-widget elementor-widget-spacer\" data-id=\"78c6999\" data-element_type=\"widget\" data-e-type=\"widget\" data-widget_type=\"spacer.default\">\n\t\t\t\t<div class=\"elementor-widget-container\">\n\t\t\t\t\t\t\t<div class=\"elementor-spacer\">\n\t\t\t<div class=\"elementor-spacer-inner\"><\/div>\n\t\t<\/div>\n\t\t\t\t\t\t<\/div>\n\t\t\t\t<\/div>\n\t\t\t\t\t<\/div>\n\t\t<\/div>\n\t\t\t\t\t<\/div>\n\t\t<\/section>\n\t\t\t\t<\/div>\n\t\t","protected":false},"excerpt":{"rendered":"<p>Ansvarlighet Den mest \u00f8kologiske spillprodusenten i Norden. Ansvarlighet betyr konkrete handlinger helt fra spillfabrikken til spillebordet. Vi er stolte av den h\u00f8ye nordiske kvalitetsstandarden v\u00e5r, ekspertkunnskapen v\u00e5r og v\u00e5rt ansvarsfulle standpunkt i milj\u00f8sp\u00f8rsm\u00e5l. Finsk design er laget for \u00e5 t\u00e5le b\u00e5de tid og bruk. Dette gjelder ogs\u00e5 spillene og lekene v\u00e5re. Vi bruker mye resirkulert [&hellip;]<\/p>\n","protected":false},"author":2,"featured_media":0,"parent":53965,"menu_order":2,"comment_status":"closed","ping_status":"closed","template":"","meta":{"content-type":"","_monsterinsights_skip_tracking":false,"_monsterinsights_sitenote_active":false,"_monsterinsights_sitenote_note":"","_monsterinsights_sitenote_category":0,"footnotes":""},"class_list":["post-53983","page","type-page","status-publish","hentry"],"aioseo_notices":[],"_links":{"self":[{"href":"https:\/\/games.tactic.net\/no\/wp-json\/wp\/v2\/pages\/53983","targetHints":{"allow":["GET"]}}],"collection":[{"href":"https:\/\/games.tactic.net\/no\/wp-json\/wp\/v2\/pages"}],"about":[{"href":"https:\/\/games.tactic.net\/no\/wp-json\/wp\/v2\/types\/page"}],"author":[{"embeddable":true,"href":"https:\/\/games.tactic.net\/no\/wp-json\/wp\/v2\/users\/2"}],"replies":[{"embeddable":true,"href":"https:\/\/games.tactic.net\/no\/wp-json\/wp\/v2\/comments?post=53983"}],"version-history":[{"count":13,"href":"https:\/\/games.tactic.net\/no\/wp-json\/wp\/v2\/pages\/53983\/revisions"}],"predecessor-version":[{"id":1358578,"href":"https:\/\/games.tactic.net\/no\/wp-json\/wp\/v2\/pages\/53983\/revisions\/1358578"}],"up":[{"embeddable":true,"href":"https:\/\/games.tactic.net\/no\/wp-json\/wp\/v2\/pages\/53965"}],"wp:attachment":[{"href":"https:\/\/games.tactic.net\/no\/wp-json\/wp\/v2\/media?parent=53983"}],"curies":[{"name":"wp","href":"https:\/\/api.w.org\/{rel}","templated":true}]}}