{"id":53976,"date":"2020-04-09T09:26:12","date_gmt":"2020-04-09T06:26:12","guid":{"rendered":"https:\/\/dev.tactic.net\/tactic\/tapa-toimia\/"},"modified":"2021-01-05T13:47:56","modified_gmt":"2021-01-05T11:47:56","slug":"etiske-retningslinjer","status":"publish","type":"page","link":"https:\/\/games.tactic.net\/no\/tactic\/etiske-retningslinjer\/","title":{"rendered":"Etiske retningslinjer"},"content":{"rendered":"\t\t<div data-elementor-type=\"wp-page\" data-elementor-id=\"53976\" class=\"elementor elementor-53976 elementor-46488\" data-elementor-post-type=\"page\">\n\t\t\t\t\t\t<section class=\"elementor-section elementor-top-section elementor-element elementor-element-74a0cd0 elementor-section-boxed elementor-section-height-default elementor-section-height-default\" data-id=\"74a0cd0\" data-element_type=\"section\" data-e-type=\"section\">\n\t\t\t\t\t\t<div class=\"elementor-container elementor-column-gap-default\">\n\t\t\t\t\t<div class=\"elementor-column elementor-col-100 elementor-top-column elementor-element elementor-element-a911790\" data-id=\"a911790\" data-element_type=\"column\" data-e-type=\"column\">\n\t\t\t<div class=\"elementor-widget-wrap elementor-element-populated\">\n\t\t\t\t\t\t<div class=\"elementor-element elementor-element-5293031 elementor-widget elementor-widget-heading\" data-id=\"5293031\" data-element_type=\"widget\" data-e-type=\"widget\" data-widget_type=\"heading.default\">\n\t\t\t\t<div class=\"elementor-widget-container\">\n\t\t\t\t\t<h2 class=\"elementor-heading-title elementor-size-default\">\nEtiske retningslinjer<\/h2>\t\t\t\t<\/div>\n\t\t\t\t<\/div>\n\t\t\t\t\t<\/div>\n\t\t<\/div>\n\t\t\t\t\t<\/div>\n\t\t<\/section>\n\t\t\t\t<section class=\"elementor-section elementor-top-section elementor-element elementor-element-ebcd2a2 elementor-section-boxed elementor-section-height-default elementor-section-height-default\" data-id=\"ebcd2a2\" data-element_type=\"section\" data-e-type=\"section\">\n\t\t\t\t\t\t<div class=\"elementor-container elementor-column-gap-default\">\n\t\t\t\t\t<div class=\"elementor-column elementor-col-100 elementor-top-column elementor-element elementor-element-ade44e2\" data-id=\"ade44e2\" data-element_type=\"column\" data-e-type=\"column\">\n\t\t\t<div class=\"elementor-widget-wrap elementor-element-populated\">\n\t\t\t\t\t\t<div class=\"elementor-element elementor-element-cb7c951 elementor-widget elementor-widget-heading\" data-id=\"cb7c951\" data-element_type=\"widget\" data-e-type=\"widget\" data-widget_type=\"heading.default\">\n\t\t\t\t<div class=\"elementor-widget-container\">\n\t\t\t\t\t<h1 class=\"elementor-heading-title elementor-size-default\">Vi skaper spill fra hjertet.<\/h1>\t\t\t\t<\/div>\n\t\t\t\t<\/div>\n\t\t\t\t\t<\/div>\n\t\t<\/div>\n\t\t\t\t\t<\/div>\n\t\t<\/section>\n\t\t\t\t<section class=\"elementor-section elementor-top-section elementor-element elementor-element-686c801 elementor-section-boxed elementor-section-height-default elementor-section-height-default\" data-id=\"686c801\" data-element_type=\"section\" data-e-type=\"section\">\n\t\t\t\t\t\t<div class=\"elementor-container elementor-column-gap-default\">\n\t\t\t\t\t<div class=\"elementor-column elementor-col-100 elementor-top-column elementor-element elementor-element-79338bb\" data-id=\"79338bb\" data-element_type=\"column\" data-e-type=\"column\">\n\t\t\t<div class=\"elementor-widget-wrap elementor-element-populated\">\n\t\t\t\t\t\t<div class=\"elementor-element elementor-element-92be930 elementor-widget elementor-widget-text-editor\" data-id=\"92be930\" data-element_type=\"widget\" data-e-type=\"widget\" data-widget_type=\"text-editor.default\">\n\t\t\t\t<div class=\"elementor-widget-container\">\n\t\t\t\t\t\t\t\t\t<p>De styrende prinsippene i Tactic har v\u00e6rt de samme helt fra begynnelsen. Vi vil fortsatt tilby familier og venner gode stunder sammen som blir til verdifulle minner. Vi skal gj\u00f8re v\u00e5rt ytterste for \u00e5 produsere livlige finske spill- og leket\u00f8ysprodukter langt inn i fremtiden.<\/p><p>Vi lager kvalitetsprodukter med et stort hjerte, akkurat som om vi laget dem til v\u00e5re egne familier. Det er viktigere enn noensinne \u00e5 tilbringe kvalitetstid med v\u00e5re kj\u00e6re. Derfor er produksjonsprosessen v\u00e5r basert p\u00e5 ansvarlighet og en etisk og milj\u00f8fokusert tankegang.<\/p><p>V\u00e5re finske r\u00f8tter er viktige for oss. Vi er stolte av at de aller fleste av produktene v\u00e5re skapes i Finland og alle brettspillene produseres i Pori i Finland. Vi er en betydelig arbeidsgiver og en n\u00f8kkelakt\u00f8r i \u00e5 bygge konkurranseevne i regionen.<\/p>\t\t\t\t\t\t\t\t<\/div>\n\t\t\t\t<\/div>\n\t\t\t\t\t<\/div>\n\t\t<\/div>\n\t\t\t\t\t<\/div>\n\t\t<\/section>\n\t\t\t\t<section class=\"elementor-section elementor-top-section elementor-element elementor-element-5fc610e elementor-section-boxed elementor-section-height-default elementor-section-height-default\" data-id=\"5fc610e\" data-element_type=\"section\" data-e-type=\"section\">\n\t\t\t\t\t\t<div class=\"elementor-container elementor-column-gap-default\">\n\t\t\t\t\t<div class=\"elementor-column elementor-col-100 elementor-top-column elementor-element elementor-element-5ec5ebe\" data-id=\"5ec5ebe\" data-element_type=\"column\" data-e-type=\"column\">\n\t\t\t<div class=\"elementor-widget-wrap elementor-element-populated\">\n\t\t\t\t\t\t<div class=\"elementor-element elementor-element-f0f259e elementor-widget elementor-widget-heading\" data-id=\"f0f259e\" data-element_type=\"widget\" data-e-type=\"widget\" data-widget_type=\"heading.default\">\n\t\t\t\t<div class=\"elementor-widget-container\">\n\t\t\t\t\t<h3 class=\"elementor-heading-title elementor-size-default\">Verdiene f\u00f8rer an<\/h3>\t\t\t\t<\/div>\n\t\t\t\t<\/div>\n\t\t\t\t\t<\/div>\n\t\t<\/div>\n\t\t\t\t\t<\/div>\n\t\t<\/section>\n\t\t\t\t<section class=\"elementor-section elementor-top-section elementor-element elementor-element-ee46874 elementor-section-boxed elementor-section-height-default elementor-section-height-default\" data-id=\"ee46874\" data-element_type=\"section\" data-e-type=\"section\">\n\t\t\t\t\t\t<div class=\"elementor-container elementor-column-gap-default\">\n\t\t\t\t\t<div class=\"elementor-column elementor-col-100 elementor-top-column elementor-element elementor-element-df6751d\" data-id=\"df6751d\" data-element_type=\"column\" data-e-type=\"column\">\n\t\t\t<div class=\"elementor-widget-wrap elementor-element-populated\">\n\t\t\t\t\t\t<div class=\"elementor-element elementor-element-f620978 elementor-widget elementor-widget-text-editor\" data-id=\"f620978\" data-element_type=\"widget\" data-e-type=\"widget\" data-widget_type=\"text-editor.default\">\n\t\t\t\t<div class=\"elementor-widget-container\">\n\t\t\t\t\t\t\t\t\t<p><strong>Positiv<\/strong><br \/>Vi \u00f8nsker \u00e5 spre glede gjennom spillene. Millioner av familier og venner over hele verden samles rundt brettspillene v\u00e5re for \u00e5 tilbringe kvalitetstid sammen.<\/p><p><strong>Sosial<\/strong><br \/>Spill nytes best i godt selskap. Brettspilling utvikler tenking, hukommelse og strategiske ferdigheter hos b\u00e5de store og sm\u00e5 \u2013 og holder dem unna skjermer og display.<\/p><p><strong>Underholdende<\/strong><br \/>Hovedm\u00e5let med spillene v\u00e5re er \u00e5 underholde. Vi vet at vi har lyktes n\u00e5r spillene spilles gang p\u00e5 gang, fra generasjon til generasjon.<\/p><p><strong>\u00c6rlig<\/strong><br \/>Finsk iherdighet \u2013 \u00absisu\u00bb \u2013 og \u00e6rlighet leder vei n\u00e5r vi har med kunder og partnere \u00e5 gj\u00f8re. Vi er harde, men rettferdige. <\/p><p><strong>Ansvarsfull<\/strong><br \/>Vi er en ansvarsfull familiebedrift. \u00d8kologisk tankegang og b\u00e6rekraft er vesentlig i produktene v\u00e5re og hele produksjonskjeden.<\/p>\t\t\t\t\t\t\t\t<\/div>\n\t\t\t\t<\/div>\n\t\t\t\t<div class=\"elementor-element elementor-element-5767b67 elementor-widget elementor-widget-spacer\" data-id=\"5767b67\" data-element_type=\"widget\" data-e-type=\"widget\" data-widget_type=\"spacer.default\">\n\t\t\t\t<div class=\"elementor-widget-container\">\n\t\t\t\t\t\t\t<div class=\"elementor-spacer\">\n\t\t\t<div class=\"elementor-spacer-inner\"><\/div>\n\t\t<\/div>\n\t\t\t\t\t\t<\/div>\n\t\t\t\t<\/div>\n\t\t\t\t\t<\/div>\n\t\t<\/div>\n\t\t\t\t\t<\/div>\n\t\t<\/section>\n\t\t\t\t<\/div>\n\t\t","protected":false},"excerpt":{"rendered":"<p>Etiske retningslinjer Vi skaper spill fra hjertet. De styrende prinsippene i Tactic har v\u00e6rt de samme helt fra begynnelsen. Vi vil fortsatt tilby familier og venner gode stunder sammen som blir til verdifulle minner. Vi skal gj\u00f8re v\u00e5rt ytterste for \u00e5 produsere livlige finske spill- og leket\u00f8ysprodukter langt inn i fremtiden. Vi lager kvalitetsprodukter med [&hellip;]<\/p>\n","protected":false},"author":2,"featured_media":0,"parent":53965,"menu_order":1,"comment_status":"closed","ping_status":"closed","template":"","meta":{"content-type":"","_monsterinsights_skip_tracking":false,"_monsterinsights_sitenote_active":false,"_monsterinsights_sitenote_note":"","_monsterinsights_sitenote_category":0,"footnotes":""},"class_list":["post-53976","page","type-page","status-publish","hentry"],"aioseo_notices":[],"_links":{"self":[{"href":"https:\/\/games.tactic.net\/no\/wp-json\/wp\/v2\/pages\/53976","targetHints":{"allow":["GET"]}}],"collection":[{"href":"https:\/\/games.tactic.net\/no\/wp-json\/wp\/v2\/pages"}],"about":[{"href":"https:\/\/games.tactic.net\/no\/wp-json\/wp\/v2\/types\/page"}],"author":[{"embeddable":true,"href":"https:\/\/games.tactic.net\/no\/wp-json\/wp\/v2\/users\/2"}],"replies":[{"embeddable":true,"href":"https:\/\/games.tactic.net\/no\/wp-json\/wp\/v2\/comments?post=53976"}],"version-history":[{"count":4,"href":"https:\/\/games.tactic.net\/no\/wp-json\/wp\/v2\/pages\/53976\/revisions"}],"predecessor-version":[{"id":53981,"href":"https:\/\/games.tactic.net\/no\/wp-json\/wp\/v2\/pages\/53976\/revisions\/53981"}],"up":[{"embeddable":true,"href":"https:\/\/games.tactic.net\/no\/wp-json\/wp\/v2\/pages\/53965"}],"wp:attachment":[{"href":"https:\/\/games.tactic.net\/no\/wp-json\/wp\/v2\/media?parent=53976"}],"curies":[{"name":"wp","href":"https:\/\/api.w.org\/{rel}","templated":true}]}}