{"id":813314,"date":"2023-09-27T12:33:50","date_gmt":"2023-09-27T09:33:50","guid":{"rendered":"https:\/\/games.tactic.net\/tuote\/lets-learn-numbers\/"},"modified":"2024-01-02T18:09:36","modified_gmt":"2024-01-02T16:09:36","slug":"lets-learn-numbers","status":"publish","type":"product","link":"https:\/\/games.tactic.net\/nl\/tuote\/lets-learn-numbers\/","title":{"rendered":"Tactic Let\u00b4s learn Numbers"},"content":{"rendered":"<p>Apprenons les Chiffres. L\u2019apprentissage des chiffres favorise la curiosit\u00e9 naturelle de l\u2019enfant, et captive durablement son attention. Un jeu simple et agr\u00e9able pour les enfants souhaitant apprendre \u00e0 compter. R\u00e9solvez des calculs simples en pla\u00e7ant les tuiles sur le plateau de jeu. Si vous r\u00e9ussissez tous les exercices, vous aurez la joie de d\u00e9couvrir une illustration au dos du plateau ! Le jeu contient 8 plateaux et 72 exercices de diff\u00e9rents niveaux de difficult\u00e9 \u2013 commencez par apprendre les chiffres et les nombres de 1 \u00e0 12, puis passez progressivement aux calculs simples tels que les additions et les soustractions. Apprenez en vous amusant et d\u00e9veloppez votre app\u00e9tence pour les math\u00e9matiques ! L\u2019apprentissage pr\u00e9scolaire \u00e0 la fa\u00e7on Finnoise : jouons ! La Finlande est mondialement renomm\u00e9e pour son syst\u00e8me \u00e9ducatif de pointe et ses jeux parmi les plus divertissants. Chez Tactic, nous avons combin\u00e9 les deux afin de cr\u00e9er une gamme de jeux \u00e9ducatifs pr\u00e9scolaires de qualit\u00e9. Nos jeux sont d\u00e9velopp\u00e9s en collaboration avec des enseignants Finnois, afin de favoriser le d\u00e9veloppement des capacit\u00e9s cognitives, physiques et \u00e9motionnelles de votre enfant, tout en lui permettant de s\u2019amuser. Ici commence le chemin d\u2019une vie d\u2019apprentissage ! Tous les jeux Tactic sont s\u00fbrs, durables, \u00e9cologiques et \u00e9thiques. Ils sont fabriqu\u00e9s \u00e0 partir de mat\u00e9riaux recycl\u00e9s dans notre usine en Finlande. Contenu : &#8211; 8 cadres pourvus de 9 tuiles d\u00e9tachables &#8211; 4 plateaux recto-verso &#8211; un sac &#8211; la r\u00e8gle du jeu Leeftijd vanaf: 4+ Min. aantal Speler(s): 1+ Spelduur (min): 15 EANcode: 6416739583280<\/p>\n","protected":false},"excerpt":{"rendered":"<p>Apprenons les Chiffres. L\u2019apprentissage des chiffres favorise la curiosit\u00e9 naturelle de l\u2019enfant, et captive durablement son attention. Un jeu simple et agr\u00e9able pour les enfants souhaitant apprendre \u00e0 compter. R\u00e9solvez des calculs simples en pla\u00e7ant les tuiles sur le plateau de jeu. Si vous r\u00e9ussissez tous les exercices, vous aurez la joie de d\u00e9couvrir une [&hellip;]<\/p>\n","protected":false},"featured_media":0,"template":"","meta":{"content-type":"","_monsterinsights_skip_tracking":false,"_monsterinsights_sitenote_active":false,"_monsterinsights_sitenote_note":"","_monsterinsights_sitenote_category":0},"product_brand":[],"product_cat":[399],"product_tag":[1242,401],"brand":[{"id":866,"name":"Let's Learn","slug":"letslearn-nl"}],"target-group":[],"discontinued":[],"class_list":{"0":"post-813314","1":"product","2":"type-product","3":"status-publish","5":"product_cat-educatieve-spellen","6":"product_tag-combinatie-nl","7":"product_tag-educative","8":"brand-letslearn-nl","10":"first","11":"instock","12":"taxable","13":"shipping-taxable","14":"product-type-simple"},"aioseo_notices":[],"_links":{"self":[{"href":"https:\/\/games.tactic.net\/nl\/wp-json\/wp\/v2\/product\/813314","targetHints":{"allow":["GET"]}}],"collection":[{"href":"https:\/\/games.tactic.net\/nl\/wp-json\/wp\/v2\/product"}],"about":[{"href":"https:\/\/games.tactic.net\/nl\/wp-json\/wp\/v2\/types\/product"}],"wp:attachment":[{"href":"https:\/\/games.tactic.net\/nl\/wp-json\/wp\/v2\/media?parent=813314"}],"wp:term":[{"taxonomy":"product_brand","embeddable":true,"href":"https:\/\/games.tactic.net\/nl\/wp-json\/wp\/v2\/product_brand?post=813314"},{"taxonomy":"product_cat","embeddable":true,"href":"https:\/\/games.tactic.net\/nl\/wp-json\/wp\/v2\/product_cat?post=813314"},{"taxonomy":"product_tag","embeddable":true,"href":"https:\/\/games.tactic.net\/nl\/wp-json\/wp\/v2\/product_tag?post=813314"},{"taxonomy":"brand","embeddable":true,"href":"https:\/\/games.tactic.net\/nl\/wp-json\/wp\/v2\/brand?post=813314"},{"taxonomy":"target-group","embeddable":true,"href":"https:\/\/games.tactic.net\/nl\/wp-json\/wp\/v2\/target-group?post=813314"},{"taxonomy":"discontinued","embeddable":true,"href":"https:\/\/games.tactic.net\/nl\/wp-json\/wp\/v2\/discontinued?post=813314"}],"curies":[{"name":"wp","href":"https:\/\/api.w.org\/{rel}","templated":true}]}}