{"id":813187,"date":"2023-09-27T12:33:04","date_gmt":"2023-09-27T09:33:04","guid":{"rendered":"https:\/\/games.tactic.net\/tuote\/lets-learn-letters-and-words\/"},"modified":"2024-01-02T18:09:31","modified_gmt":"2024-01-02T16:09:31","slug":"lets-learn-letters-and-words","status":"publish","type":"product","link":"https:\/\/games.tactic.net\/nl\/tuote\/lets-learn-letters-and-words\/","title":{"rendered":"Tactic Let\u00b4s learn Letters and words"},"content":{"rendered":"<p>Apprenons les Lettres et les Mots D\u00e9couvrir les lettres et les mots entretient la curiosit\u00e9 naturelle de votre enfant, et captive son attention. D\u00e9veloppe tes comp\u00e9tences de lecture et d\u2019\u00e9criture gr\u00e2ce \u00e0 4 jeux amusants et simples comme bonjour ! JEU DE LETTRES \u2013 Apprends les lettres et forme des mots simples, petit \u00e0 petit. Regarde les images et \u00e9p\u00e8le les mots \u00e0 l\u2019aide des plateaux de trois niveaux de difficult\u00e9s. ABC \u2013 Apprends l\u2019alphabet et place les lettres dans le bon ordre. COURSE DES MOTS \u2013 Forme autant de mots que possible en 2 minutes \u00e0 l\u2019aide de 10 tuiles de lettres. Tu re\u00e7ois un point pour chaque lettre utilis\u00e9e, et le joueur avec le plus de points remporte la partie. TOP ! \u2013 Les joueurs prennent des lettres dans le sac et tentent de former des mots de trois lettres ou plus, le plus rapidement possible. Le joueur le plus rapide crie \u201ctop !\u201d Qui sera le premier \u00e0 former trois mots ? L\u2019apprentissage pr\u00e9scolaire \u00e0 la fa\u00e7on Finnoise : jouons ! La Finlande est mondialement renomm\u00e9e pour son syst\u00e8me \u00e9ducatif de pointe et ses jeux parmi les plus divertissants. Chez Tactic, nous avons combin\u00e9 les deux afin de cr\u00e9er une gamme de jeux \u00e9ducatifs pr\u00e9scolaires de qualit\u00e9. Nos jeux sont d\u00e9velopp\u00e9s en collaboration avec des enseignants Finnois, afin de favoriser le d\u00e9veloppement des capacit\u00e9s cognitives, physiques et \u00e9motionnelles de votre enfant, tout en lui permettant de s\u2019amuser. Ici commence le chemin d\u2019une vie d\u2019apprentissage ! Tous les jeux Tactic sont s\u00fbrs, durables, \u00e9cologiques et \u00e9thiques. Ils sont fabriqu\u00e9s \u00e0 partir de mat\u00e9riaux recycl\u00e9s dans notre usine en Finlande. Contenu : &#8211; 8 plateaux de jeu recto-verso &#8211; 99 tuiles de lettres &#8211; 11 tuiles suppl\u00e9mentaires &#8211; 1 sac en tissu &#8211; la r\u00e8gle du je Leeftijd vanaf: 4+ Min. aantal Speler(s): 1+ Spelduur (min): 15 EANcode: 6416739583273<\/p>\n","protected":false},"excerpt":{"rendered":"<p>Apprenons les Lettres et les Mots D\u00e9couvrir les lettres et les mots entretient la curiosit\u00e9 naturelle de votre enfant, et captive son attention. D\u00e9veloppe tes comp\u00e9tences de lecture et d\u2019\u00e9criture gr\u00e2ce \u00e0 4 jeux amusants et simples comme bonjour ! JEU DE LETTRES \u2013 Apprends les lettres et forme des mots simples, petit \u00e0 petit. [&hellip;]<\/p>\n","protected":false},"featured_media":0,"template":"","meta":{"content-type":"","_monsterinsights_skip_tracking":false,"_monsterinsights_sitenote_active":false,"_monsterinsights_sitenote_note":"","_monsterinsights_sitenote_category":0},"product_brand":[],"product_cat":[399],"product_tag":[1242,401],"brand":[{"id":866,"name":"Let's Learn","slug":"letslearn-nl"}],"target-group":[],"discontinued":[],"class_list":{"0":"post-813187","1":"product","2":"type-product","3":"status-publish","5":"product_cat-educatieve-spellen","6":"product_tag-combinatie-nl","7":"product_tag-educative","8":"brand-letslearn-nl","10":"first","11":"outofstock","12":"taxable","13":"shipping-taxable","14":"product-type-simple"},"aioseo_notices":[],"_links":{"self":[{"href":"https:\/\/games.tactic.net\/nl\/wp-json\/wp\/v2\/product\/813187","targetHints":{"allow":["GET"]}}],"collection":[{"href":"https:\/\/games.tactic.net\/nl\/wp-json\/wp\/v2\/product"}],"about":[{"href":"https:\/\/games.tactic.net\/nl\/wp-json\/wp\/v2\/types\/product"}],"wp:attachment":[{"href":"https:\/\/games.tactic.net\/nl\/wp-json\/wp\/v2\/media?parent=813187"}],"wp:term":[{"taxonomy":"product_brand","embeddable":true,"href":"https:\/\/games.tactic.net\/nl\/wp-json\/wp\/v2\/product_brand?post=813187"},{"taxonomy":"product_cat","embeddable":true,"href":"https:\/\/games.tactic.net\/nl\/wp-json\/wp\/v2\/product_cat?post=813187"},{"taxonomy":"product_tag","embeddable":true,"href":"https:\/\/games.tactic.net\/nl\/wp-json\/wp\/v2\/product_tag?post=813187"},{"taxonomy":"brand","embeddable":true,"href":"https:\/\/games.tactic.net\/nl\/wp-json\/wp\/v2\/brand?post=813187"},{"taxonomy":"target-group","embeddable":true,"href":"https:\/\/games.tactic.net\/nl\/wp-json\/wp\/v2\/target-group?post=813187"},{"taxonomy":"discontinued","embeddable":true,"href":"https:\/\/games.tactic.net\/nl\/wp-json\/wp\/v2\/discontinued?post=813187"}],"curies":[{"name":"wp","href":"https:\/\/api.w.org\/{rel}","templated":true}]}}