{"id":813004,"date":"2023-09-27T12:32:08","date_gmt":"2023-09-27T09:32:08","guid":{"rendered":"https:\/\/games.tactic.net\/tuote\/lets-learn-colors-and-shapes\/"},"modified":"2024-01-02T18:09:26","modified_gmt":"2024-01-02T16:09:26","slug":"lets-learn-colors-and-shapes","status":"publish","type":"product","link":"https:\/\/games.tactic.net\/nl\/tuote\/lets-learn-colors-and-shapes\/","title":{"rendered":"Tactic Let\u00b4s learn Colours and shapes"},"content":{"rendered":"<p>Apprenons les Couleurs et les Formes. D\u00e9couvrir les couleurs et les formes entretient la curiosit\u00e9 naturelle de votre enfant, et captive son attention. Plonge dans le monde merveilleux des formes et des couleurs, et apprends \u00e0 les identifier ! Tente de remplir ton plateau de jeu \u00e0 l\u2019aide des formes de la bonne couleur. Le premier joueur \u00e0 placer sa quatri\u00e8me tuile remporte la partie ! Ce jeu aide votre enfant \u00e0 d\u00e9velopper son sens de l\u2019observation ainsi que sa motricit\u00e9 fine. Il n\u2019est jamais trop t\u00f4t pour apprendre ! L\u2019apprentissage pr\u00e9scolaire \u00e0 la fa\u00e7on Finnoise : jouons ! La Finlande est mondialement renomm\u00e9e pour son syst\u00e8me \u00e9ducatif de pointe et ses jeux parmi les plus divertissants. Chez Tactic, nous avons combine les deux afin de cr\u00e9er une gamme de jeux \u00e9ducatifs pr\u00e9scolaires de qualit\u00e9. Nos jeux sont d\u00e9velopp\u00e9s en collaboration avec des enseignants Finnois, afin de favoriser le d\u00e9veloppement des capacit\u00e9s cognitives, physiques et \u00e9motionnelles de votre enfant, tout en lui permettant de s\u2019amuser. Ici commence le chemin d\u2019une vie d\u2019apprentissage ! Tous les jeux Tactic sont s\u00fbrs, durables, \u00e9cologiques et \u00e9thiques. Ils sont fabriqu\u00e9s \u00e0 partir de mat\u00e9riaux recycl\u00e9s dans notre usine en Finlande. Contenu : &#8211; 4 plateaux de jeu -16 tuiles de formes -1 sac &#8211; la r\u00e8gle du jeu Leeftijd vanaf: 3+ EANcode: 6416739583266<\/p>\n","protected":false},"excerpt":{"rendered":"<p>Apprenons les Couleurs et les Formes. D\u00e9couvrir les couleurs et les formes entretient la curiosit\u00e9 naturelle de votre enfant, et captive son attention. Plonge dans le monde merveilleux des formes et des couleurs, et apprends \u00e0 les identifier ! Tente de remplir ton plateau de jeu \u00e0 l\u2019aide des formes de la bonne couleur. Le [&hellip;]<\/p>\n","protected":false},"featured_media":0,"template":"","meta":{"content-type":"","_monsterinsights_skip_tracking":false,"_monsterinsights_sitenote_active":false,"_monsterinsights_sitenote_note":"","_monsterinsights_sitenote_category":0},"product_brand":[],"product_cat":[399],"product_tag":[1242,401],"brand":[{"id":866,"name":"Let's Learn","slug":"letslearn-nl"}],"target-group":[],"discontinued":[],"class_list":{"0":"post-813004","1":"product","2":"type-product","3":"status-publish","5":"product_cat-educatieve-spellen","6":"product_tag-combinatie-nl","7":"product_tag-educative","8":"brand-letslearn-nl","10":"first","11":"instock","12":"taxable","13":"shipping-taxable","14":"product-type-simple"},"aioseo_notices":[],"_links":{"self":[{"href":"https:\/\/games.tactic.net\/nl\/wp-json\/wp\/v2\/product\/813004","targetHints":{"allow":["GET"]}}],"collection":[{"href":"https:\/\/games.tactic.net\/nl\/wp-json\/wp\/v2\/product"}],"about":[{"href":"https:\/\/games.tactic.net\/nl\/wp-json\/wp\/v2\/types\/product"}],"wp:attachment":[{"href":"https:\/\/games.tactic.net\/nl\/wp-json\/wp\/v2\/media?parent=813004"}],"wp:term":[{"taxonomy":"product_brand","embeddable":true,"href":"https:\/\/games.tactic.net\/nl\/wp-json\/wp\/v2\/product_brand?post=813004"},{"taxonomy":"product_cat","embeddable":true,"href":"https:\/\/games.tactic.net\/nl\/wp-json\/wp\/v2\/product_cat?post=813004"},{"taxonomy":"product_tag","embeddable":true,"href":"https:\/\/games.tactic.net\/nl\/wp-json\/wp\/v2\/product_tag?post=813004"},{"taxonomy":"brand","embeddable":true,"href":"https:\/\/games.tactic.net\/nl\/wp-json\/wp\/v2\/brand?post=813004"},{"taxonomy":"target-group","embeddable":true,"href":"https:\/\/games.tactic.net\/nl\/wp-json\/wp\/v2\/target-group?post=813004"},{"taxonomy":"discontinued","embeddable":true,"href":"https:\/\/games.tactic.net\/nl\/wp-json\/wp\/v2\/discontinued?post=813004"}],"curies":[{"name":"wp","href":"https:\/\/api.w.org\/{rel}","templated":true}]}}