{"id":802146,"date":"2023-09-27T08:11:02","date_gmt":"2023-09-27T05:11:02","guid":{"rendered":"https:\/\/games.tactic.net\/tuote\/les-papattes-2\/"},"modified":"2024-01-02T18:50:12","modified_gmt":"2024-01-02T16:50:12","slug":"les-papattes-2","status":"publish","type":"product","link":"https:\/\/games.tactic.net\/nl\/tuote\/les-papattes-2\/","title":{"rendered":"Les Papattes"},"content":{"rendered":"<p>Le soleil chauffe au-dessus des animaux de la savane, la rivi\u00e8re n\u2019est pas tr\u00e8s loin et tous les animaux ont soif. Entre dans la peau d\u2019un animal assoiff\u00e9 le temps d\u2019une partie et approche-toi au plus pr\u00e8s de la rivi\u00e8re sans te faire manger par les crocodiles qu\u2019y s\u2019y cache. Un jeu \u00e0 jouer aussi bien sur l\u2019herbe que sur le sable. Contenu: &#8211; Une boite de transport &#8211; La rivi\u00e8re (1 corde de 3m avec 1 patte de Crocodille \u00e0 chaque bout) &#8211; 4 Papattes de Lou la Z\u00e8bra (Blue) &#8211; 4 Papattes de Tod l\u00b4Elephant (Gris) &#8211; 4 Papattes de Zo\u00e9 la Gazelle (Vert) &#8211; 4 Papattes de Georges le Lion (Orange) &#8211; 4 bananes, les singes farceurs &#8211; R\u00e8gle de jeu Leeftijd vanaf: 6+ Min. aantal Speler(s): 2 Max. aantal Spelers: 4 Spelduur (min): 30 EANcode: 6416739568386<\/p>\n","protected":false},"excerpt":{"rendered":"<p>Le soleil chauffe au-dessus des animaux de la savane, la rivi\u00e8re n\u2019est pas tr\u00e8s loin et tous les animaux ont soif. Entre dans la peau d\u2019un animal assoiff\u00e9 le temps d\u2019une partie et approche-toi au plus pr\u00e8s de la rivi\u00e8re sans te faire manger par les crocodiles qu\u2019y s\u2019y cache. Un jeu \u00e0 jouer aussi [&hellip;]<\/p>\n","protected":false},"featured_media":0,"template":"","meta":{"content-type":"","_monsterinsights_skip_tracking":false,"_monsterinsights_sitenote_active":false,"_monsterinsights_sitenote_note":"","_monsterinsights_sitenote_category":0},"product_brand":[],"product_cat":[1925],"product_tag":[],"brand":[],"target-group":[],"discontinued":[],"class_list":{"0":"post-802146","1":"product","2":"type-product","3":"status-publish","5":"product_cat-andere-buitenspellen","7":"first","8":"outofstock","9":"taxable","10":"shipping-taxable","11":"product-type-simple"},"aioseo_notices":[],"_links":{"self":[{"href":"https:\/\/games.tactic.net\/nl\/wp-json\/wp\/v2\/product\/802146","targetHints":{"allow":["GET"]}}],"collection":[{"href":"https:\/\/games.tactic.net\/nl\/wp-json\/wp\/v2\/product"}],"about":[{"href":"https:\/\/games.tactic.net\/nl\/wp-json\/wp\/v2\/types\/product"}],"wp:attachment":[{"href":"https:\/\/games.tactic.net\/nl\/wp-json\/wp\/v2\/media?parent=802146"}],"wp:term":[{"taxonomy":"product_brand","embeddable":true,"href":"https:\/\/games.tactic.net\/nl\/wp-json\/wp\/v2\/product_brand?post=802146"},{"taxonomy":"product_cat","embeddable":true,"href":"https:\/\/games.tactic.net\/nl\/wp-json\/wp\/v2\/product_cat?post=802146"},{"taxonomy":"product_tag","embeddable":true,"href":"https:\/\/games.tactic.net\/nl\/wp-json\/wp\/v2\/product_tag?post=802146"},{"taxonomy":"brand","embeddable":true,"href":"https:\/\/games.tactic.net\/nl\/wp-json\/wp\/v2\/brand?post=802146"},{"taxonomy":"target-group","embeddable":true,"href":"https:\/\/games.tactic.net\/nl\/wp-json\/wp\/v2\/target-group?post=802146"},{"taxonomy":"discontinued","embeddable":true,"href":"https:\/\/games.tactic.net\/nl\/wp-json\/wp\/v2\/discontinued?post=802146"}],"curies":[{"name":"wp","href":"https:\/\/api.w.org\/{rel}","templated":true}]}}