{"id":800961,"date":"2023-09-26T20:57:27","date_gmt":"2023-09-26T17:57:27","guid":{"rendered":"https:\/\/games.tactic.net\/tuote\/les-petits-chevaux-fr\/"},"modified":"2024-01-02T16:35:56","modified_gmt":"2024-01-02T14:35:56","slug":"les-petits-chevaux-fr","status":"publish","type":"product","link":"https:\/\/games.tactic.net\/nl\/tuote\/les-petits-chevaux-fr\/","title":{"rendered":"Tactic Les petits chevaux"},"content":{"rendered":"<p>Jeu des petits chevaux 1. D\u00e9place tes quatre pions en formede toupie tout autour du plateau de jeu et sois le premier \u00e0 les amener en s\u00e9curit\u00e9. 2. Appuie sur la coque en plastique et le d\u00e9 t\u00b4indiquera de combien de cases tu peux avancer, 3. \u00c0 toi de jouer ! contenu: &#8211; plateau de jeu avec d\u00e9 Pop-o-Matic &#8211; 16 pi\u00e8ces de jeu &#8211; r\u00e8gles du jeu Leeftijd vanaf: 3+ Min. aantal Speler(s): 2 Max. aantal Spelers: 4 Spelduur (min): 10 EANcode: 6416739558677<\/p>\n","protected":false},"excerpt":{"rendered":"<p>Jeu des petits chevaux 1. D\u00e9place tes quatre pions en formede toupie tout autour du plateau de jeu et sois le premier \u00e0 les amener en s\u00e9curit\u00e9. 2. Appuie sur la coque en plastique et le d\u00e9 t\u00b4indiquera de combien de cases tu peux avancer, 3. \u00c0 toi de jouer ! contenu: &#8211; plateau de [&hellip;]<\/p>\n","protected":false},"featured_media":0,"template":"","meta":{"content-type":"","_monsterinsights_skip_tracking":false,"_monsterinsights_sitenote_active":false,"_monsterinsights_sitenote_note":"","_monsterinsights_sitenote_category":0},"product_brand":[],"product_cat":[1870],"product_tag":[848],"brand":[],"target-group":[],"discontinued":[],"class_list":{"0":"post-800961","1":"product","2":"type-product","3":"status-publish","5":"product_cat-bordspellen-voor-kinderen","6":"product_tag-samen","8":"first","9":"instock","10":"taxable","11":"shipping-taxable","12":"product-type-simple"},"aioseo_notices":[],"_links":{"self":[{"href":"https:\/\/games.tactic.net\/nl\/wp-json\/wp\/v2\/product\/800961","targetHints":{"allow":["GET"]}}],"collection":[{"href":"https:\/\/games.tactic.net\/nl\/wp-json\/wp\/v2\/product"}],"about":[{"href":"https:\/\/games.tactic.net\/nl\/wp-json\/wp\/v2\/types\/product"}],"wp:attachment":[{"href":"https:\/\/games.tactic.net\/nl\/wp-json\/wp\/v2\/media?parent=800961"}],"wp:term":[{"taxonomy":"product_brand","embeddable":true,"href":"https:\/\/games.tactic.net\/nl\/wp-json\/wp\/v2\/product_brand?post=800961"},{"taxonomy":"product_cat","embeddable":true,"href":"https:\/\/games.tactic.net\/nl\/wp-json\/wp\/v2\/product_cat?post=800961"},{"taxonomy":"product_tag","embeddable":true,"href":"https:\/\/games.tactic.net\/nl\/wp-json\/wp\/v2\/product_tag?post=800961"},{"taxonomy":"brand","embeddable":true,"href":"https:\/\/games.tactic.net\/nl\/wp-json\/wp\/v2\/brand?post=800961"},{"taxonomy":"target-group","embeddable":true,"href":"https:\/\/games.tactic.net\/nl\/wp-json\/wp\/v2\/target-group?post=800961"},{"taxonomy":"discontinued","embeddable":true,"href":"https:\/\/games.tactic.net\/nl\/wp-json\/wp\/v2\/discontinued?post=800961"}],"curies":[{"name":"wp","href":"https:\/\/api.w.org\/{rel}","templated":true}]}}