{"id":799925,"date":"2023-09-26T20:43:06","date_gmt":"2023-09-26T17:43:06","guid":{"rendered":"https:\/\/games.tactic.net\/tuote\/animals-of-the-world-card-game\/"},"modified":"2024-01-02T16:47:38","modified_gmt":"2024-01-02T14:47:38","slug":"animals-of-the-world-card-game","status":"publish","type":"product","link":"https:\/\/games.tactic.net\/nl\/tuote\/animals-of-the-world-card-game\/","title":{"rendered":"Tactic Animals of the World card game"},"content":{"rendered":"<p>Que sais-tu des kangourous, ou sais-tu o\u00f9 vivent les ocelots ? Voyage autour du monde, recontre et identifie d\u00b4incroyables animaux avant de r\u00e9pondre \u00e0 des questions \u00e0 leur sujet. Tu peux jouer \u00e0 la version simplifi\u00e9e ou te frotter \u00e0 un d\u00e9fi plus difficile si tu connais le nom scientifique de ces animaux ! Le joueur ayant plac\u00e9 les plus d\u00b4animaux sur le bon continent remporte la partie ! Avec 200 merveilleux animaux de tous les continents, tu vas apprende en t\u00b4amusant ! Contenu: &#8211; 200 cartes &#8211; 6 plateau de continents &#8211; un carte du monde &#8211; r\u00e8gle du jeu Leeftijd vanaf: 8+ Min. aantal Speler(s): 2 Max. aantal Spelers: 6 Spelduur (min): 30 EANcode: 6416739564227<\/p>\n","protected":false},"excerpt":{"rendered":"<p>Que sais-tu des kangourous, ou sais-tu o\u00f9 vivent les ocelots ? Voyage autour du monde, recontre et identifie d\u00b4incroyables animaux avant de r\u00e9pondre \u00e0 des questions \u00e0 leur sujet. Tu peux jouer \u00e0 la version simplifi\u00e9e ou te frotter \u00e0 un d\u00e9fi plus difficile si tu connais le nom scientifique de ces animaux ! Le [&hellip;]<\/p>\n","protected":false},"featured_media":0,"template":"","meta":{"content-type":"","_monsterinsights_skip_tracking":false,"_monsterinsights_sitenote_active":false,"_monsterinsights_sitenote_note":"","_monsterinsights_sitenote_category":0},"product_brand":[],"product_cat":[1946,1932],"product_tag":[1309,848],"brand":[],"target-group":[],"discontinued":[],"class_list":{"0":"post-799925","1":"product","2":"type-product","3":"status-publish","5":"product_cat-quiz-spellen-familiespellen","6":"product_cat-trivia-spellen-volwassenspellen","7":"product_tag-kennis","8":"product_tag-samen","10":"first","11":"instock","12":"taxable","13":"shipping-taxable","14":"product-type-simple"},"aioseo_notices":[],"_links":{"self":[{"href":"https:\/\/games.tactic.net\/nl\/wp-json\/wp\/v2\/product\/799925","targetHints":{"allow":["GET"]}}],"collection":[{"href":"https:\/\/games.tactic.net\/nl\/wp-json\/wp\/v2\/product"}],"about":[{"href":"https:\/\/games.tactic.net\/nl\/wp-json\/wp\/v2\/types\/product"}],"wp:attachment":[{"href":"https:\/\/games.tactic.net\/nl\/wp-json\/wp\/v2\/media?parent=799925"}],"wp:term":[{"taxonomy":"product_brand","embeddable":true,"href":"https:\/\/games.tactic.net\/nl\/wp-json\/wp\/v2\/product_brand?post=799925"},{"taxonomy":"product_cat","embeddable":true,"href":"https:\/\/games.tactic.net\/nl\/wp-json\/wp\/v2\/product_cat?post=799925"},{"taxonomy":"product_tag","embeddable":true,"href":"https:\/\/games.tactic.net\/nl\/wp-json\/wp\/v2\/product_tag?post=799925"},{"taxonomy":"brand","embeddable":true,"href":"https:\/\/games.tactic.net\/nl\/wp-json\/wp\/v2\/brand?post=799925"},{"taxonomy":"target-group","embeddable":true,"href":"https:\/\/games.tactic.net\/nl\/wp-json\/wp\/v2\/target-group?post=799925"},{"taxonomy":"discontinued","embeddable":true,"href":"https:\/\/games.tactic.net\/nl\/wp-json\/wp\/v2\/discontinued?post=799925"}],"curies":[{"name":"wp","href":"https:\/\/api.w.org\/{rel}","templated":true}]}}