{"id":799868,"date":"2023-09-26T20:41:10","date_gmt":"2023-09-26T17:41:10","guid":{"rendered":"https:\/\/games.tactic.net\/tuote\/alias-original-fr\/"},"modified":"2024-01-02T16:00:43","modified_gmt":"2024-01-02T14:00:43","slug":"alias-original-fr","status":"publish","type":"product","link":"https:\/\/games.tactic.net\/nl\/tuote\/alias-original-fr\/","title":{"rendered":"Tactic Alias Original"},"content":{"rendered":"<p>\u00c0 vos marques&#8230; Pr\u00eats ? D\u00e9crivez ! Alias est un passionnant jeu de mots par \u00e9quipes de 2 joueurs ou plus. Le temps d\u00b4un sablier, faites deviner \u00e0 vos co\u00e9quipiers un maximum de mots en les d\u00e9crivant et en donnant des indices, mais attention \u00e0 ne pas utiliser un mot trop semblable ! Chaque mot trouv\u00e9 fera progresser le pion de votre \u00e9quipe d\u00b4une case sur le plateau de jeu, et ls premi\u00e8re \u00e9quipe \u00e0 atteeindre la case d\u00b4arriv\u00e9e remportera la partie ! Cela vous semble facile ? Prenez garde, le temps et vos adversaires jouent contre vous&#8230; Contenu de la bo\u00eete: &#8211; un plateau de jeu &#8211; 400 cartes avec 8 mots chacune &#8211; un sablier &#8211; 6 pions &#8211; r\u00e8gle du jeu Leeftijd vanaf: 10+ Min. aantal Speler(s): 4+ Spelduur (min): 60 EANcode: 6416739531519<\/p>\n","protected":false},"excerpt":{"rendered":"<p>\u00c0 vos marques&#8230; Pr\u00eats ? D\u00e9crivez ! Alias est un passionnant jeu de mots par \u00e9quipes de 2 joueurs ou plus. Le temps d\u00b4un sablier, faites deviner \u00e0 vos co\u00e9quipiers un maximum de mots en les d\u00e9crivant et en donnant des indices, mais attention \u00e0 ne pas utiliser un mot trop semblable ! Chaque mot [&hellip;]<\/p>\n","protected":false},"featured_media":0,"template":"","meta":{"content-type":"","_monsterinsights_skip_tracking":false,"_monsterinsights_sitenote_active":false,"_monsterinsights_sitenote_note":"","_monsterinsights_sitenote_category":0},"product_brand":[],"product_cat":[1944],"product_tag":[848,1312],"brand":[{"id":641,"name":"Alias","slug":"alias_nl"}],"target-group":[],"discontinued":[],"class_list":{"0":"post-799868","1":"product","2":"type-product","3":"status-publish","5":"product_cat-bordspellen-familiespellen","6":"product_tag-samen","7":"product_tag-woordkennis","8":"brand-alias_nl","10":"first","11":"instock","12":"taxable","13":"shipping-taxable","14":"product-type-simple"},"aioseo_notices":[],"_links":{"self":[{"href":"https:\/\/games.tactic.net\/nl\/wp-json\/wp\/v2\/product\/799868","targetHints":{"allow":["GET"]}}],"collection":[{"href":"https:\/\/games.tactic.net\/nl\/wp-json\/wp\/v2\/product"}],"about":[{"href":"https:\/\/games.tactic.net\/nl\/wp-json\/wp\/v2\/types\/product"}],"wp:attachment":[{"href":"https:\/\/games.tactic.net\/nl\/wp-json\/wp\/v2\/media?parent=799868"}],"wp:term":[{"taxonomy":"product_brand","embeddable":true,"href":"https:\/\/games.tactic.net\/nl\/wp-json\/wp\/v2\/product_brand?post=799868"},{"taxonomy":"product_cat","embeddable":true,"href":"https:\/\/games.tactic.net\/nl\/wp-json\/wp\/v2\/product_cat?post=799868"},{"taxonomy":"product_tag","embeddable":true,"href":"https:\/\/games.tactic.net\/nl\/wp-json\/wp\/v2\/product_tag?post=799868"},{"taxonomy":"brand","embeddable":true,"href":"https:\/\/games.tactic.net\/nl\/wp-json\/wp\/v2\/brand?post=799868"},{"taxonomy":"target-group","embeddable":true,"href":"https:\/\/games.tactic.net\/nl\/wp-json\/wp\/v2\/target-group?post=799868"},{"taxonomy":"discontinued","embeddable":true,"href":"https:\/\/games.tactic.net\/nl\/wp-json\/wp\/v2\/discontinued?post=799868"}],"curies":[{"name":"wp","href":"https:\/\/api.w.org\/{rel}","templated":true}]}}