{"id":799614,"date":"2023-09-26T20:38:50","date_gmt":"2023-09-26T17:38:50","guid":{"rendered":"https:\/\/games.tactic.net\/tuote\/15-minutes-to-self-destruct-2\/"},"modified":"2024-01-02T16:49:38","modified_gmt":"2024-01-02T14:49:38","slug":"15-minutes-to-self-destruct-2","status":"publish","type":"product","link":"https:\/\/games.tactic.net\/nl\/tuote\/15-minutes-to-self-destruct-2\/","title":{"rendered":"Gamestorm 15 Minutes to Self-Destruct"},"content":{"rendered":"<p>15 minutes to escape Il n\u00b4y a pas de temps \u00e0 pedre! Le SS N\u00e9bula revient sur terre apr\u00e8s une mission r\u00e9ussit dans une galaxie lointaine. Les membres d\u00b4\u00e9quipage se sont retir\u00e9s dans leur capsules d\u00b4hyper-sommeil respectives. Quand un ast\u00e9ro\u00efde vient soudainement heurter le vaisseau. Le choc endommage gravement l\u00b4ordinateur de bord. Qui d\u00eaclenche alors le syst\u00e8me d\u00b4autodestruction du vaisseau. L\u00b4\u00e9quipage dispose de 15 minutes our r\u00e9activer tous les interrupteurs afin de d\u00e9bloquer l\u00b4acces \u00e0 la capsule d\u00b4\u00e9vacuation. Avant que le vaisseau n\u00b4explose en morceaux. Communiquez. \u00cachangez. Traivaillez en \u00e9quipe dans ce jeu d\u00b4\u00e9vasion galactique et sauvez l\u00b4\u00e9quipage d\u00b4une fin vie explosive. Disponible Application d\u00b4ambiance Contenu: &#8211; Plateau de jeu &#8211; 4 figurines personnage &#8211; 32 cartes action &#8211; 24 tuiles porte &#8211; 13 tuiles interrupteur &#8211; 2 d\u00e9s &#8211; 1 capsule de sauvetage &#8211; 4 stickers anti d\u00e9rapants &#8211; 1 support de t\u00e9l\u00e9phone &#8211; R\u00e8gles Leeftijd vanaf: 8+ Min. aantal Speler(s): 2 Max. aantal Spelers: 4 Spelduur (min): 15 EANcode: 6416739566191<\/p>\n","protected":false},"excerpt":{"rendered":"<p>15 minutes to escape Il n\u00b4y a pas de temps \u00e0 pedre! Le SS N\u00e9bula revient sur terre apr\u00e8s une mission r\u00e9ussit dans une galaxie lointaine. Les membres d\u00b4\u00e9quipage se sont retir\u00e9s dans leur capsules d\u00b4hyper-sommeil respectives. Quand un ast\u00e9ro\u00efde vient soudainement heurter le vaisseau. Le choc endommage gravement l\u00b4ordinateur de bord. Qui d\u00eaclenche alors [&hellip;]<\/p>\n","protected":false},"featured_media":0,"template":"","meta":{"content-type":"","_monsterinsights_skip_tracking":false,"_monsterinsights_sitenote_active":false,"_monsterinsights_sitenote_note":"","_monsterinsights_sitenote_category":0},"product_brand":[],"product_cat":[1784,1945],"product_tag":[848,976],"brand":[{"id":886,"name":"Gamestorm Studio","slug":"gamestormstudio-nl"}],"target-group":[],"discontinued":[],"class_list":{"0":"post-799614","1":"product","2":"type-product","3":"status-publish","5":"product_cat-strategiespellen-volwassenspellen","6":"product_cat-strategische-spellen-familiespellen","7":"product_tag-samen","8":"product_tag-tactiek","9":"brand-gamestormstudio-nl","11":"first","12":"outofstock","13":"taxable","14":"shipping-taxable","15":"product-type-simple"},"aioseo_notices":[],"_links":{"self":[{"href":"https:\/\/games.tactic.net\/nl\/wp-json\/wp\/v2\/product\/799614","targetHints":{"allow":["GET"]}}],"collection":[{"href":"https:\/\/games.tactic.net\/nl\/wp-json\/wp\/v2\/product"}],"about":[{"href":"https:\/\/games.tactic.net\/nl\/wp-json\/wp\/v2\/types\/product"}],"wp:attachment":[{"href":"https:\/\/games.tactic.net\/nl\/wp-json\/wp\/v2\/media?parent=799614"}],"wp:term":[{"taxonomy":"product_brand","embeddable":true,"href":"https:\/\/games.tactic.net\/nl\/wp-json\/wp\/v2\/product_brand?post=799614"},{"taxonomy":"product_cat","embeddable":true,"href":"https:\/\/games.tactic.net\/nl\/wp-json\/wp\/v2\/product_cat?post=799614"},{"taxonomy":"product_tag","embeddable":true,"href":"https:\/\/games.tactic.net\/nl\/wp-json\/wp\/v2\/product_tag?post=799614"},{"taxonomy":"brand","embeddable":true,"href":"https:\/\/games.tactic.net\/nl\/wp-json\/wp\/v2\/brand?post=799614"},{"taxonomy":"target-group","embeddable":true,"href":"https:\/\/games.tactic.net\/nl\/wp-json\/wp\/v2\/target-group?post=799614"},{"taxonomy":"discontinued","embeddable":true,"href":"https:\/\/games.tactic.net\/nl\/wp-json\/wp\/v2\/discontinued?post=799614"}],"curies":[{"name":"wp","href":"https:\/\/api.w.org\/{rel}","templated":true}]}}