{"id":391552,"date":"2022-01-28T13:21:14","date_gmt":"2022-01-28T11:21:14","guid":{"rendered":"https:\/\/games.tactic.net\/tuote\/mini-home-petrol-turquoise-by-eero-aarnio\/"},"modified":"2024-01-02T16:08:41","modified_gmt":"2024-01-02T14:08:41","slug":"mini-home-petrol-turquoise-by-eero-aarnio","status":"publish","type":"product","link":"https:\/\/games.tactic.net\/nl\/tuote\/mini-home-petrol-turquoise-by-eero-aarnio\/","title":{"rendered":"Tactic Mini Home Turquoise building set"},"content":{"rendered":"<p>Design speelgoed, bouwset \u00e9n puzzel in-one. Mini Home &#038; Big Mini Home is architectuur- en design speelgoed, een speelhuis en puzzel in \u00e9\u00e9n pakket. Speelgoed voor jong &#038; oud! Met Mini Home kun je je eigen speelgoedhuis cre\u00ebren, afgeleid van het oude \u2018poppenhuis\u2019 principe. De huizen kunnen gebruikt worden als bouw en puzzel set. Er zijn twee verschillende producten: &#8211; Mini Home &#8211; Big Mini Home In elke set zit een puzzel verpakt. Wanneer je klaar bent met spelen, is het ook weer een uitdaging om de stukjes op de juiste manier in de doos terug te verpakken. Gegarandeerd uren speel plezier! De mooie verpakking maakt dit product een fantastisch en origineel cadeau artikel. The Mini Home producten en de design meubelen die daarin verwerkt zijn, zijn ontworpen door de legendarische Finse ontwerper: Eero Aarnio, bekend van de beroemde \u2018ball &#038; bubble chairs\u2019. Mini Home wordt ontworpen, ontwikkeld en geproduceerd in Finland. Deze set bevat: &#8211; 12 stoeltjes &#8211; 1 tafel &#8211; 4 bankjes &#8211; 4 ruimteverdelers &#8211; 1 opbergbox Leeftijd vanaf: 3+ EANcode: 6416739549088<\/p>\n","protected":false},"excerpt":{"rendered":"<p>Design speelgoed, bouwset \u00e9n puzzel in-one. Mini Home &#038; Big Mini Home is architectuur- en design speelgoed, een speelhuis en puzzel in \u00e9\u00e9n pakket. Speelgoed voor jong &#038; oud! Met Mini Home kun je je eigen speelgoedhuis cre\u00ebren, afgeleid van het oude \u2018poppenhuis\u2019 principe. De huizen kunnen gebruikt worden als bouw en puzzel set. Er zijn twee verschillende producten: &#8211; Mini Home &#8211; Big Mini Home In elke set zit een puzzel verpakt. Wanneer je klaar bent met spelen, is het ook weer een uitdaging om de stukjes op de juiste manier in de doos terug te verpakken. Gegarandeerd uren speel plezier! De mooie verpakking maakt dit product een fantastisch en origineel cadeau artikel. The Mini Home producten en de design meubelen die daarin verwerkt zijn, zijn ontworpen door de legendarische Finse ontwerper: Eero Aarnio, bekend van de beroemde \u2018ball &#038; bubble chairs\u2019. Mini Home wordt ontworpen, ontwikkeld en geproduceerd in Finland. Deze set bevat: &#8211; 12 stoeltjes &#8211; 1 tafel &#8211; 4 bankjes &#8211; 4 ruimteverdelers &#8211; 1 opbergbox Leeftijd vanaf: 3+ EANcode: 6416739549088<\/p>\n","protected":false},"featured_media":0,"template":"","meta":{"content-type":"","_monsterinsights_skip_tracking":false,"_monsterinsights_sitenote_active":false,"_monsterinsights_sitenote_note":"","_monsterinsights_sitenote_category":0},"product_brand":[],"product_cat":[1789],"product_tag":[],"brand":[],"target-group":[],"discontinued":[],"class_list":{"0":"post-391552","1":"product","2":"type-product","3":"status-publish","5":"product_cat-mini-home-speelgoed","7":"first","8":"instock","9":"taxable","10":"shipping-taxable","11":"product-type-simple"},"aioseo_notices":[],"_links":{"self":[{"href":"https:\/\/games.tactic.net\/nl\/wp-json\/wp\/v2\/product\/391552","targetHints":{"allow":["GET"]}}],"collection":[{"href":"https:\/\/games.tactic.net\/nl\/wp-json\/wp\/v2\/product"}],"about":[{"href":"https:\/\/games.tactic.net\/nl\/wp-json\/wp\/v2\/types\/product"}],"wp:attachment":[{"href":"https:\/\/games.tactic.net\/nl\/wp-json\/wp\/v2\/media?parent=391552"}],"wp:term":[{"taxonomy":"product_brand","embeddable":true,"href":"https:\/\/games.tactic.net\/nl\/wp-json\/wp\/v2\/product_brand?post=391552"},{"taxonomy":"product_cat","embeddable":true,"href":"https:\/\/games.tactic.net\/nl\/wp-json\/wp\/v2\/product_cat?post=391552"},{"taxonomy":"product_tag","embeddable":true,"href":"https:\/\/games.tactic.net\/nl\/wp-json\/wp\/v2\/product_tag?post=391552"},{"taxonomy":"brand","embeddable":true,"href":"https:\/\/games.tactic.net\/nl\/wp-json\/wp\/v2\/brand?post=391552"},{"taxonomy":"target-group","embeddable":true,"href":"https:\/\/games.tactic.net\/nl\/wp-json\/wp\/v2\/target-group?post=391552"},{"taxonomy":"discontinued","embeddable":true,"href":"https:\/\/games.tactic.net\/nl\/wp-json\/wp\/v2\/discontinued?post=391552"}],"curies":[{"name":"wp","href":"https:\/\/api.w.org\/{rel}","templated":true}]}}