{"id":1343576,"date":"2023-11-02T15:23:04","date_gmt":"2023-11-02T13:23:04","guid":{"rendered":"https:\/\/games.tactic.net\/tuote\/crime-scene-helsinki\/"},"modified":"2024-01-02T18:14:33","modified_gmt":"2024-01-02T16:14:33","slug":"crime-scene-helsinki","status":"publish","type":"product","link":"https:\/\/games.tactic.net\/nl\/tuote\/crime-scene-helsinki\/","title":{"rendered":"Gamestorm Crime Scene Helsinki 2012"},"content":{"rendered":"<p>Un crime a \u00e9t\u00e9 commis, et c\u2019est \u00e0 vous de d\u00e9m\u00ealer le myst\u00e8re. Sc\u00e8ne de Crime emm\u00e8ne les joueurs sur les lieux d\u2019un crime abominable. Ils suivent l\u2019histoire, et en tant que d\u00e9tectives, collectent les indices, font le lien entre les choses et d\u00e9terminent qui est derri\u00e8re tout cela. Il n\u2019y a aucune limite de temps : les joueurs peuvent donc se lancer \u00e0 corps perdu dans une enqu\u00eate qui commence sous la neige, \u00e0 Helsinki. Leeftijd vanaf: 18+ Min. aantal Speler(s): 1+ Spelduur (min): 60 EANcode: 6416739584249<\/p>\n","protected":false},"excerpt":{"rendered":"<p>Un crime a \u00e9t\u00e9 commis, et c\u2019est \u00e0 vous de d\u00e9m\u00ealer le myst\u00e8re. Sc\u00e8ne de Crime emm\u00e8ne les joueurs sur les lieux d\u2019un crime abominable. Ils suivent l\u2019histoire, et en tant que d\u00e9tectives, collectent les indices, font le lien entre les choses et d\u00e9terminent qui est derri\u00e8re tout cela. Il n\u2019y a aucune limite de [&hellip;]<\/p>\n","protected":false},"featured_media":0,"template":"","meta":{"content-type":"","_monsterinsights_skip_tracking":false,"_monsterinsights_sitenote_active":false,"_monsterinsights_sitenote_note":"","_monsterinsights_sitenote_category":0},"product_brand":[],"product_cat":[1913],"product_tag":[1313,848,370],"brand":[{"id":886,"name":"Gamestorm Studio","slug":"gamestormstudio-nl"}],"target-group":[],"discontinued":[],"class_list":{"0":"post-1343576","1":"product","2":"type-product","3":"status-publish","5":"product_cat-18-volwassenspellen","6":"product_tag-raadsels-oplossen","7":"product_tag-samen","8":"product_tag-strategie","9":"brand-gamestormstudio-nl","11":"first","12":"instock","13":"taxable","14":"shipping-taxable","15":"product-type-simple"},"aioseo_notices":[],"_links":{"self":[{"href":"https:\/\/games.tactic.net\/nl\/wp-json\/wp\/v2\/product\/1343576","targetHints":{"allow":["GET"]}}],"collection":[{"href":"https:\/\/games.tactic.net\/nl\/wp-json\/wp\/v2\/product"}],"about":[{"href":"https:\/\/games.tactic.net\/nl\/wp-json\/wp\/v2\/types\/product"}],"wp:attachment":[{"href":"https:\/\/games.tactic.net\/nl\/wp-json\/wp\/v2\/media?parent=1343576"}],"wp:term":[{"taxonomy":"product_brand","embeddable":true,"href":"https:\/\/games.tactic.net\/nl\/wp-json\/wp\/v2\/product_brand?post=1343576"},{"taxonomy":"product_cat","embeddable":true,"href":"https:\/\/games.tactic.net\/nl\/wp-json\/wp\/v2\/product_cat?post=1343576"},{"taxonomy":"product_tag","embeddable":true,"href":"https:\/\/games.tactic.net\/nl\/wp-json\/wp\/v2\/product_tag?post=1343576"},{"taxonomy":"brand","embeddable":true,"href":"https:\/\/games.tactic.net\/nl\/wp-json\/wp\/v2\/brand?post=1343576"},{"taxonomy":"target-group","embeddable":true,"href":"https:\/\/games.tactic.net\/nl\/wp-json\/wp\/v2\/target-group?post=1343576"},{"taxonomy":"discontinued","embeddable":true,"href":"https:\/\/games.tactic.net\/nl\/wp-json\/wp\/v2\/discontinued?post=1343576"}],"curies":[{"name":"wp","href":"https:\/\/api.w.org\/{rel}","templated":true}]}}