{"id":119174,"date":"2021-08-10T15:18:28","date_gmt":"2021-08-10T12:18:28","guid":{"rendered":"http:\/\/dev.tactic.net\/tuote\/lumo-owl-pollo-classic-15cm\/"},"modified":"2024-01-02T16:13:25","modified_gmt":"2024-01-02T14:13:25","slug":"lumo-owl-pollo-classic-15cm","status":"publish","type":"product","link":"https:\/\/games.tactic.net\/nl\/tuote\/lumo-owl-pollo-classic-15cm\/","title":{"rendered":"Lumo Stars Owl P\u00f6ll\u00f6 classic plush"},"content":{"rendered":"<p>Owl P\u00f6ll\u00f6 is een 15 cm grote Lumo Star. Lumo Stars zijn de zachtste en mooiste pluche knuffeldieren met grote lief kijkende ogen. Er zijn vele verschillende soorten verkrijgbaar. Verzamel ze allemaal. Download de app op lumostars.com, verzorg en speel met je eigen Lumo Star vriendje! Hallo, mijn lieverd! Ik houd van dansen- jij ook? Misschien ballet of hip hop? www.lumostars.com<\/p>\n","protected":false},"excerpt":{"rendered":"<p>Owl P\u00f6ll\u00f6 is een 15 cm grote Lumo Star.<\/p>\n","protected":false},"featured_media":0,"template":"","meta":{"content-type":"","_monsterinsights_skip_tracking":false,"_monsterinsights_sitenote_active":false,"_monsterinsights_sitenote_note":"","_monsterinsights_sitenote_category":0},"product_brand":[],"product_cat":[1893],"product_tag":[1261],"brand":[{"id":1022,"name":"Lumo Stars","slug":"lumo-stars_nl"}],"target-group":[],"discontinued":[],"class_list":{"0":"post-119174","1":"product","2":"type-product","3":"status-publish","5":"product_cat-classic-pluche","6":"product_tag-lumo-stars-nl","7":"brand-lumo-stars_nl","9":"first","10":"instock","11":"taxable","12":"shipping-taxable","13":"product-type-simple"},"aioseo_notices":[],"_links":{"self":[{"href":"https:\/\/games.tactic.net\/nl\/wp-json\/wp\/v2\/product\/119174","targetHints":{"allow":["GET"]}}],"collection":[{"href":"https:\/\/games.tactic.net\/nl\/wp-json\/wp\/v2\/product"}],"about":[{"href":"https:\/\/games.tactic.net\/nl\/wp-json\/wp\/v2\/types\/product"}],"wp:attachment":[{"href":"https:\/\/games.tactic.net\/nl\/wp-json\/wp\/v2\/media?parent=119174"}],"wp:term":[{"taxonomy":"product_brand","embeddable":true,"href":"https:\/\/games.tactic.net\/nl\/wp-json\/wp\/v2\/product_brand?post=119174"},{"taxonomy":"product_cat","embeddable":true,"href":"https:\/\/games.tactic.net\/nl\/wp-json\/wp\/v2\/product_cat?post=119174"},{"taxonomy":"product_tag","embeddable":true,"href":"https:\/\/games.tactic.net\/nl\/wp-json\/wp\/v2\/product_tag?post=119174"},{"taxonomy":"brand","embeddable":true,"href":"https:\/\/games.tactic.net\/nl\/wp-json\/wp\/v2\/brand?post=119174"},{"taxonomy":"target-group","embeddable":true,"href":"https:\/\/games.tactic.net\/nl\/wp-json\/wp\/v2\/target-group?post=119174"},{"taxonomy":"discontinued","embeddable":true,"href":"https:\/\/games.tactic.net\/nl\/wp-json\/wp\/v2\/discontinued?post=119174"}],"curies":[{"name":"wp","href":"https:\/\/api.w.org\/{rel}","templated":true}]}}