{"id":941159,"date":"2023-10-17T15:49:56","date_gmt":"2023-10-17T12:49:56","guid":{"rendered":"https:\/\/games.tactic.net\/tuote\/kimble-twist\/"},"modified":"2023-10-25T16:22:46","modified_gmt":"2023-10-25T13:22:46","slug":"kimble-twist","status":"publish","type":"product","link":"https:\/\/games.tactic.net\/fr\/tuote\/kimble-twist\/","title":{"rendered":"Tactic Kimble Twist board game"},"content":{"rendered":"<p>Es-tu pr\u00eat \u00e0 courir et \u00e0 chasser ? Le cher Kimble a eu droit \u00e0 une m\u00e9tamorphose avec quelques rebondissements inattendus ! Fais la course autour du plateau de jeu pour ramener tes pi\u00e8ces de jeu \u00e0 la maison, mais fais attention aux virages et au plateau de jeu qui tourne !<\/p>\n","protected":false},"excerpt":{"rendered":"<p>Es-tu pr\u00eat \u00e0 courir et \u00e0 chasser ? Le cher Kimble a eu droit \u00e0 une m\u00e9tamorphose avec quelques rebondissements inattendus ! Fais la course autour du plateau de jeu pour ramener tes pi\u00e8ces de jeu \u00e0 la maison, mais fais attention aux virages et au plateau de jeu qui tourne !<\/p>\n","protected":false},"featured_media":0,"template":"","meta":{"content-type":"","_monsterinsights_skip_tracking":false,"_monsterinsights_sitenote_active":false,"_monsterinsights_sitenote_note":"","_monsterinsights_sitenote_category":0},"product_brand":[],"product_cat":[1860],"product_tag":[1031,1246,898],"brand":[{"id":1859,"name":"Kimble","slug":"kimble-6"}],"target-group":[],"discontinued":[],"class_list":{"0":"post-941159","1":"product","2":"type-product","3":"status-publish","5":"product_cat-jeux-de-societe","6":"product_tag-chance","7":"product_tag-strategie-fr","8":"product_tag-tactique","9":"brand-kimble-6","11":"first","12":"instock","13":"taxable","14":"shipping-taxable","15":"product-type-simple"},"aioseo_notices":[],"_links":{"self":[{"href":"https:\/\/games.tactic.net\/fr\/wp-json\/wp\/v2\/product\/941159","targetHints":{"allow":["GET"]}}],"collection":[{"href":"https:\/\/games.tactic.net\/fr\/wp-json\/wp\/v2\/product"}],"about":[{"href":"https:\/\/games.tactic.net\/fr\/wp-json\/wp\/v2\/types\/product"}],"wp:attachment":[{"href":"https:\/\/games.tactic.net\/fr\/wp-json\/wp\/v2\/media?parent=941159"}],"wp:term":[{"taxonomy":"product_brand","embeddable":true,"href":"https:\/\/games.tactic.net\/fr\/wp-json\/wp\/v2\/product_brand?post=941159"},{"taxonomy":"product_cat","embeddable":true,"href":"https:\/\/games.tactic.net\/fr\/wp-json\/wp\/v2\/product_cat?post=941159"},{"taxonomy":"product_tag","embeddable":true,"href":"https:\/\/games.tactic.net\/fr\/wp-json\/wp\/v2\/product_tag?post=941159"},{"taxonomy":"brand","embeddable":true,"href":"https:\/\/games.tactic.net\/fr\/wp-json\/wp\/v2\/brand?post=941159"},{"taxonomy":"target-group","embeddable":true,"href":"https:\/\/games.tactic.net\/fr\/wp-json\/wp\/v2\/target-group?post=941159"},{"taxonomy":"discontinued","embeddable":true,"href":"https:\/\/games.tactic.net\/fr\/wp-json\/wp\/v2\/discontinued?post=941159"}],"curies":[{"name":"wp","href":"https:\/\/api.w.org\/{rel}","templated":true}]}}