{"id":812751,"date":"2023-09-27T12:28:46","date_gmt":"2023-09-27T09:28:46","guid":{"rendered":"https:\/\/games.tactic.net\/tuote\/iknow\/"},"modified":"2023-09-29T09:55:22","modified_gmt":"2023-09-29T06:55:22","slug":"iknow","status":"archive","type":"product","link":"https:\/\/games.tactic.net\/fr\/tuote\/iknow\/","title":{"rendered":"iKNOW"},"content":{"rendered":"<p>Et voici iKNOW 2.0 jeu de voyage \u2013 le petit dernier dans la c\u00e9l\u00e8bre gamme des jeux iKNOW ! Les jeux de quiz offrent aux joueurs la possibilit\u00e9 de vaincre leurs adversaires gr\u00e2ce \u00e0 leurs connaissances en culture g\u00e9n\u00e9rale, mais dans ce jeu, vous obtiendrez des points en r\u00e9pondant correctement, en pr\u00e9disant correctement les bonnes r\u00e9ponses de vos adversaires et en leur volant des points. Les questions sont adapt\u00e9es \u00e0 toute la famille, de fa\u00e7on que tout le monde puisse avoir son quart d\u2019heure de gloire !<\/p>\n","protected":false},"excerpt":{"rendered":"<p>Et voici iKNOW 2.0 jeu de voyage \u2013 le petit dernier dans la c\u00e9l\u00e8bre gamme des jeux iKNOW ! Les jeux de quiz offrent aux joueurs la possibilit\u00e9 de vaincre leurs adversaires gr\u00e2ce \u00e0 leurs connaissances en culture g\u00e9n\u00e9rale, mais dans ce jeu, vous obtiendrez des points en r\u00e9pondant correctement, en pr\u00e9disant correctement les bonnes [&hellip;]<\/p>\n","protected":false},"featured_media":0,"template":"","meta":{"content-type":"","_monsterinsights_skip_tracking":false,"_monsterinsights_sitenote_active":false,"_monsterinsights_sitenote_note":"","_monsterinsights_sitenote_category":0},"product_brand":[],"product_cat":[1874],"product_tag":[1327,410,1036],"brand":[],"target-group":[],"discontinued":[],"class_list":{"0":"post-812751","1":"product","2":"type-product","3":"status-archive","5":"product_cat-jeux-de-voyage-jeux-famille","6":"product_tag-connaissance","7":"product_tag-educatif","8":"product_tag-passe-temps","10":"first","11":"outofstock","12":"taxable","13":"shipping-taxable","14":"product-type-simple"},"aioseo_notices":[],"_links":{"self":[{"href":"https:\/\/games.tactic.net\/fr\/wp-json\/wp\/v2\/product\/812751","targetHints":{"allow":["GET"]}}],"collection":[{"href":"https:\/\/games.tactic.net\/fr\/wp-json\/wp\/v2\/product"}],"about":[{"href":"https:\/\/games.tactic.net\/fr\/wp-json\/wp\/v2\/types\/product"}],"wp:attachment":[{"href":"https:\/\/games.tactic.net\/fr\/wp-json\/wp\/v2\/media?parent=812751"}],"wp:term":[{"taxonomy":"product_brand","embeddable":true,"href":"https:\/\/games.tactic.net\/fr\/wp-json\/wp\/v2\/product_brand?post=812751"},{"taxonomy":"product_cat","embeddable":true,"href":"https:\/\/games.tactic.net\/fr\/wp-json\/wp\/v2\/product_cat?post=812751"},{"taxonomy":"product_tag","embeddable":true,"href":"https:\/\/games.tactic.net\/fr\/wp-json\/wp\/v2\/product_tag?post=812751"},{"taxonomy":"brand","embeddable":true,"href":"https:\/\/games.tactic.net\/fr\/wp-json\/wp\/v2\/brand?post=812751"},{"taxonomy":"target-group","embeddable":true,"href":"https:\/\/games.tactic.net\/fr\/wp-json\/wp\/v2\/target-group?post=812751"},{"taxonomy":"discontinued","embeddable":true,"href":"https:\/\/games.tactic.net\/fr\/wp-json\/wp\/v2\/discontinued?post=812751"}],"curies":[{"name":"wp","href":"https:\/\/api.w.org\/{rel}","templated":true}]}}