{"id":809508,"date":"2023-09-27T11:12:13","date_gmt":"2023-09-27T08:12:13","guid":{"rendered":"https:\/\/games.tactic.net\/tuote\/mon-1er-puzzle-a-jouer-le-renard-dans-la-foret\/"},"modified":"2023-10-19T14:55:18","modified_gmt":"2023-10-19T11:55:18","slug":"mon-1er-puzzle-a-jouer-le-renard-dans-la-foret","status":"publish","type":"product","link":"https:\/\/games.tactic.net\/fr\/tuote\/mon-1er-puzzle-a-jouer-le-renard-dans-la-foret\/","title":{"rendered":"Tactic Mon 1er puzzle \u00e0 jouer  le renard dans la for\u00eat"},"content":{"rendered":"<p>Cr\u00e9e un petit univers pour un jeu plein d\u00b4imagination\u00a0! Assemble les grosses pi\u00e8ces pour cr\u00e9er un petit univers riche en d\u00e9tails. Utilise ensuite les \u00e9l\u00e9ments inclus dans le produit et apporte tes jouets favoris pour des heures et des heures de jeu. &#8211; Contient 1\u00a0figurine en bois, 16\u00a0personnages en carton et 16\u00a0jetons\u00a0! &#8211; Utilise les trois produits Puzzle &#038; Play pour cr\u00e9er un univers de jeu encore plus grand.<\/p>\n","protected":false},"excerpt":{"rendered":"<p>Cr\u00e9e un petit univers pour un jeu plein d\u00b4imagination\u00a0! Assemble les grosses pi\u00e8ces pour cr\u00e9er un petit univers riche en d\u00e9tails. Utilise ensuite les \u00e9l\u00e9ments inclus dans le produit et apporte tes jouets favoris pour des heures et des heures de jeu. Contient 1\u00a0figurine en bois, 16\u00a0personnages en carton et 16\u00a0jetons\u00a0! Utilise les trois produits Puzzle &#038; Play pour cr\u00e9er un univers de jeu encore plus grand.<\/p>\n","protected":false},"featured_media":0,"template":"","meta":{"content-type":"","_monsterinsights_skip_tracking":false,"_monsterinsights_sitenote_active":false,"_monsterinsights_sitenote_note":"","_monsterinsights_sitenote_category":0},"product_brand":[],"product_cat":[1866],"product_tag":[373,410,1326,1036],"brand":[],"target-group":[],"discontinued":[],"class_list":{"0":"post-809508","1":"product","2":"type-product","3":"status-publish","5":"product_cat-puzzles-enfants","6":"product_tag-calcul","7":"product_tag-educatif","8":"product_tag-ensemble","9":"product_tag-passe-temps","11":"first","12":"instock","13":"taxable","14":"shipping-taxable","15":"product-type-simple"},"aioseo_notices":[],"_links":{"self":[{"href":"https:\/\/games.tactic.net\/fr\/wp-json\/wp\/v2\/product\/809508","targetHints":{"allow":["GET"]}}],"collection":[{"href":"https:\/\/games.tactic.net\/fr\/wp-json\/wp\/v2\/product"}],"about":[{"href":"https:\/\/games.tactic.net\/fr\/wp-json\/wp\/v2\/types\/product"}],"wp:attachment":[{"href":"https:\/\/games.tactic.net\/fr\/wp-json\/wp\/v2\/media?parent=809508"}],"wp:term":[{"taxonomy":"product_brand","embeddable":true,"href":"https:\/\/games.tactic.net\/fr\/wp-json\/wp\/v2\/product_brand?post=809508"},{"taxonomy":"product_cat","embeddable":true,"href":"https:\/\/games.tactic.net\/fr\/wp-json\/wp\/v2\/product_cat?post=809508"},{"taxonomy":"product_tag","embeddable":true,"href":"https:\/\/games.tactic.net\/fr\/wp-json\/wp\/v2\/product_tag?post=809508"},{"taxonomy":"brand","embeddable":true,"href":"https:\/\/games.tactic.net\/fr\/wp-json\/wp\/v2\/brand?post=809508"},{"taxonomy":"target-group","embeddable":true,"href":"https:\/\/games.tactic.net\/fr\/wp-json\/wp\/v2\/target-group?post=809508"},{"taxonomy":"discontinued","embeddable":true,"href":"https:\/\/games.tactic.net\/fr\/wp-json\/wp\/v2\/discontinued?post=809508"}],"curies":[{"name":"wp","href":"https:\/\/api.w.org\/{rel}","templated":true}]}}