{"id":797034,"date":"2023-09-26T14:08:44","date_gmt":"2023-09-26T11:08:44","guid":{"rendered":"https:\/\/games.tactic.net\/tuote\/alias-mystery\/"},"modified":"2023-09-29T10:18:49","modified_gmt":"2023-09-29T07:18:49","slug":"alias-mystery","status":"publish","type":"product","link":"https:\/\/games.tactic.net\/fr\/tuote\/alias-mystery\/","title":{"rendered":"Tactic Alias Mystery"},"content":{"rendered":"<p>Arriveras-tu \u00e0 trouver le lien\u00a0? Il existe un d\u00e9nominateur commun entre les mots figurant sur chaque carte. Explique les mots et trouvez ensemble ce qu\u00b4ils ont en commun. Le sablier ne s\u00b4arr\u00eate jamais, pr\u00e9pare-toi donc \u00e0 te livrer \u00e0 une course effr\u00e9n\u00e9e contre le temps\u00a0! &#8211; Alias coop\u00e9ratif offrant un tout nouveau d\u00e9fi\u00a0! &#8211; Trouve le lien myst\u00e9rieux existant sur chaque carte.<\/p>\n","protected":false},"excerpt":{"rendered":"<p>Arriveras-tu \u00e0 trouver le lien\u00a0? Il existe un d\u00e9nominateur commun entre les mots figurant sur chaque carte. Explique les mots et trouvez ensemble ce qu\u00b4ils ont en commun. Le sablier ne s\u00b4arr\u00eate jamais, pr\u00e9pare-toi donc \u00e0 te livrer \u00e0 une course effr\u00e9n\u00e9e contre le temps\u00a0! Alias coop\u00e9ratif offrant un tout nouveau d\u00e9fi\u00a0!<\/p>\n","protected":false},"featured_media":0,"template":"","meta":{"content-type":"","_monsterinsights_skip_tracking":false,"_monsterinsights_sitenote_active":false,"_monsterinsights_sitenote_note":"","_monsterinsights_sitenote_category":0},"product_brand":[],"product_cat":[1905],"product_tag":[1331],"brand":[{"id":653,"name":"Alias","slug":"alias_fr"}],"target-group":[],"discontinued":[],"class_list":{"0":"post-797034","1":"product","2":"type-product","3":"status-publish","5":"product_cat-jeux-famille","6":"product_tag-explication-de-mots","7":"brand-alias_fr","9":"first","10":"instock","11":"taxable","12":"shipping-taxable","13":"product-type-simple"},"aioseo_notices":[],"_links":{"self":[{"href":"https:\/\/games.tactic.net\/fr\/wp-json\/wp\/v2\/product\/797034","targetHints":{"allow":["GET"]}}],"collection":[{"href":"https:\/\/games.tactic.net\/fr\/wp-json\/wp\/v2\/product"}],"about":[{"href":"https:\/\/games.tactic.net\/fr\/wp-json\/wp\/v2\/types\/product"}],"wp:attachment":[{"href":"https:\/\/games.tactic.net\/fr\/wp-json\/wp\/v2\/media?parent=797034"}],"wp:term":[{"taxonomy":"product_brand","embeddable":true,"href":"https:\/\/games.tactic.net\/fr\/wp-json\/wp\/v2\/product_brand?post=797034"},{"taxonomy":"product_cat","embeddable":true,"href":"https:\/\/games.tactic.net\/fr\/wp-json\/wp\/v2\/product_cat?post=797034"},{"taxonomy":"product_tag","embeddable":true,"href":"https:\/\/games.tactic.net\/fr\/wp-json\/wp\/v2\/product_tag?post=797034"},{"taxonomy":"brand","embeddable":true,"href":"https:\/\/games.tactic.net\/fr\/wp-json\/wp\/v2\/brand?post=797034"},{"taxonomy":"target-group","embeddable":true,"href":"https:\/\/games.tactic.net\/fr\/wp-json\/wp\/v2\/target-group?post=797034"},{"taxonomy":"discontinued","embeddable":true,"href":"https:\/\/games.tactic.net\/fr\/wp-json\/wp\/v2\/discontinued?post=797034"}],"curies":[{"name":"wp","href":"https:\/\/api.w.org\/{rel}","templated":true}]}}