{"id":707160,"date":"2023-02-02T14:43:41","date_gmt":"2023-02-02T12:43:41","guid":{"rendered":"https:\/\/games.tactic.net\/tuote\/le-parcours-des-nenuphars\/"},"modified":"2023-10-17T15:23:56","modified_gmt":"2023-10-17T12:23:56","slug":"le-parcours-des-nenuphars","status":"publish","type":"product","link":"https:\/\/games.tactic.net\/fr\/tuote\/le-parcours-des-nenuphars\/","title":{"rendered":"Tactic Le parcours des n\u00e9nuphars"},"content":{"rendered":"<p>Bondis le long des n\u00e9nuphars\u00a0! Le moment est venu pour les petites grenouilles de rentrer \u00e0 la maison, mais elles doivent d\u00b4abord traverser la mare. Suis le chemin de n\u00e9nuphars et lance le d\u00e9 pour voir si tu trouveras une surprise sous le n\u00e9nuphar sur lequel tu te trouves\u00a0! &#8211; Un jeu simple con\u00e7u pour les tr\u00e8s jeunes joueurs.<\/p>\n","protected":false},"excerpt":{"rendered":"<p>Bondis le long des n\u00e9nuphars\u00a0! Le moment est venu pour les petites grenouilles de rentrer \u00e0 la maison, mais elles doivent d\u00b4abord traverser la mare. Suis le chemin de n\u00e9nuphars et lance le d\u00e9 pour voir si tu trouveras une surprise sous le n\u00e9nuphar sur lequel tu te trouves\u00a0! Un jeu simple con\u00e7u pour les tr\u00e8s jeunes joueurs.<\/p>\n","protected":false},"featured_media":0,"template":"","meta":{"content-type":"","_monsterinsights_skip_tracking":false,"_monsterinsights_sitenote_active":false,"_monsterinsights_sitenote_note":"","_monsterinsights_sitenote_category":0},"product_brand":[],"product_cat":[1858],"product_tag":[373,410,1326,1036],"brand":[],"target-group":[],"discontinued":[],"class_list":{"0":"post-707160","1":"product","2":"type-product","3":"status-publish","5":"product_cat-jeux-de-societe-enfants","6":"product_tag-calcul","7":"product_tag-educatif","8":"product_tag-ensemble","9":"product_tag-passe-temps","11":"first","12":"instock","13":"taxable","14":"shipping-taxable","15":"product-type-simple"},"aioseo_notices":[],"_links":{"self":[{"href":"https:\/\/games.tactic.net\/fr\/wp-json\/wp\/v2\/product\/707160","targetHints":{"allow":["GET"]}}],"collection":[{"href":"https:\/\/games.tactic.net\/fr\/wp-json\/wp\/v2\/product"}],"about":[{"href":"https:\/\/games.tactic.net\/fr\/wp-json\/wp\/v2\/types\/product"}],"wp:attachment":[{"href":"https:\/\/games.tactic.net\/fr\/wp-json\/wp\/v2\/media?parent=707160"}],"wp:term":[{"taxonomy":"product_brand","embeddable":true,"href":"https:\/\/games.tactic.net\/fr\/wp-json\/wp\/v2\/product_brand?post=707160"},{"taxonomy":"product_cat","embeddable":true,"href":"https:\/\/games.tactic.net\/fr\/wp-json\/wp\/v2\/product_cat?post=707160"},{"taxonomy":"product_tag","embeddable":true,"href":"https:\/\/games.tactic.net\/fr\/wp-json\/wp\/v2\/product_tag?post=707160"},{"taxonomy":"brand","embeddable":true,"href":"https:\/\/games.tactic.net\/fr\/wp-json\/wp\/v2\/brand?post=707160"},{"taxonomy":"target-group","embeddable":true,"href":"https:\/\/games.tactic.net\/fr\/wp-json\/wp\/v2\/target-group?post=707160"},{"taxonomy":"discontinued","embeddable":true,"href":"https:\/\/games.tactic.net\/fr\/wp-json\/wp\/v2\/discontinued?post=707160"}],"curies":[{"name":"wp","href":"https:\/\/api.w.org\/{rel}","templated":true}]}}