{"id":691349,"date":"2023-01-09T13:05:32","date_gmt":"2023-01-09T11:05:32","guid":{"rendered":"http:\/\/games.tactic.net\/tuote\/le-cameleon-des-couleurs\/"},"modified":"2023-10-17T16:24:26","modified_gmt":"2023-10-17T13:24:26","slug":"le-cameleon-des-couleurs","status":"publish","type":"product","link":"https:\/\/games.tactic.net\/fr\/tuote\/le-cameleon-des-couleurs\/","title":{"rendered":"Tactic Le cam\u00e9l\u00e9on des couleurs"},"content":{"rendered":"<p>Aide les cam\u00e9l\u00e9ons \u00e0 retrouver leurs couleurs\u00a0! Ces cam\u00e9l\u00e9ons somnolent depuis un peu trop longtemps car ils ont perdu toutes leurs couleurs. Lance le d\u00e9, d\u00e9place-toi sur le plateau de jeu et essaie de trouver les bonnes couleurs pour que ton cam\u00e9l\u00e9on resplendisse \u00e0 nouveau\u00a0! &#8211; Un jeu simple con\u00e7u pour les tr\u00e8s jeunes joueurs.<\/p>\n","protected":false},"excerpt":{"rendered":"<p>Aide les cam\u00e9l\u00e9ons \u00e0 retrouver leurs couleurs\u00a0! Ces cam\u00e9l\u00e9ons somnolent depuis un peu trop longtemps car ils ont perdu toutes leurs couleurs. Lance le d\u00e9, d\u00e9place-toi sur le plateau de jeu et essaie de trouver les bonnes couleurs pour que ton cam\u00e9l\u00e9on resplendisse \u00e0 nouveau\u00a0! Un jeu simple con\u00e7u pour les tr\u00e8s jeunes joueurs.<\/p>\n","protected":false},"featured_media":0,"template":"","meta":{"content-type":"","_monsterinsights_skip_tracking":false,"_monsterinsights_sitenote_active":false,"_monsterinsights_sitenote_note":"","_monsterinsights_sitenote_category":0},"product_brand":[],"product_cat":[1858],"product_tag":[373,1236,410,1326,1036],"brand":[],"target-group":[],"discontinued":[],"class_list":{"0":"post-691349","1":"product","2":"type-product","3":"status-publish","5":"product_cat-jeux-de-societe-enfants","6":"product_tag-calcul","7":"product_tag-combiner-fr","8":"product_tag-educatif","9":"product_tag-ensemble","10":"product_tag-passe-temps","12":"first","13":"instock","14":"taxable","15":"shipping-taxable","16":"product-type-simple"},"aioseo_notices":[],"_links":{"self":[{"href":"https:\/\/games.tactic.net\/fr\/wp-json\/wp\/v2\/product\/691349","targetHints":{"allow":["GET"]}}],"collection":[{"href":"https:\/\/games.tactic.net\/fr\/wp-json\/wp\/v2\/product"}],"about":[{"href":"https:\/\/games.tactic.net\/fr\/wp-json\/wp\/v2\/types\/product"}],"wp:attachment":[{"href":"https:\/\/games.tactic.net\/fr\/wp-json\/wp\/v2\/media?parent=691349"}],"wp:term":[{"taxonomy":"product_brand","embeddable":true,"href":"https:\/\/games.tactic.net\/fr\/wp-json\/wp\/v2\/product_brand?post=691349"},{"taxonomy":"product_cat","embeddable":true,"href":"https:\/\/games.tactic.net\/fr\/wp-json\/wp\/v2\/product_cat?post=691349"},{"taxonomy":"product_tag","embeddable":true,"href":"https:\/\/games.tactic.net\/fr\/wp-json\/wp\/v2\/product_tag?post=691349"},{"taxonomy":"brand","embeddable":true,"href":"https:\/\/games.tactic.net\/fr\/wp-json\/wp\/v2\/brand?post=691349"},{"taxonomy":"target-group","embeddable":true,"href":"https:\/\/games.tactic.net\/fr\/wp-json\/wp\/v2\/target-group?post=691349"},{"taxonomy":"discontinued","embeddable":true,"href":"https:\/\/games.tactic.net\/fr\/wp-json\/wp\/v2\/discontinued?post=691349"}],"curies":[{"name":"wp","href":"https:\/\/api.w.org\/{rel}","templated":true}]}}