{"id":67987,"date":"2021-02-17T10:42:59","date_gmt":"2021-02-17T08:42:59","guid":{"rendered":"https:\/\/dev.tactic.net\/tuote\/canal-king\/"},"modified":"2023-10-25T14:11:58","modified_gmt":"2023-10-25T11:11:58","slug":"canal-king","status":"publish","type":"product","link":"https:\/\/games.tactic.net\/fr\/tuote\/canal-king\/","title":{"rendered":"Gamestorm Canal King board game"},"content":{"rendered":"<p>Ce jeu de strat\u00e9gie divertissant vous emm\u00e8ne \u00e0 Bruges, en Belgique. Servez-vous de tuiles de canal pour construire une route connectant votre port de d\u00e9part \u00e0 votre destination finale, en passant par deux escales. Une fois le canal termin\u00e9, sautez sur votre bateau et tentez d\u2019atteindre la ligne d\u2019arriv\u00e9e avant vos adversaires !<\/p>\n","protected":false},"excerpt":{"rendered":"<p>Ce jeu de strat\u00e9gie divertissant vous emm\u00e8ne \u00e0 Bruges, en Belgique. Servez-vous de tuiles de canal pour construire une route connectant votre port de d\u00e9part \u00e0 votre destination finale, en passant par deux escales. Une fois le canal termin\u00e9, sautez sur votre bateau et tentez d\u2019atteindre la ligne d\u2019arriv\u00e9e avant vos adversaires !<\/p>\n","protected":false},"featured_media":0,"template":"","meta":{"content-type":"","_monsterinsights_skip_tracking":false,"_monsterinsights_sitenote_active":false,"_monsterinsights_sitenote_note":"","_monsterinsights_sitenote_category":0},"product_brand":[],"product_cat":[1786,1787],"product_tag":[1246],"brand":[{"id":887,"name":"Gamestorm Studio","slug":"gamestormstudio-fr"}],"target-group":[],"discontinued":[],"class_list":{"0":"post-67987","1":"product","2":"type-product","3":"status-publish","5":"product_cat-jeux-de-strategie-jeux-adultes","6":"product_cat-jeux-de-strategie-jeux-famille","7":"product_tag-strategie-fr","8":"brand-gamestormstudio-fr","10":"first","11":"outofstock","12":"sale","13":"taxable","14":"shipping-taxable","15":"product-type-simple"},"aioseo_notices":[],"_links":{"self":[{"href":"https:\/\/games.tactic.net\/fr\/wp-json\/wp\/v2\/product\/67987","targetHints":{"allow":["GET"]}}],"collection":[{"href":"https:\/\/games.tactic.net\/fr\/wp-json\/wp\/v2\/product"}],"about":[{"href":"https:\/\/games.tactic.net\/fr\/wp-json\/wp\/v2\/types\/product"}],"wp:attachment":[{"href":"https:\/\/games.tactic.net\/fr\/wp-json\/wp\/v2\/media?parent=67987"}],"wp:term":[{"taxonomy":"product_brand","embeddable":true,"href":"https:\/\/games.tactic.net\/fr\/wp-json\/wp\/v2\/product_brand?post=67987"},{"taxonomy":"product_cat","embeddable":true,"href":"https:\/\/games.tactic.net\/fr\/wp-json\/wp\/v2\/product_cat?post=67987"},{"taxonomy":"product_tag","embeddable":true,"href":"https:\/\/games.tactic.net\/fr\/wp-json\/wp\/v2\/product_tag?post=67987"},{"taxonomy":"brand","embeddable":true,"href":"https:\/\/games.tactic.net\/fr\/wp-json\/wp\/v2\/brand?post=67987"},{"taxonomy":"target-group","embeddable":true,"href":"https:\/\/games.tactic.net\/fr\/wp-json\/wp\/v2\/target-group?post=67987"},{"taxonomy":"discontinued","embeddable":true,"href":"https:\/\/games.tactic.net\/fr\/wp-json\/wp\/v2\/discontinued?post=67987"}],"curies":[{"name":"wp","href":"https:\/\/api.w.org\/{rel}","templated":true}]}}