{"id":668676,"date":"2022-11-10T14:09:15","date_gmt":"2022-11-10T12:09:15","guid":{"rendered":"http:\/\/games.tactic.net\/tuote\/street-hockey-set\/"},"modified":"2025-04-17T11:08:29","modified_gmt":"2025-04-17T08:08:29","slug":"street-hockey-set","status":"publish","type":"product","link":"https:\/\/games.tactic.net\/fr\/tuote\/street-hockey-set\/","title":{"rendered":"Tactic Active Play Street Hockey Set"},"content":{"rendered":"<p>Les jeux Active Play sont un excellent moyen de stimuler l\u00b4activit\u00e9 et de passer de bons moments avec ta famille et tes amis ! Bouger et jouer est bon \u00e0 la fois pour ton corps et ton esprit. Cela te donne de l\u00b4\u00e9nergie et t\u00b4aide \u00e0 te concentrer et \u00e0 apprendre de nouvelles choses. \u00c0 toi de jouer ! Transforme n\u00b4importe quelle rue en un stade de hockey et fais une d\u00e9monstration de ton talent ! Ce kit Street Hockey comprend deux b\u00e2tons de hockey r\u00e9sistants ainsi qu\u00b4une balle de hockey l\u00e9g\u00e8re.<\/p>\n","protected":false},"excerpt":{"rendered":"<p>Les jeux Active Play sont un excellent moyen de stimuler l\u00b4activit\u00e9 et de passer de bons moments avec ta famille et tes amis ! Bouger et jouer est bon \u00e0 la fois pour ton corps et ton esprit. Cela te donne de l\u00b4\u00e9nergie et t\u00b4aide \u00e0 te concentrer et \u00e0 apprendre de nouvelles choses. \u00c0 [&hellip;]<\/p>\n","protected":false},"featured_media":0,"template":"","meta":{"content-type":"","_monsterinsights_skip_tracking":false,"_monsterinsights_sitenote_active":false,"_monsterinsights_sitenote_note":"","_monsterinsights_sitenote_category":0},"product_brand":[],"product_cat":[1869],"product_tag":[],"brand":[],"target-group":[],"discontinued":[],"class_list":{"0":"post-668676","1":"product","2":"type-product","3":"status-publish","5":"product_cat-active-play-jeux-dexterieur","7":"first","8":"outofstock","9":"taxable","10":"shipping-taxable","11":"product-type-simple"},"aioseo_notices":[],"_links":{"self":[{"href":"https:\/\/games.tactic.net\/fr\/wp-json\/wp\/v2\/product\/668676","targetHints":{"allow":["GET"]}}],"collection":[{"href":"https:\/\/games.tactic.net\/fr\/wp-json\/wp\/v2\/product"}],"about":[{"href":"https:\/\/games.tactic.net\/fr\/wp-json\/wp\/v2\/types\/product"}],"wp:attachment":[{"href":"https:\/\/games.tactic.net\/fr\/wp-json\/wp\/v2\/media?parent=668676"}],"wp:term":[{"taxonomy":"product_brand","embeddable":true,"href":"https:\/\/games.tactic.net\/fr\/wp-json\/wp\/v2\/product_brand?post=668676"},{"taxonomy":"product_cat","embeddable":true,"href":"https:\/\/games.tactic.net\/fr\/wp-json\/wp\/v2\/product_cat?post=668676"},{"taxonomy":"product_tag","embeddable":true,"href":"https:\/\/games.tactic.net\/fr\/wp-json\/wp\/v2\/product_tag?post=668676"},{"taxonomy":"brand","embeddable":true,"href":"https:\/\/games.tactic.net\/fr\/wp-json\/wp\/v2\/brand?post=668676"},{"taxonomy":"target-group","embeddable":true,"href":"https:\/\/games.tactic.net\/fr\/wp-json\/wp\/v2\/target-group?post=668676"},{"taxonomy":"discontinued","embeddable":true,"href":"https:\/\/games.tactic.net\/fr\/wp-json\/wp\/v2\/discontinued?post=668676"}],"curies":[{"name":"wp","href":"https:\/\/api.w.org\/{rel}","templated":true}]}}