{"id":668647,"date":"2022-11-10T14:08:58","date_gmt":"2022-11-10T12:08:58","guid":{"rendered":"http:\/\/games.tactic.net\/tuote\/zlam-racket-set\/"},"modified":"2023-09-27T20:49:09","modified_gmt":"2023-09-27T17:49:09","slug":"zlam-racket-set","status":"publish","type":"product","link":"https:\/\/games.tactic.net\/fr\/tuote\/zlam-racket-set\/","title":{"rendered":"Tactic Active Play Zlam Racket set"},"content":{"rendered":"<p>Les jeux Active Play sont un excellent moyen de stimuler l\u00b4activit\u00e9 et de passer de bons moments avec ta famille et tes amis ! Bouger et jouer est bon \u00e0 la fois pour ton corps et ton esprit. Cela te donne de l\u00b4\u00e9nergie et t\u00b4aide \u00e0 te concentrer et \u00e0 apprendre de nouvelles choses. Tu es pr\u00eat \u00e0 jouer ? Le set Zlam Racket est id\u00e9al pour faire des matchs rapides sur la plage ou des comp\u00e9titions hautes en couleurs dans le jardin ! Comprend 4 volants \u00e0 plumes et deux balles qui rendent ce set accessible quels que soient l\u00b4\u00e2ge et le niveau de jeu.<\/p>\n","protected":false},"excerpt":{"rendered":"<p>Les jeux Active Play sont un excellent moyen de stimuler l\u00b4activit\u00e9 et de passer de bons moments avec ta famille et tes amis ! Bouger et jouer est bon \u00e0 la fois pour ton corps et ton esprit. Cela te donne de l\u00b4\u00e9nergie et t\u00b4aide \u00e0 te concentrer et \u00e0 apprendre de nouvelles choses. Tu [&hellip;]<\/p>\n","protected":false},"featured_media":0,"template":"","meta":{"content-type":"","_monsterinsights_skip_tracking":false,"_monsterinsights_sitenote_active":false,"_monsterinsights_sitenote_note":"","_monsterinsights_sitenote_category":0},"product_brand":[],"product_cat":[1869],"product_tag":[],"brand":[],"target-group":[],"discontinued":[],"class_list":{"0":"post-668647","1":"product","2":"type-product","3":"status-publish","5":"product_cat-active-play-jeux-dexterieur","7":"first","8":"instock","9":"taxable","10":"shipping-taxable","11":"product-type-simple"},"aioseo_notices":[],"_links":{"self":[{"href":"https:\/\/games.tactic.net\/fr\/wp-json\/wp\/v2\/product\/668647","targetHints":{"allow":["GET"]}}],"collection":[{"href":"https:\/\/games.tactic.net\/fr\/wp-json\/wp\/v2\/product"}],"about":[{"href":"https:\/\/games.tactic.net\/fr\/wp-json\/wp\/v2\/types\/product"}],"wp:attachment":[{"href":"https:\/\/games.tactic.net\/fr\/wp-json\/wp\/v2\/media?parent=668647"}],"wp:term":[{"taxonomy":"product_brand","embeddable":true,"href":"https:\/\/games.tactic.net\/fr\/wp-json\/wp\/v2\/product_brand?post=668647"},{"taxonomy":"product_cat","embeddable":true,"href":"https:\/\/games.tactic.net\/fr\/wp-json\/wp\/v2\/product_cat?post=668647"},{"taxonomy":"product_tag","embeddable":true,"href":"https:\/\/games.tactic.net\/fr\/wp-json\/wp\/v2\/product_tag?post=668647"},{"taxonomy":"brand","embeddable":true,"href":"https:\/\/games.tactic.net\/fr\/wp-json\/wp\/v2\/brand?post=668647"},{"taxonomy":"target-group","embeddable":true,"href":"https:\/\/games.tactic.net\/fr\/wp-json\/wp\/v2\/target-group?post=668647"},{"taxonomy":"discontinued","embeddable":true,"href":"https:\/\/games.tactic.net\/fr\/wp-json\/wp\/v2\/discontinued?post=668647"}],"curies":[{"name":"wp","href":"https:\/\/api.w.org\/{rel}","templated":true}]}}