{"id":641115,"date":"2022-10-18T09:06:20","date_gmt":"2022-10-18T06:06:20","guid":{"rendered":"http:\/\/games.tactic.net\/tuote\/trendy-rainbow-tower\/"},"modified":"2023-10-25T14:01:25","modified_gmt":"2023-10-25T11:01:25","slug":"trendy-rainbow-tower","status":"publish","type":"product","link":"https:\/\/games.tactic.net\/fr\/tuote\/trendy-rainbow-tower\/","title":{"rendered":"Tactic Trendy Rainbow Tower board game"},"content":{"rendered":"<p>Dans ce jeu, les joueurs doivent d\u00e9licatement retirer des blocs de la tour et les placer au sommet. Mais attention \u00e0 la couleur ! Le d\u00e9 indique quel bloc de couleur tu dois d\u00e9placer. Ne tremble pas et garde la t\u00eate froide ; sinon, tu risques de faire tomber la tour !<\/p>\n","protected":false},"excerpt":{"rendered":"<p>Dans ce jeu, les joueurs doivent d\u00e9licatement retirer des blocs de la tour et les placer au sommet. Mais attention \u00e0 la couleur ! Le d\u00e9 indique quel bloc de couleur tu dois d\u00e9placer. Ne tremble pas et garde la t\u00eate froide ; sinon, tu risques de faire tomber la tour !<\/p>\n","protected":false},"featured_media":0,"template":"","meta":{"content-type":"","_monsterinsights_skip_tracking":false,"_monsterinsights_sitenote_active":false,"_monsterinsights_sitenote_note":"","_monsterinsights_sitenote_category":0},"product_brand":[],"product_cat":[1858],"product_tag":[],"brand":[],"target-group":[],"discontinued":[],"class_list":{"0":"post-641115","1":"product","2":"type-product","3":"status-publish","5":"product_cat-jeux-de-societe-enfants","7":"first","8":"instock","9":"taxable","10":"shipping-taxable","11":"product-type-simple"},"aioseo_notices":[],"_links":{"self":[{"href":"https:\/\/games.tactic.net\/fr\/wp-json\/wp\/v2\/product\/641115","targetHints":{"allow":["GET"]}}],"collection":[{"href":"https:\/\/games.tactic.net\/fr\/wp-json\/wp\/v2\/product"}],"about":[{"href":"https:\/\/games.tactic.net\/fr\/wp-json\/wp\/v2\/types\/product"}],"wp:attachment":[{"href":"https:\/\/games.tactic.net\/fr\/wp-json\/wp\/v2\/media?parent=641115"}],"wp:term":[{"taxonomy":"product_brand","embeddable":true,"href":"https:\/\/games.tactic.net\/fr\/wp-json\/wp\/v2\/product_brand?post=641115"},{"taxonomy":"product_cat","embeddable":true,"href":"https:\/\/games.tactic.net\/fr\/wp-json\/wp\/v2\/product_cat?post=641115"},{"taxonomy":"product_tag","embeddable":true,"href":"https:\/\/games.tactic.net\/fr\/wp-json\/wp\/v2\/product_tag?post=641115"},{"taxonomy":"brand","embeddable":true,"href":"https:\/\/games.tactic.net\/fr\/wp-json\/wp\/v2\/brand?post=641115"},{"taxonomy":"target-group","embeddable":true,"href":"https:\/\/games.tactic.net\/fr\/wp-json\/wp\/v2\/target-group?post=641115"},{"taxonomy":"discontinued","embeddable":true,"href":"https:\/\/games.tactic.net\/fr\/wp-json\/wp\/v2\/discontinued?post=641115"}],"curies":[{"name":"wp","href":"https:\/\/api.w.org\/{rel}","templated":true}]}}