{"id":641086,"date":"2022-10-18T09:02:59","date_gmt":"2022-10-18T06:02:59","guid":{"rendered":"http:\/\/games.tactic.net\/tuote\/trendy-donkey-balance-game\/"},"modified":"2023-10-25T14:00:15","modified_gmt":"2023-10-25T11:00:15","slug":"trendy-donkey-balance-game","status":"publish","type":"product","link":"https:\/\/games.tactic.net\/fr\/tuote\/trendy-donkey-balance-game\/","title":{"rendered":"Tactic Trendy Donkey Balance board game"},"content":{"rendered":"<p>Charge l\u00b4\u00e2ne ! Place un b\u00e2ton \u00e0 la fois sur l\u00b4\u00e2ne mais fais attention, car tu devras ramasser chaque b\u00e2ton qui tombera. Ce jeu classique requiert de l\u00b4adresse mais il offrira des heures d\u00b4amusement aux joueurs de tous \u00e2ges !<\/p>\n","protected":false},"excerpt":{"rendered":"<p>Charge l\u00b4\u00e2ne ! Place un b\u00e2ton \u00e0 la fois sur l\u00b4\u00e2ne mais fais attention, car tu devras ramasser chaque b\u00e2ton qui tombera. Ce jeu classique requiert de l\u00b4adresse mais il offrira des heures d\u00b4amusement aux joueurs de tous \u00e2ges !<\/p>\n","protected":false},"featured_media":0,"template":"","meta":{"content-type":"","_monsterinsights_skip_tracking":false,"_monsterinsights_sitenote_active":false,"_monsterinsights_sitenote_note":"","_monsterinsights_sitenote_category":0},"product_brand":[],"product_cat":[1858],"product_tag":[],"brand":[],"target-group":[],"discontinued":[],"class_list":{"0":"post-641086","1":"product","2":"type-product","3":"status-publish","5":"product_cat-jeux-de-societe-enfants","7":"first","8":"instock","9":"taxable","10":"shipping-taxable","11":"product-type-simple"},"aioseo_notices":[],"_links":{"self":[{"href":"https:\/\/games.tactic.net\/fr\/wp-json\/wp\/v2\/product\/641086","targetHints":{"allow":["GET"]}}],"collection":[{"href":"https:\/\/games.tactic.net\/fr\/wp-json\/wp\/v2\/product"}],"about":[{"href":"https:\/\/games.tactic.net\/fr\/wp-json\/wp\/v2\/types\/product"}],"wp:attachment":[{"href":"https:\/\/games.tactic.net\/fr\/wp-json\/wp\/v2\/media?parent=641086"}],"wp:term":[{"taxonomy":"product_brand","embeddable":true,"href":"https:\/\/games.tactic.net\/fr\/wp-json\/wp\/v2\/product_brand?post=641086"},{"taxonomy":"product_cat","embeddable":true,"href":"https:\/\/games.tactic.net\/fr\/wp-json\/wp\/v2\/product_cat?post=641086"},{"taxonomy":"product_tag","embeddable":true,"href":"https:\/\/games.tactic.net\/fr\/wp-json\/wp\/v2\/product_tag?post=641086"},{"taxonomy":"brand","embeddable":true,"href":"https:\/\/games.tactic.net\/fr\/wp-json\/wp\/v2\/brand?post=641086"},{"taxonomy":"target-group","embeddable":true,"href":"https:\/\/games.tactic.net\/fr\/wp-json\/wp\/v2\/target-group?post=641086"},{"taxonomy":"discontinued","embeddable":true,"href":"https:\/\/games.tactic.net\/fr\/wp-json\/wp\/v2\/discontinued?post=641086"}],"curies":[{"name":"wp","href":"https:\/\/api.w.org\/{rel}","templated":true}]}}