{"id":632598,"date":"2022-09-26T13:29:03","date_gmt":"2022-09-26T10:29:03","guid":{"rendered":"http:\/\/games.tactic.net\/tuote\/le-tresor-de-lile-aux-singes\/"},"modified":"2023-10-25T13:32:54","modified_gmt":"2023-10-25T10:32:54","slug":"le-tresor-de-lile-aux-singes","status":"publish","type":"product","link":"https:\/\/games.tactic.net\/fr\/tuote\/le-tresor-de-lile-aux-singes\/","title":{"rendered":"Tactic Le Tr\u00e9sor de l\u2019\u00eele aux Singes"},"content":{"rendered":"<p>Trouve le tr\u00e9sor avant de te faire attraper par le Capitaine ! Un Capitaine pirate a amass\u00e9 un tr\u00e9sor consid\u00e9rable et des singes malicieux en veulent une part ! D\u00e9place-toi sur le plateau de jeu, trouve le chemin vers la cache secr\u00e8te du Capitaine et vole autant de pi\u00e8ces que possible. Mais fais attention, car le Capitaine n\u2019aime pas partager !<\/p>\n","protected":false},"excerpt":{"rendered":"<p>Trouve le tr\u00e9sor avant de te faire attraper par le Capitaine ! Un Capitaine pirate a amass\u00e9 un tr\u00e9sor consid\u00e9rable et des singes malicieux en veulent une part ! D\u00e9place-toi sur le plateau de jeu, trouve le chemin vers la cache secr\u00e8te du Capitaine et vole autant de pi\u00e8ces que possible. Mais fais attention, car le Capitaine n\u2019aime pas partager ! Excellent concept de jeu dans la bo\u00eete en facile \u00e0 apprendre et amusant \u00e0 jouer.<\/p>\n","protected":false},"featured_media":0,"template":"","meta":{"content-type":"","_monsterinsights_skip_tracking":false,"_monsterinsights_sitenote_active":false,"_monsterinsights_sitenote_note":"","_monsterinsights_sitenote_category":0},"product_brand":[],"product_cat":[1858],"product_tag":[1036],"brand":[],"target-group":[],"discontinued":[],"class_list":{"0":"post-632598","1":"product","2":"type-product","3":"status-publish","5":"product_cat-jeux-de-societe-enfants","6":"product_tag-passe-temps","8":"first","9":"instock","10":"taxable","11":"shipping-taxable","12":"product-type-simple"},"aioseo_notices":[],"_links":{"self":[{"href":"https:\/\/games.tactic.net\/fr\/wp-json\/wp\/v2\/product\/632598","targetHints":{"allow":["GET"]}}],"collection":[{"href":"https:\/\/games.tactic.net\/fr\/wp-json\/wp\/v2\/product"}],"about":[{"href":"https:\/\/games.tactic.net\/fr\/wp-json\/wp\/v2\/types\/product"}],"wp:attachment":[{"href":"https:\/\/games.tactic.net\/fr\/wp-json\/wp\/v2\/media?parent=632598"}],"wp:term":[{"taxonomy":"product_brand","embeddable":true,"href":"https:\/\/games.tactic.net\/fr\/wp-json\/wp\/v2\/product_brand?post=632598"},{"taxonomy":"product_cat","embeddable":true,"href":"https:\/\/games.tactic.net\/fr\/wp-json\/wp\/v2\/product_cat?post=632598"},{"taxonomy":"product_tag","embeddable":true,"href":"https:\/\/games.tactic.net\/fr\/wp-json\/wp\/v2\/product_tag?post=632598"},{"taxonomy":"brand","embeddable":true,"href":"https:\/\/games.tactic.net\/fr\/wp-json\/wp\/v2\/brand?post=632598"},{"taxonomy":"target-group","embeddable":true,"href":"https:\/\/games.tactic.net\/fr\/wp-json\/wp\/v2\/target-group?post=632598"},{"taxonomy":"discontinued","embeddable":true,"href":"https:\/\/games.tactic.net\/fr\/wp-json\/wp\/v2\/discontinued?post=632598"}],"curies":[{"name":"wp","href":"https:\/\/api.w.org\/{rel}","templated":true}]}}