{"id":56975,"date":"2021-01-29T12:25:49","date_gmt":"2021-01-29T10:25:49","guid":{"rendered":"https:\/\/dev.tactic.net\/tuote\/land-of-clans\/"},"modified":"2023-10-25T16:28:36","modified_gmt":"2023-10-25T13:28:36","slug":"land-of-clans","status":"publish","type":"product","link":"https:\/\/games.tactic.net\/fr\/tuote\/land-of-clans\/","title":{"rendered":"Gamestorm Land of Clans board game"},"content":{"rendered":"<p>Enfilez les bottes d\u2019un chef de clan et partez \u00e0 la conqu\u00eate des Highlands \u00c9cossais ! Construisez votre propre ch\u00e2teau en vous emparant des emplacements sur le plateau de jeu. Vous pouvez \u00e9galement attaquer le ch\u00e2teau de votre adversaire, si vous pensez avoir suffisamment de puissance pour percer sa d\u00e9fense. Le premier joueur \u00e0 contr\u00f4ler quatre ch\u00e2teaux remporte la partie.<\/p>\n","protected":false},"excerpt":{"rendered":"<p>Enfilez les bottes d\u2019un chef de clan et partez \u00e0 la conqu\u00eate des Highlands \u00c9cossais ! Construisez votre propre ch\u00e2teau en vous emparant des emplacements sur le plateau de jeu. Vous pouvez \u00e9galement attaquer le ch\u00e2teau de votre adversaire, si vous pensez avoir suffisamment de puissance pour percer sa d\u00e9fense. Le premier joueur \u00e0 contr\u00f4ler quatre ch\u00e2teaux remporte la partie.<\/p>\n","protected":false},"featured_media":0,"template":"","meta":{"content-type":"","_monsterinsights_skip_tracking":false,"_monsterinsights_sitenote_active":false,"_monsterinsights_sitenote_note":"","_monsterinsights_sitenote_category":0},"product_brand":[],"product_cat":[1786,1787],"product_tag":[1246,898],"brand":[{"id":887,"name":"Gamestorm Studio","slug":"gamestormstudio-fr"}],"target-group":[],"discontinued":[],"class_list":{"0":"post-56975","1":"product","2":"type-product","3":"status-publish","5":"product_cat-jeux-de-strategie-jeux-adultes","6":"product_cat-jeux-de-strategie-jeux-famille","7":"product_tag-strategie-fr","8":"product_tag-tactique","9":"brand-gamestormstudio-fr","11":"first","12":"outofstock","13":"taxable","14":"shipping-taxable","15":"product-type-simple"},"aioseo_notices":[],"_links":{"self":[{"href":"https:\/\/games.tactic.net\/fr\/wp-json\/wp\/v2\/product\/56975","targetHints":{"allow":["GET"]}}],"collection":[{"href":"https:\/\/games.tactic.net\/fr\/wp-json\/wp\/v2\/product"}],"about":[{"href":"https:\/\/games.tactic.net\/fr\/wp-json\/wp\/v2\/types\/product"}],"wp:attachment":[{"href":"https:\/\/games.tactic.net\/fr\/wp-json\/wp\/v2\/media?parent=56975"}],"wp:term":[{"taxonomy":"product_brand","embeddable":true,"href":"https:\/\/games.tactic.net\/fr\/wp-json\/wp\/v2\/product_brand?post=56975"},{"taxonomy":"product_cat","embeddable":true,"href":"https:\/\/games.tactic.net\/fr\/wp-json\/wp\/v2\/product_cat?post=56975"},{"taxonomy":"product_tag","embeddable":true,"href":"https:\/\/games.tactic.net\/fr\/wp-json\/wp\/v2\/product_tag?post=56975"},{"taxonomy":"brand","embeddable":true,"href":"https:\/\/games.tactic.net\/fr\/wp-json\/wp\/v2\/brand?post=56975"},{"taxonomy":"target-group","embeddable":true,"href":"https:\/\/games.tactic.net\/fr\/wp-json\/wp\/v2\/target-group?post=56975"},{"taxonomy":"discontinued","embeddable":true,"href":"https:\/\/games.tactic.net\/fr\/wp-json\/wp\/v2\/discontinued?post=56975"}],"curies":[{"name":"wp","href":"https:\/\/api.w.org\/{rel}","templated":true}]}}