{"id":56866,"date":"2021-01-29T12:06:47","date_gmt":"2021-01-29T10:06:47","guid":{"rendered":"https:\/\/dev.tactic.net\/tuote\/defis\/"},"modified":"2024-09-26T14:37:58","modified_gmt":"2024-09-26T11:37:58","slug":"defis","status":"publish","type":"product","link":"https:\/\/games.tactic.net\/fr\/tuote\/defis\/","title":{"rendered":"Tactic D\u00e9fis"},"content":{"rendered":"<p>Chaque joueur essaie de relever des d\u00e9fis physiques et intellectuels pour gagner, tandis que les autres joueurs parient s\u2019il va y parvenir ou non.<\/p>\n<p><img decoding=\"async\" src=\"https:\\\\\\\\games.tactic.net\\\\pic\\\\logo\\\\Awarded_concept.png\"><\/p>\n","protected":false},"excerpt":{"rendered":"<p>Chaque joueur essaie de relever des d\u00e9fis physiques et intellectuels pour gagner, tandis que les autres joueurs parient s\u2019il va y parvenir ou non. Propose une grande vari\u00e9t\u00e9 de d\u00e9fis amusants. Ce jeu est parfait pour jouer entre amis et en famille !<\/p>\n","protected":false},"featured_media":0,"template":"","meta":{"content-type":"","_monsterinsights_skip_tracking":false,"_monsterinsights_sitenote_active":false,"_monsterinsights_sitenote_note":"","_monsterinsights_sitenote_category":0},"product_brand":[],"product_cat":[1886,1879],"product_tag":[],"brand":[],"target-group":[],"discontinued":[],"class_list":{"0":"post-56866","1":"product","2":"type-product","3":"status-publish","5":"product_cat-jeux-dambiance","6":"product_cat-party-games","8":"first","9":"instock","10":"taxable","11":"shipping-taxable","12":"product-type-simple"},"aioseo_notices":[],"_links":{"self":[{"href":"https:\/\/games.tactic.net\/fr\/wp-json\/wp\/v2\/product\/56866","targetHints":{"allow":["GET"]}}],"collection":[{"href":"https:\/\/games.tactic.net\/fr\/wp-json\/wp\/v2\/product"}],"about":[{"href":"https:\/\/games.tactic.net\/fr\/wp-json\/wp\/v2\/types\/product"}],"wp:attachment":[{"href":"https:\/\/games.tactic.net\/fr\/wp-json\/wp\/v2\/media?parent=56866"}],"wp:term":[{"taxonomy":"product_brand","embeddable":true,"href":"https:\/\/games.tactic.net\/fr\/wp-json\/wp\/v2\/product_brand?post=56866"},{"taxonomy":"product_cat","embeddable":true,"href":"https:\/\/games.tactic.net\/fr\/wp-json\/wp\/v2\/product_cat?post=56866"},{"taxonomy":"product_tag","embeddable":true,"href":"https:\/\/games.tactic.net\/fr\/wp-json\/wp\/v2\/product_tag?post=56866"},{"taxonomy":"brand","embeddable":true,"href":"https:\/\/games.tactic.net\/fr\/wp-json\/wp\/v2\/brand?post=56866"},{"taxonomy":"target-group","embeddable":true,"href":"https:\/\/games.tactic.net\/fr\/wp-json\/wp\/v2\/target-group?post=56866"},{"taxonomy":"discontinued","embeddable":true,"href":"https:\/\/games.tactic.net\/fr\/wp-json\/wp\/v2\/discontinued?post=56866"}],"curies":[{"name":"wp","href":"https:\/\/api.w.org\/{rel}","templated":true}]}}