{"id":568200,"date":"2022-05-12T08:25:50","date_gmt":"2022-05-12T05:25:50","guid":{"rendered":"http:\/\/games.tactic.net\/tuote\/curling-bowling-table-sport\/"},"modified":"2023-10-06T16:06:19","modified_gmt":"2023-10-06T13:06:19","slug":"curling-bowling-table-sport","status":"publish","type":"product","link":"https:\/\/games.tactic.net\/fr\/tuote\/curling-bowling-table-sport\/","title":{"rendered":"Tactic Active Play Curling &#038; Bowling table sport"},"content":{"rendered":"<p>Les jeux Active Play sont un excellent moyen de stimuler l\u00b4activit\u00e9 et de passer de bons moments avec ta famille et tes amis ! Bouger et jouer est bon \u00e0 la fois pour ton corps et ton esprit. Cela te donne de l\u00b4\u00e9nergie et t\u00b4aide \u00e0 te concentrer et \u00e0 apprendre de nouvelles choses. Lance-toi dans une partie de curling ou d\u00e9couvre qui est le ma\u00eetre du bowling dans ta famille ! Ce double kit comprend 8 pierres utilisables \u00e0 la fois pour le curling et le bowling, 6 quilles de bowling, 2 baguettes magn\u00e9tiques, une surface de jeu d\u00e9roulable et les r\u00e8gles du jeu.<\/p>\n","protected":false},"excerpt":{"rendered":"<p>Les jeux Active Play sont un excellent moyen de stimuler l\u00b4activit\u00e9 et de passer de bons moments avec ta famille et tes amis ! Bouger et jouer est bon \u00e0 la fois pour ton corps et ton esprit. Cela te donne de l\u00b4\u00e9nergie et t\u00b4aide \u00e0 te concentrer et \u00e0 apprendre de nouvelles choses. Lance-toi [&hellip;]<\/p>\n","protected":false},"featured_media":0,"template":"","meta":{"content-type":"","_monsterinsights_skip_tracking":false,"_monsterinsights_sitenote_active":false,"_monsterinsights_sitenote_note":"","_monsterinsights_sitenote_category":0},"product_brand":[],"product_cat":[1869,1886,1879],"product_tag":[302,578,1246],"brand":[],"target-group":[],"discontinued":[],"class_list":{"0":"post-568200","1":"product","2":"type-product","3":"status-publish","5":"product_cat-active-play-jeux-dexterieur","6":"product_cat-jeux-dambiance","7":"product_cat-party-games","8":"product_tag-action","9":"product_tag-habilete","10":"product_tag-strategie-fr","12":"first","13":"outofstock","14":"taxable","15":"shipping-taxable","16":"product-type-simple"},"aioseo_notices":[],"_links":{"self":[{"href":"https:\/\/games.tactic.net\/fr\/wp-json\/wp\/v2\/product\/568200","targetHints":{"allow":["GET"]}}],"collection":[{"href":"https:\/\/games.tactic.net\/fr\/wp-json\/wp\/v2\/product"}],"about":[{"href":"https:\/\/games.tactic.net\/fr\/wp-json\/wp\/v2\/types\/product"}],"wp:attachment":[{"href":"https:\/\/games.tactic.net\/fr\/wp-json\/wp\/v2\/media?parent=568200"}],"wp:term":[{"taxonomy":"product_brand","embeddable":true,"href":"https:\/\/games.tactic.net\/fr\/wp-json\/wp\/v2\/product_brand?post=568200"},{"taxonomy":"product_cat","embeddable":true,"href":"https:\/\/games.tactic.net\/fr\/wp-json\/wp\/v2\/product_cat?post=568200"},{"taxonomy":"product_tag","embeddable":true,"href":"https:\/\/games.tactic.net\/fr\/wp-json\/wp\/v2\/product_tag?post=568200"},{"taxonomy":"brand","embeddable":true,"href":"https:\/\/games.tactic.net\/fr\/wp-json\/wp\/v2\/brand?post=568200"},{"taxonomy":"target-group","embeddable":true,"href":"https:\/\/games.tactic.net\/fr\/wp-json\/wp\/v2\/target-group?post=568200"},{"taxonomy":"discontinued","embeddable":true,"href":"https:\/\/games.tactic.net\/fr\/wp-json\/wp\/v2\/discontinued?post=568200"}],"curies":[{"name":"wp","href":"https:\/\/api.w.org\/{rel}","templated":true}]}}