{"id":56809,"date":"2021-01-29T12:06:21","date_gmt":"2021-01-29T10:06:21","guid":{"rendered":"https:\/\/dev.tactic.net\/tuote\/course-contre-le-crime\/"},"modified":"2023-10-25T14:24:21","modified_gmt":"2023-10-25T11:24:21","slug":"course-contre-le-crime","status":"publish","type":"product","link":"https:\/\/games.tactic.net\/fr\/tuote\/course-contre-le-crime\/","title":{"rendered":"Tactic Course Contre le Crime"},"content":{"rendered":"<p>Unissez vos forces pour r\u00e9soudre les crimes ! D\u00e9placez-vous dans la ville, rassemblez des preuves et r\u00e9solvez les \u00e9nigmes. Mais faites vite, ou les bandits s\u2019\u00e9chapperont.<\/p>\n","protected":false},"excerpt":{"rendered":"<p>Unissez vos forces pour r\u00e9soudre les crimes ! D\u00e9placez-vous dans la ville, rassemblez des preuves et r\u00e9solvez les \u00e9nigmes. Mais faites vite, ou les bandits s\u2019\u00e9chapperont.<\/p>\n","protected":false},"featured_media":0,"template":"","meta":{"content-type":"","_monsterinsights_skip_tracking":false,"_monsterinsights_sitenote_active":false,"_monsterinsights_sitenote_note":"","_monsterinsights_sitenote_category":0},"product_brand":[],"product_cat":[1860],"product_tag":[1332,1326],"brand":[],"target-group":[],"discontinued":[],"class_list":{"0":"post-56809","1":"product","2":"type-product","3":"status-publish","5":"product_cat-jeux-de-societe","6":"product_tag-enigmes","7":"product_tag-ensemble","9":"first","10":"instock","11":"taxable","12":"shipping-taxable","13":"product-type-simple"},"aioseo_notices":[],"_links":{"self":[{"href":"https:\/\/games.tactic.net\/fr\/wp-json\/wp\/v2\/product\/56809","targetHints":{"allow":["GET"]}}],"collection":[{"href":"https:\/\/games.tactic.net\/fr\/wp-json\/wp\/v2\/product"}],"about":[{"href":"https:\/\/games.tactic.net\/fr\/wp-json\/wp\/v2\/types\/product"}],"wp:attachment":[{"href":"https:\/\/games.tactic.net\/fr\/wp-json\/wp\/v2\/media?parent=56809"}],"wp:term":[{"taxonomy":"product_brand","embeddable":true,"href":"https:\/\/games.tactic.net\/fr\/wp-json\/wp\/v2\/product_brand?post=56809"},{"taxonomy":"product_cat","embeddable":true,"href":"https:\/\/games.tactic.net\/fr\/wp-json\/wp\/v2\/product_cat?post=56809"},{"taxonomy":"product_tag","embeddable":true,"href":"https:\/\/games.tactic.net\/fr\/wp-json\/wp\/v2\/product_tag?post=56809"},{"taxonomy":"brand","embeddable":true,"href":"https:\/\/games.tactic.net\/fr\/wp-json\/wp\/v2\/brand?post=56809"},{"taxonomy":"target-group","embeddable":true,"href":"https:\/\/games.tactic.net\/fr\/wp-json\/wp\/v2\/target-group?post=56809"},{"taxonomy":"discontinued","embeddable":true,"href":"https:\/\/games.tactic.net\/fr\/wp-json\/wp\/v2\/discontinued?post=56809"}],"curies":[{"name":"wp","href":"https:\/\/api.w.org\/{rel}","templated":true}]}}