{"id":55990,"date":"2021-01-21T12:24:53","date_gmt":"2021-01-21T10:24:53","guid":{"rendered":"https:\/\/dev.tactic.net\/tuote\/original-alias\/"},"modified":"2023-10-25T14:06:49","modified_gmt":"2023-10-25T11:06:49","slug":"original-alias","status":"publish","type":"product","link":"https:\/\/games.tactic.net\/fr\/tuote\/original-alias\/","title":{"rendered":"Tactic Alias Original"},"content":{"rendered":"<p>Alias original est un jeu de mots par \u00e9quipes de 2 joueurs ou plus. 3200 mots \u00e0 faire deviner \u00e0 vos co\u00e9quipiers en les d\u00e9crivant et en donnant des indices.<br \/>\n Alias.eu<\/p>\n","protected":false},"excerpt":{"rendered":"<p>Alias original est un jeu de mots par \u00e9quipes de 2 joueurs ou plus. 3200 mots \u00e0 faire deviner \u00e0 vos co\u00e9quipiers en les d\u00e9crivant et en donnant des indices.<\/p>\n","protected":false},"featured_media":0,"template":"","meta":{"content-type":"","_monsterinsights_skip_tracking":false,"_monsterinsights_sitenote_active":false,"_monsterinsights_sitenote_note":"","_monsterinsights_sitenote_category":0},"product_brand":[],"product_cat":[1860],"product_tag":[1326,1331],"brand":[{"id":653,"name":"Alias","slug":"alias_fr"}],"target-group":[],"discontinued":[],"class_list":{"0":"post-55990","1":"product","2":"type-product","3":"status-publish","5":"product_cat-jeux-de-societe","6":"product_tag-ensemble","7":"product_tag-explication-de-mots","8":"brand-alias_fr","10":"first","11":"instock","12":"taxable","13":"shipping-taxable","14":"product-type-simple"},"aioseo_notices":[],"_links":{"self":[{"href":"https:\/\/games.tactic.net\/fr\/wp-json\/wp\/v2\/product\/55990","targetHints":{"allow":["GET"]}}],"collection":[{"href":"https:\/\/games.tactic.net\/fr\/wp-json\/wp\/v2\/product"}],"about":[{"href":"https:\/\/games.tactic.net\/fr\/wp-json\/wp\/v2\/types\/product"}],"wp:attachment":[{"href":"https:\/\/games.tactic.net\/fr\/wp-json\/wp\/v2\/media?parent=55990"}],"wp:term":[{"taxonomy":"product_brand","embeddable":true,"href":"https:\/\/games.tactic.net\/fr\/wp-json\/wp\/v2\/product_brand?post=55990"},{"taxonomy":"product_cat","embeddable":true,"href":"https:\/\/games.tactic.net\/fr\/wp-json\/wp\/v2\/product_cat?post=55990"},{"taxonomy":"product_tag","embeddable":true,"href":"https:\/\/games.tactic.net\/fr\/wp-json\/wp\/v2\/product_tag?post=55990"},{"taxonomy":"brand","embeddable":true,"href":"https:\/\/games.tactic.net\/fr\/wp-json\/wp\/v2\/brand?post=55990"},{"taxonomy":"target-group","embeddable":true,"href":"https:\/\/games.tactic.net\/fr\/wp-json\/wp\/v2\/target-group?post=55990"},{"taxonomy":"discontinued","embeddable":true,"href":"https:\/\/games.tactic.net\/fr\/wp-json\/wp\/v2\/discontinued?post=55990"}],"curies":[{"name":"wp","href":"https:\/\/api.w.org\/{rel}","templated":true}]}}