{"id":55933,"date":"2019-11-09T01:02:35","date_gmt":"2021-01-21T10:23:32","guid":{"rendered":"https:\/\/dev.tactic.net\/tuote\/molkkaari\/"},"modified":"2023-10-06T18:28:07","modified_gmt":"2023-10-06T15:28:07","slug":"molkkaari","status":"publish","type":"product","link":"https:\/\/games.tactic.net\/fr\/tuote\/molkkaari\/","title":{"rendered":"M\u00f6lkkaari Wooden Throwing Line Marker for M\u00f6lkky\u00ae throwing game"},"content":{"rendered":"<p>Une fa\u00e7on simple de mat\u00e9rialiser la ligne de lancement dans une partie de M\u00f6lkky\u00ae.<\/p>\n","protected":false},"excerpt":{"rendered":"<p>Une fa\u00e7on simple de mat\u00e9rialiser la ligne de lancement dans une partie de M\u00f6lkky\u00ae.<\/p>\n","protected":false},"featured_media":0,"template":"","meta":{"content-type":"","_monsterinsights_skip_tracking":false,"_monsterinsights_sitenote_active":false,"_monsterinsights_sitenote_note":"","_monsterinsights_sitenote_category":0},"product_brand":[],"product_cat":[1846],"product_tag":[302,373,578],"brand":[{"id":1196,"name":"M\u00f6lkky","slug":"molkky_fr"}],"target-group":[],"discontinued":[],"class_list":{"0":"post-55933","1":"product","2":"type-product","3":"status-publish","5":"product_cat-accesoires","6":"product_tag-action","7":"product_tag-calcul","8":"product_tag-habilete","9":"brand-molkky_fr","11":"first","12":"instock","13":"taxable","14":"shipping-taxable","15":"product-type-simple"},"aioseo_notices":[],"_links":{"self":[{"href":"https:\/\/games.tactic.net\/fr\/wp-json\/wp\/v2\/product\/55933","targetHints":{"allow":["GET"]}}],"collection":[{"href":"https:\/\/games.tactic.net\/fr\/wp-json\/wp\/v2\/product"}],"about":[{"href":"https:\/\/games.tactic.net\/fr\/wp-json\/wp\/v2\/types\/product"}],"wp:attachment":[{"href":"https:\/\/games.tactic.net\/fr\/wp-json\/wp\/v2\/media?parent=55933"}],"wp:term":[{"taxonomy":"product_brand","embeddable":true,"href":"https:\/\/games.tactic.net\/fr\/wp-json\/wp\/v2\/product_brand?post=55933"},{"taxonomy":"product_cat","embeddable":true,"href":"https:\/\/games.tactic.net\/fr\/wp-json\/wp\/v2\/product_cat?post=55933"},{"taxonomy":"product_tag","embeddable":true,"href":"https:\/\/games.tactic.net\/fr\/wp-json\/wp\/v2\/product_tag?post=55933"},{"taxonomy":"brand","embeddable":true,"href":"https:\/\/games.tactic.net\/fr\/wp-json\/wp\/v2\/brand?post=55933"},{"taxonomy":"target-group","embeddable":true,"href":"https:\/\/games.tactic.net\/fr\/wp-json\/wp\/v2\/target-group?post=55933"},{"taxonomy":"discontinued","embeddable":true,"href":"https:\/\/games.tactic.net\/fr\/wp-json\/wp\/v2\/discontinued?post=55933"}],"curies":[{"name":"wp","href":"https:\/\/api.w.org\/{rel}","templated":true}]}}