{"id":555612,"date":"2022-04-29T13:07:35","date_gmt":"2022-04-29T10:07:35","guid":{"rendered":"http:\/\/games.tactic.net\/tuote\/metro-domino-paris\/"},"modified":"2023-10-25T16:43:21","modified_gmt":"2023-10-25T13:43:21","slug":"metro-domino-paris","status":"publish","type":"product","link":"https:\/\/games.tactic.net\/fr\/tuote\/metro-domino-paris\/","title":{"rendered":"Tactic Metro Domino Paris"},"content":{"rendered":"<p>Un jeu classique avec une nouveaut\u00e9 ! Les dominos \u00e9taient d\u00e9j\u00e0 jou\u00e9s au temps de la dynastie Song en Chine, mais ce jeu classique est tout aussi palpitant. Metro Domino contient les plus c\u00e9l\u00e8bres stations de m\u00e9tro de Paris, apportant ainsi de la nouveaut\u00e9 \u00e0 ce jeu !<\/p>\n","protected":false},"excerpt":{"rendered":"<p>Un jeu classique avec une nouveaut\u00e9 ! Les dominos \u00e9taient d\u00e9j\u00e0 jou\u00e9s au temps de la dynastie Song en Chine, mais ce jeu classique est tout aussi palpitant. Metro Domino contient les plus c\u00e9l\u00e8bres stations de m\u00e9tro de Paris, apportant ainsi de la nouveaut\u00e9 \u00e0 ce jeu !<\/p>\n","protected":false},"featured_media":0,"template":"","meta":{"content-type":"","_monsterinsights_skip_tracking":false,"_monsterinsights_sitenote_active":false,"_monsterinsights_sitenote_note":"","_monsterinsights_sitenote_category":0},"product_brand":[],"product_cat":[1877,1878],"product_tag":[],"brand":[],"target-group":[],"discontinued":[],"class_list":{"0":"post-555612","1":"product","2":"type-product","3":"status-publish","5":"product_cat-jeux-classiques-jeux-famille","6":"product_cat-jeux-classiques-jeux-adultes","8":"first","9":"instock","10":"taxable","11":"shipping-taxable","12":"product-type-simple"},"aioseo_notices":[],"_links":{"self":[{"href":"https:\/\/games.tactic.net\/fr\/wp-json\/wp\/v2\/product\/555612","targetHints":{"allow":["GET"]}}],"collection":[{"href":"https:\/\/games.tactic.net\/fr\/wp-json\/wp\/v2\/product"}],"about":[{"href":"https:\/\/games.tactic.net\/fr\/wp-json\/wp\/v2\/types\/product"}],"wp:attachment":[{"href":"https:\/\/games.tactic.net\/fr\/wp-json\/wp\/v2\/media?parent=555612"}],"wp:term":[{"taxonomy":"product_brand","embeddable":true,"href":"https:\/\/games.tactic.net\/fr\/wp-json\/wp\/v2\/product_brand?post=555612"},{"taxonomy":"product_cat","embeddable":true,"href":"https:\/\/games.tactic.net\/fr\/wp-json\/wp\/v2\/product_cat?post=555612"},{"taxonomy":"product_tag","embeddable":true,"href":"https:\/\/games.tactic.net\/fr\/wp-json\/wp\/v2\/product_tag?post=555612"},{"taxonomy":"brand","embeddable":true,"href":"https:\/\/games.tactic.net\/fr\/wp-json\/wp\/v2\/brand?post=555612"},{"taxonomy":"target-group","embeddable":true,"href":"https:\/\/games.tactic.net\/fr\/wp-json\/wp\/v2\/target-group?post=555612"},{"taxonomy":"discontinued","embeddable":true,"href":"https:\/\/games.tactic.net\/fr\/wp-json\/wp\/v2\/discontinued?post=555612"}],"curies":[{"name":"wp","href":"https:\/\/api.w.org\/{rel}","templated":true}]}}