{"id":535345,"date":"2022-04-06T15:16:46","date_gmt":"2022-04-06T12:16:46","guid":{"rendered":"http:\/\/games.tactic.net\/tuote\/crime-scene-lazio-1356-fr\/"},"modified":"2023-10-25T14:28:52","modified_gmt":"2023-10-25T11:28:52","slug":"crime-scene-lazio-1356-fr","status":"publish","type":"product","link":"https:\/\/games.tactic.net\/fr\/tuote\/crime-scene-lazio-1356-fr\/","title":{"rendered":"Gamestorm Crime Scene Lazio 1356"},"content":{"rendered":"<p>Le diable s\u2019invite au couvent. Dans ce jeu palpitant, les joueurs entrent dans la peau d\u2019un moine du XIIe si\u00e8cle et essaient de d\u00e9couvrir quel \u00e9trange pouvoir s\u00e8me la terreur dans un couvent perch\u00e9 au sommet des montagnes. Percez le myst\u00e8re et d\u00e9couvrez qui se cache derri\u00e8re le coupable. Crime Scene est un concept tout nouveau qui combine une image de sc\u00e8ne de crime d\u00e9taill\u00e9e, des puzzles fascinants et une histoire criminelle \u00e9crite par l\u2019auteur Arttu Tuominen.<\/p>\n","protected":false},"excerpt":{"rendered":"<p>Le diable s\u2019invite au couvent. Dans ce jeu palpitant, les joueurs entrent dans la peau d\u2019un moine du XIIe si\u00e8cle et essaient de d\u00e9couvrir quel \u00e9trange pouvoir s\u00e8me la terreur dans un couvent perch\u00e9 au sommet des montagnes. Percez le myst\u00e8re et d\u00e9couvrez qui se cache derri\u00e8re le coupable. Crime Scene est un concept tout nouveau qui combine une image de sc\u00e8ne de crime d\u00e9taill\u00e9e, des puzzles fascinants et une histoire criminelle \u00e9crite par l\u2019auteur Arttu Tuominen.<\/p>\n","protected":false},"featured_media":0,"template":"","meta":{"content-type":"","_monsterinsights_skip_tracking":false,"_monsterinsights_sitenote_active":false,"_monsterinsights_sitenote_note":"","_monsterinsights_sitenote_category":0},"product_brand":[],"product_cat":[1876],"product_tag":[1236,1332],"brand":[{"id":887,"name":"Gamestorm Studio","slug":"gamestormstudio-fr"}],"target-group":[],"discontinued":[],"class_list":{"0":"post-535345","1":"product","2":"type-product","3":"status-publish","5":"product_cat-18-ans","6":"product_tag-combiner-fr","7":"product_tag-enigmes","8":"brand-gamestormstudio-fr","10":"first","11":"instock","12":"taxable","13":"shipping-taxable","14":"product-type-simple"},"aioseo_notices":[],"_links":{"self":[{"href":"https:\/\/games.tactic.net\/fr\/wp-json\/wp\/v2\/product\/535345","targetHints":{"allow":["GET"]}}],"collection":[{"href":"https:\/\/games.tactic.net\/fr\/wp-json\/wp\/v2\/product"}],"about":[{"href":"https:\/\/games.tactic.net\/fr\/wp-json\/wp\/v2\/types\/product"}],"wp:attachment":[{"href":"https:\/\/games.tactic.net\/fr\/wp-json\/wp\/v2\/media?parent=535345"}],"wp:term":[{"taxonomy":"product_brand","embeddable":true,"href":"https:\/\/games.tactic.net\/fr\/wp-json\/wp\/v2\/product_brand?post=535345"},{"taxonomy":"product_cat","embeddable":true,"href":"https:\/\/games.tactic.net\/fr\/wp-json\/wp\/v2\/product_cat?post=535345"},{"taxonomy":"product_tag","embeddable":true,"href":"https:\/\/games.tactic.net\/fr\/wp-json\/wp\/v2\/product_tag?post=535345"},{"taxonomy":"brand","embeddable":true,"href":"https:\/\/games.tactic.net\/fr\/wp-json\/wp\/v2\/brand?post=535345"},{"taxonomy":"target-group","embeddable":true,"href":"https:\/\/games.tactic.net\/fr\/wp-json\/wp\/v2\/target-group?post=535345"},{"taxonomy":"discontinued","embeddable":true,"href":"https:\/\/games.tactic.net\/fr\/wp-json\/wp\/v2\/discontinued?post=535345"}],"curies":[{"name":"wp","href":"https:\/\/api.w.org\/{rel}","templated":true}]}}