{"id":535343,"date":"2022-04-06T15:14:38","date_gmt":"2022-04-06T12:14:38","guid":{"rendered":"http:\/\/games.tactic.net\/tuote\/crime-scene-iss-excalibur-2049\/"},"modified":"2023-10-25T14:27:45","modified_gmt":"2023-10-25T11:27:45","slug":"crime-scene-iss-excalibur-2049","status":"publish","type":"product","link":"https:\/\/games.tactic.net\/fr\/tuote\/crime-scene-iss-excalibur-2049\/","title":{"rendered":"Gamestorm Crime Scene ISS Excalibur 2049"},"content":{"rendered":"<p>Un crime a \u00e9t\u00e9 commis dans l\u2019espace ! Lorsqu\u2019un meurtre terrible est commis dans une station spatiale en orbite autour de la Terre, tous les membres d\u2019\u00e9quipage deviennent des suspects. Qui serait capable de commettre un tel crime et pourquoi ? L\u2019atmosph\u00e8re palpitante du jeu te tiendra en haleine jusqu\u2019au bout. Perce le myst\u00e8re et d\u00e9couvre qui se cache derri\u00e8re le coupable. Crime Scene est un concept tout nouveau qui combine une image de sc\u00e8ne de crime d\u00e9taill\u00e9e, des puzzles fascinants et une histoire criminelle \u00e9crite par l\u2019auteur Arttu Tuominen.<\/p>\n","protected":false},"excerpt":{"rendered":"<p>Un crime a \u00e9t\u00e9 commis dans l\u2019espace ! Lorsqu\u2019un meurtre terrible est commis dans une station spatiale en orbite autour de la Terre, tous les membres d\u2019\u00e9quipage deviennent des suspects. Qui serait capable de commettre un tel crime et pourquoi ? L\u2019atmosph\u00e8re palpitante du jeu te tiendra en haleine jusqu\u2019au bout. Perce le myst\u00e8re et d\u00e9couvre qui se cache derri\u00e8re le coupable. Crime Scene est un concept tout nouveau qui combine une image de sc\u00e8ne de crime d\u00e9taill\u00e9e, des puzzles fascinants et une histoire criminelle \u00e9crite par l\u2019auteur Arttu Tuominen.<\/p>\n","protected":false},"featured_media":0,"template":"","meta":{"content-type":"","_monsterinsights_skip_tracking":false,"_monsterinsights_sitenote_active":false,"_monsterinsights_sitenote_note":"","_monsterinsights_sitenote_category":0},"product_brand":[],"product_cat":[1876],"product_tag":[1332,1326],"brand":[{"id":887,"name":"Gamestorm Studio","slug":"gamestormstudio-fr"}],"target-group":[],"discontinued":[],"class_list":{"0":"post-535343","1":"product","2":"type-product","3":"status-publish","5":"product_cat-18-ans","6":"product_tag-enigmes","7":"product_tag-ensemble","8":"brand-gamestormstudio-fr","10":"first","11":"instock","12":"taxable","13":"shipping-taxable","14":"product-type-simple"},"aioseo_notices":[],"_links":{"self":[{"href":"https:\/\/games.tactic.net\/fr\/wp-json\/wp\/v2\/product\/535343","targetHints":{"allow":["GET"]}}],"collection":[{"href":"https:\/\/games.tactic.net\/fr\/wp-json\/wp\/v2\/product"}],"about":[{"href":"https:\/\/games.tactic.net\/fr\/wp-json\/wp\/v2\/types\/product"}],"wp:attachment":[{"href":"https:\/\/games.tactic.net\/fr\/wp-json\/wp\/v2\/media?parent=535343"}],"wp:term":[{"taxonomy":"product_brand","embeddable":true,"href":"https:\/\/games.tactic.net\/fr\/wp-json\/wp\/v2\/product_brand?post=535343"},{"taxonomy":"product_cat","embeddable":true,"href":"https:\/\/games.tactic.net\/fr\/wp-json\/wp\/v2\/product_cat?post=535343"},{"taxonomy":"product_tag","embeddable":true,"href":"https:\/\/games.tactic.net\/fr\/wp-json\/wp\/v2\/product_tag?post=535343"},{"taxonomy":"brand","embeddable":true,"href":"https:\/\/games.tactic.net\/fr\/wp-json\/wp\/v2\/brand?post=535343"},{"taxonomy":"target-group","embeddable":true,"href":"https:\/\/games.tactic.net\/fr\/wp-json\/wp\/v2\/target-group?post=535343"},{"taxonomy":"discontinued","embeddable":true,"href":"https:\/\/games.tactic.net\/fr\/wp-json\/wp\/v2\/discontinued?post=535343"}],"curies":[{"name":"wp","href":"https:\/\/api.w.org\/{rel}","templated":true}]}}