{"id":519769,"date":"2022-03-21T12:04:25","date_gmt":"2022-03-21T10:04:25","guid":{"rendered":"http:\/\/games.tactic.net\/tuote\/totem-2\/"},"modified":"2023-10-25T16:03:20","modified_gmt":"2023-10-25T13:03:20","slug":"totem-2","status":"publish","type":"product","link":"https:\/\/games.tactic.net\/fr\/tuote\/totem-2\/","title":{"rendered":"Tactic Totem"},"content":{"rendered":"<p>Utilise les symboles pour te frayer un chemin vers l\u2019autre c\u00f4t\u00e9 ! Dans ce jeu de soci\u00e9t\u00e9 pour toute la famille, les joueurs utilisent les symboles sur les tuiles et le plateau de jeu pour former le meilleur chemin et arr\u00eater les autres joueurs. Totem est facile \u00e0 apprendre, mais offre un d\u00e9fi parfait.<\/p>\n","protected":false},"excerpt":{"rendered":"<p>Utilise les symboles pour te frayer un chemin vers l\u2019autre c\u00f4t\u00e9 ! Dans ce jeu de soci\u00e9t\u00e9 pour toute la famille, les joueurs utilisent les symboles sur les tuiles et le plateau de jeu pour former le meilleur chemin et arr\u00eater les autres joueurs. Totem est facile \u00e0 apprendre, mais offre un d\u00e9fi parfait.<\/p>\n","protected":false},"featured_media":0,"template":"","meta":{"content-type":"","_monsterinsights_skip_tracking":false,"_monsterinsights_sitenote_active":false,"_monsterinsights_sitenote_note":"","_monsterinsights_sitenote_category":0},"product_brand":[],"product_cat":[1878,1787],"product_tag":[1246],"brand":[],"target-group":[],"discontinued":[],"class_list":{"0":"post-519769","1":"product","2":"type-product","3":"status-publish","5":"product_cat-jeux-classiques-jeux-adultes","6":"product_cat-jeux-de-strategie-jeux-famille","7":"product_tag-strategie-fr","9":"first","10":"instock","11":"taxable","12":"shipping-taxable","13":"product-type-simple"},"aioseo_notices":[],"_links":{"self":[{"href":"https:\/\/games.tactic.net\/fr\/wp-json\/wp\/v2\/product\/519769","targetHints":{"allow":["GET"]}}],"collection":[{"href":"https:\/\/games.tactic.net\/fr\/wp-json\/wp\/v2\/product"}],"about":[{"href":"https:\/\/games.tactic.net\/fr\/wp-json\/wp\/v2\/types\/product"}],"wp:attachment":[{"href":"https:\/\/games.tactic.net\/fr\/wp-json\/wp\/v2\/media?parent=519769"}],"wp:term":[{"taxonomy":"product_brand","embeddable":true,"href":"https:\/\/games.tactic.net\/fr\/wp-json\/wp\/v2\/product_brand?post=519769"},{"taxonomy":"product_cat","embeddable":true,"href":"https:\/\/games.tactic.net\/fr\/wp-json\/wp\/v2\/product_cat?post=519769"},{"taxonomy":"product_tag","embeddable":true,"href":"https:\/\/games.tactic.net\/fr\/wp-json\/wp\/v2\/product_tag?post=519769"},{"taxonomy":"brand","embeddable":true,"href":"https:\/\/games.tactic.net\/fr\/wp-json\/wp\/v2\/brand?post=519769"},{"taxonomy":"target-group","embeddable":true,"href":"https:\/\/games.tactic.net\/fr\/wp-json\/wp\/v2\/target-group?post=519769"},{"taxonomy":"discontinued","embeddable":true,"href":"https:\/\/games.tactic.net\/fr\/wp-json\/wp\/v2\/discontinued?post=519769"}],"curies":[{"name":"wp","href":"https:\/\/api.w.org\/{rel}","templated":true}]}}