{"id":517185,"date":"2022-03-18T16:00:39","date_gmt":"2022-03-18T14:00:39","guid":{"rendered":"http:\/\/games.tactic.net\/tuote\/touche-2\/"},"modified":"2023-10-25T15:07:18","modified_gmt":"2023-10-25T12:07:18","slug":"touche-2","status":"publish","type":"product","link":"https:\/\/games.tactic.net\/fr\/tuote\/touche-2\/","title":{"rendered":"Tactic Touch\u00e9"},"content":{"rendered":"<p>Touch\u00e9, un jeu de soci\u00e9t\u00e9 classique ! Joue les cartes de ta main et conquiers le plateau de jeu avec tes jetons. Ce jeu classique requi\u00e8re de la tactique et de la chance pour une partie riche en \u00e9motions. Pourras-tu pr\u00e9voir ce que feront les autres et deviendras-tu le ma\u00eetre de Touch\u00e9 dans ta famille ?<\/p>\n<p><img decoding=\"async\" src=\"https:\\\\\\\\games.tactic.net\\\\pic\\\\logo\\\\Awarded_concept.png\"><img decoding=\"async\" src=\"https:\\\\\\\\games.tactic.net\\\\pic\\\\logo\\\\Mensa_Select.png\"><\/p>\n","protected":false},"excerpt":{"rendered":"<p>Touch\u00e9, un jeu de soci\u00e9t\u00e9 classique ! Joue les cartes de ta main et conquiers le plateau de jeu avec tes jetons. Ce jeu classique requi\u00e8re de la tactique et de la chance pour une partie riche en \u00e9motions. Pourras-tu pr\u00e9voir ce que feront les autres et deviendras-tu le ma\u00eetre de Touch\u00e9 dans ta famille [&hellip;]<\/p>\n","protected":false},"featured_media":0,"template":"","meta":{"content-type":"","_monsterinsights_skip_tracking":false,"_monsterinsights_sitenote_active":false,"_monsterinsights_sitenote_note":"","_monsterinsights_sitenote_category":0},"product_brand":[],"product_cat":[1787,1786],"product_tag":[1246],"brand":[],"target-group":[],"discontinued":[],"class_list":{"0":"post-517185","1":"product","2":"type-product","3":"status-publish","5":"product_cat-jeux-de-strategie-jeux-famille","6":"product_cat-jeux-de-strategie-jeux-adultes","7":"product_tag-strategie-fr","9":"first","10":"instock","11":"taxable","12":"shipping-taxable","13":"product-type-simple"},"aioseo_notices":[],"_links":{"self":[{"href":"https:\/\/games.tactic.net\/fr\/wp-json\/wp\/v2\/product\/517185","targetHints":{"allow":["GET"]}}],"collection":[{"href":"https:\/\/games.tactic.net\/fr\/wp-json\/wp\/v2\/product"}],"about":[{"href":"https:\/\/games.tactic.net\/fr\/wp-json\/wp\/v2\/types\/product"}],"wp:attachment":[{"href":"https:\/\/games.tactic.net\/fr\/wp-json\/wp\/v2\/media?parent=517185"}],"wp:term":[{"taxonomy":"product_brand","embeddable":true,"href":"https:\/\/games.tactic.net\/fr\/wp-json\/wp\/v2\/product_brand?post=517185"},{"taxonomy":"product_cat","embeddable":true,"href":"https:\/\/games.tactic.net\/fr\/wp-json\/wp\/v2\/product_cat?post=517185"},{"taxonomy":"product_tag","embeddable":true,"href":"https:\/\/games.tactic.net\/fr\/wp-json\/wp\/v2\/product_tag?post=517185"},{"taxonomy":"brand","embeddable":true,"href":"https:\/\/games.tactic.net\/fr\/wp-json\/wp\/v2\/brand?post=517185"},{"taxonomy":"target-group","embeddable":true,"href":"https:\/\/games.tactic.net\/fr\/wp-json\/wp\/v2\/target-group?post=517185"},{"taxonomy":"discontinued","embeddable":true,"href":"https:\/\/games.tactic.net\/fr\/wp-json\/wp\/v2\/discontinued?post=517185"}],"curies":[{"name":"wp","href":"https:\/\/api.w.org\/{rel}","templated":true}]}}