{"id":509928,"date":"2022-03-14T11:06:45","date_gmt":"2022-03-14T09:06:45","guid":{"rendered":"http:\/\/games.tactic.net\/tuote\/magic-forest-fr\/"},"modified":"2025-10-22T11:11:32","modified_gmt":"2025-10-22T08:11:32","slug":"magic-forest-fr","status":"archive","type":"product","link":"https:\/\/games.tactic.net\/fr\/tuote\/magic-forest-fr\/","title":{"rendered":"Tactic La For\u00eat Enchant\u00e9e"},"content":{"rendered":"<p>La for\u00eat magique a besoin de toi ! Les trolls espi\u00e8gles ont m\u00e9lang\u00e9 les cristaux qui prot\u00e8gent la for\u00eat magique. Les joueurs doivent les rapporter l\u00e0 d\u2019o\u00f9 ils viennent. Attention, les trolls essaieront de t\u2019en emp\u00eacher, donc choisis ton chemin avec soin. Le premier joueur \u00e0 r\u00e9cup\u00e9rer les quatre cristaux en premier gagne la partie !<\/p>\n<p><img decoding=\"async\" src=\"https:\\\\games.tactic.net\\pic\\logo\\DK_2022_Legebranchen_Aarets_Boernespil.png\"><img decoding=\"async\" src=\"https:\\\\games.tactic.net\\pic\\logo\\DK_2022_Guldbrikken_Aarets_Boernespil_nomineret.png\"><img decoding=\"async\" src=\"https:\\\\games.tactic.net\\pic\\logo\\FI_2022_Vuoden_Peli_Lastenpelit_finalisti.png\"><\/p>\n","protected":false},"excerpt":{"rendered":"<p>La for\u00eat magique a besoin de toi ! Les trolls espi\u00e8gles ont m\u00e9lang\u00e9 les cristaux qui prot\u00e8gent la for\u00eat magique. Les joueurs doivent les rapporter l\u00e0 d\u2019o\u00f9 ils viennent. Attention, les trolls essaieront de t\u2019en emp\u00eacher, donc choisis ton chemin avec soin. Le premier joueur \u00e0 r\u00e9cup\u00e9rer les quatre cristaux en premier gagne la partie ! C\u2019est tellement amusant de partir \u00e0 l\u2019aventure sur le plateau de jeu. Contient des personnages de jeu en bois adorables, avec des sacs \u00e0 dos en toile ! Un jeu palpitant pour toute la famille !<\/p>\n","protected":false},"featured_media":0,"template":"","meta":{"content-type":"","_monsterinsights_skip_tracking":false,"_monsterinsights_sitenote_active":false,"_monsterinsights_sitenote_note":"","_monsterinsights_sitenote_category":0},"product_brand":[],"product_cat":[1858],"product_tag":[1236],"brand":[],"target-group":[],"discontinued":[],"class_list":{"0":"post-509928","1":"product","2":"type-product","3":"status-archive","5":"product_cat-jeux-de-societe-enfants","6":"product_tag-combiner-fr","8":"first","9":"outofstock","10":"taxable","11":"shipping-taxable","12":"product-type-simple"},"aioseo_notices":[],"_links":{"self":[{"href":"https:\/\/games.tactic.net\/fr\/wp-json\/wp\/v2\/product\/509928","targetHints":{"allow":["GET"]}}],"collection":[{"href":"https:\/\/games.tactic.net\/fr\/wp-json\/wp\/v2\/product"}],"about":[{"href":"https:\/\/games.tactic.net\/fr\/wp-json\/wp\/v2\/types\/product"}],"wp:attachment":[{"href":"https:\/\/games.tactic.net\/fr\/wp-json\/wp\/v2\/media?parent=509928"}],"wp:term":[{"taxonomy":"product_brand","embeddable":true,"href":"https:\/\/games.tactic.net\/fr\/wp-json\/wp\/v2\/product_brand?post=509928"},{"taxonomy":"product_cat","embeddable":true,"href":"https:\/\/games.tactic.net\/fr\/wp-json\/wp\/v2\/product_cat?post=509928"},{"taxonomy":"product_tag","embeddable":true,"href":"https:\/\/games.tactic.net\/fr\/wp-json\/wp\/v2\/product_tag?post=509928"},{"taxonomy":"brand","embeddable":true,"href":"https:\/\/games.tactic.net\/fr\/wp-json\/wp\/v2\/brand?post=509928"},{"taxonomy":"target-group","embeddable":true,"href":"https:\/\/games.tactic.net\/fr\/wp-json\/wp\/v2\/target-group?post=509928"},{"taxonomy":"discontinued","embeddable":true,"href":"https:\/\/games.tactic.net\/fr\/wp-json\/wp\/v2\/discontinued?post=509928"}],"curies":[{"name":"wp","href":"https:\/\/api.w.org\/{rel}","templated":true}]}}