{"id":506591,"date":"2022-03-04T09:30:02","date_gmt":"2022-03-04T07:30:02","guid":{"rendered":"http:\/\/games.tactic.net\/tuote\/cherche-trouve-fleurs-et-insectes\/"},"modified":"2024-09-26T13:59:32","modified_gmt":"2024-09-26T10:59:32","slug":"cherche-trouve-fleurs-et-insectes","status":"publish","type":"product","link":"https:\/\/games.tactic.net\/fr\/tuote\/cherche-trouve-fleurs-et-insectes\/","title":{"rendered":"Tactic Cherche &#038; Trouve Fleurs et Insectes"},"content":{"rendered":"<p>Pourras-tu trouver tous les insectes cach\u00e9s sur le plateau de jeu ? Assemble le large plateau de jeu gr\u00e2ce aux grandes pi\u00e8ces de puzzle et commence ton exploration ! Ce jeu est rempli de toutes sortes de bestioles, petites et grandes. Pourras-tu toutes les trouver avant les autres joueurs ? Le plus rapide des joueurs remporte une super figurine d\u2019insecte, et le premier jouer \u00e0 rassembler cinq figurines remporte la partie.<\/p>\n<p><img decoding=\"async\" src=\"https:\\\\\\\\games.tactic.net\\\\pic\\\\logo\\\\Awarded_concept.png\"><\/p>\n","protected":false},"excerpt":{"rendered":"<p>Pourras-tu trouver tous les insectes cach\u00e9s sur le plateau de jeu ? Assemble le plateau de jeu gr\u00e2ce aux grandes pi\u00e8ces de puzzle et commence ton exploration ! Ce jeu est rempli de toutes sortes de bestioles, petites et grandes. Pourras-tu toutes les trouver avant les autres joueurs ? Le plus rapide des joueurs remporte une super figurine d\u2019insecte, et le premier jouer \u00e0 rassembler cinq figurines remporte la partie. Un plateau diff\u00e9rent \u00e0 explorer \u00e0 chaque partie. Il contient de superbes figurines color\u00e9es d\u2019insectes. Le revers du puzzle forme un monde hivernal dans lequel trouver les insectes est un d\u00e9fi plus compliqu\u00e9.<\/p>\n","protected":false},"featured_media":0,"template":"","meta":{"content-type":"","_monsterinsights_skip_tracking":false,"_monsterinsights_sitenote_active":false,"_monsterinsights_sitenote_note":"","_monsterinsights_sitenote_category":0},"product_brand":[],"product_cat":[1858],"product_tag":[325],"brand":[],"target-group":[],"discontinued":[],"class_list":{"0":"post-506591","1":"product","2":"type-product","3":"status-publish","5":"product_cat-jeux-de-societe-enfants","6":"product_tag-vitesse","8":"first","9":"outofstock","10":"taxable","11":"shipping-taxable","12":"product-type-simple"},"aioseo_notices":[],"_links":{"self":[{"href":"https:\/\/games.tactic.net\/fr\/wp-json\/wp\/v2\/product\/506591","targetHints":{"allow":["GET"]}}],"collection":[{"href":"https:\/\/games.tactic.net\/fr\/wp-json\/wp\/v2\/product"}],"about":[{"href":"https:\/\/games.tactic.net\/fr\/wp-json\/wp\/v2\/types\/product"}],"wp:attachment":[{"href":"https:\/\/games.tactic.net\/fr\/wp-json\/wp\/v2\/media?parent=506591"}],"wp:term":[{"taxonomy":"product_brand","embeddable":true,"href":"https:\/\/games.tactic.net\/fr\/wp-json\/wp\/v2\/product_brand?post=506591"},{"taxonomy":"product_cat","embeddable":true,"href":"https:\/\/games.tactic.net\/fr\/wp-json\/wp\/v2\/product_cat?post=506591"},{"taxonomy":"product_tag","embeddable":true,"href":"https:\/\/games.tactic.net\/fr\/wp-json\/wp\/v2\/product_tag?post=506591"},{"taxonomy":"brand","embeddable":true,"href":"https:\/\/games.tactic.net\/fr\/wp-json\/wp\/v2\/brand?post=506591"},{"taxonomy":"target-group","embeddable":true,"href":"https:\/\/games.tactic.net\/fr\/wp-json\/wp\/v2\/target-group?post=506591"},{"taxonomy":"discontinued","embeddable":true,"href":"https:\/\/games.tactic.net\/fr\/wp-json\/wp\/v2\/discontinued?post=506591"}],"curies":[{"name":"wp","href":"https:\/\/api.w.org\/{rel}","templated":true}]}}