{"id":503433,"date":"2022-02-24T14:30:29","date_gmt":"2022-02-24T12:30:29","guid":{"rendered":"http:\/\/games.tactic.net\/tuote\/lumo-get-well-pink-bear-with-thermometer\/"},"modified":"2023-10-20T10:24:34","modified_gmt":"2023-10-20T07:24:34","slug":"lumo-get-well-pink-bear-with-thermometer","status":"publish","type":"product","link":"https:\/\/games.tactic.net\/fr\/tuote\/lumo-get-well-pink-bear-with-thermometer\/","title":{"rendered":"Lumo Stars Get Well Pink Bear with thermometer plush"},"content":{"rendered":"<p>Classic 15 cm. Des peluches joyeuses, c\u00e2lines, amicales, gentilles et douces. Rassemblez tout le monde et souriez plus! Ce petit nounours a de la fi\u00e8vre. Dorlotez-moi un peu pour m\u00b4aider \u00e0 gu\u00e9rir plus t\u00f4t.<\/p>\n","protected":false},"excerpt":{"rendered":"<p>Classic 15 cm. Des peluches joyeuses, c\u00e2lines, amicales, gentilles et douces. Rassemblez tout le monde et souriez plus! Ce petit nounours a de la fi\u00e8vre. Dorlotez-moi un peu pour m\u00b4aider \u00e0 gu\u00e9rir plus t\u00f4t.<\/p>\n","protected":false},"featured_media":0,"template":"","meta":{"content-type":"","_monsterinsights_skip_tracking":false,"_monsterinsights_sitenote_active":false,"_monsterinsights_sitenote_note":"","_monsterinsights_sitenote_category":0},"product_brand":[],"product_cat":[1892],"product_tag":[1259],"brand":[{"id":1021,"name":"Lumo Stars","slug":"lumo-stars_fr"}],"target-group":[],"discontinued":[],"class_list":{"0":"post-503433","1":"product","2":"type-product","3":"status-publish","5":"product_cat-classic-peluches","6":"product_tag-lumo-stars-fr","7":"brand-lumo-stars_fr","9":"first","10":"instock","11":"taxable","12":"shipping-taxable","13":"product-type-simple"},"aioseo_notices":[],"_links":{"self":[{"href":"https:\/\/games.tactic.net\/fr\/wp-json\/wp\/v2\/product\/503433","targetHints":{"allow":["GET"]}}],"collection":[{"href":"https:\/\/games.tactic.net\/fr\/wp-json\/wp\/v2\/product"}],"about":[{"href":"https:\/\/games.tactic.net\/fr\/wp-json\/wp\/v2\/types\/product"}],"wp:attachment":[{"href":"https:\/\/games.tactic.net\/fr\/wp-json\/wp\/v2\/media?parent=503433"}],"wp:term":[{"taxonomy":"product_brand","embeddable":true,"href":"https:\/\/games.tactic.net\/fr\/wp-json\/wp\/v2\/product_brand?post=503433"},{"taxonomy":"product_cat","embeddable":true,"href":"https:\/\/games.tactic.net\/fr\/wp-json\/wp\/v2\/product_cat?post=503433"},{"taxonomy":"product_tag","embeddable":true,"href":"https:\/\/games.tactic.net\/fr\/wp-json\/wp\/v2\/product_tag?post=503433"},{"taxonomy":"brand","embeddable":true,"href":"https:\/\/games.tactic.net\/fr\/wp-json\/wp\/v2\/brand?post=503433"},{"taxonomy":"target-group","embeddable":true,"href":"https:\/\/games.tactic.net\/fr\/wp-json\/wp\/v2\/target-group?post=503433"},{"taxonomy":"discontinued","embeddable":true,"href":"https:\/\/games.tactic.net\/fr\/wp-json\/wp\/v2\/discontinued?post=503433"}],"curies":[{"name":"wp","href":"https:\/\/api.w.org\/{rel}","templated":true}]}}