{"id":502096,"date":"2022-02-24T12:00:38","date_gmt":"2022-02-24T10:00:38","guid":{"rendered":"http:\/\/games.tactic.net\/tuote\/veggies-and-berries-cloudberry-hilla\/"},"modified":"2023-10-20T13:43:22","modified_gmt":"2023-10-20T10:43:22","slug":"veggies-and-berries-cloudberry-hilla","status":"publish","type":"product","link":"https:\/\/games.tactic.net\/fr\/tuote\/veggies-and-berries-cloudberry-hilla\/","title":{"rendered":"Lumo Stars Veggies and Berries Cloudberry Hilla plush"},"content":{"rendered":"<p>Classic 15 cm. Peluche b\u00e9b\u00e9 animal \u00e0 collectionner. Heureux, c\u00e2lin, amical, gentil et mignon. On sourit plus! La collection de peluches mignonne Northern Brights est bas\u00e9e sur la vraie nature et la faune nordiques. Design finlandais pur. Saviez-vous que mon nom est Hilla, car cela signifie chicout\u00e9 en finnois ? Comment t\u00b4appelles-tu ma ch\u00e9rie ? Ayons une bonne conversation et racontons-nous des secrets !<\/p>\n","protected":false},"excerpt":{"rendered":"<p>Classic 15 cm. Peluche b\u00e9b\u00e9 animal \u00e0 collectionner. Heureux, c\u00e2lin, amical, gentil et mignon. On sourit plus! La collection de peluches mignonne Northern Brights est bas\u00e9e sur la vraie nature et la faune nordiques. Design finlandais pur. Saviez-vous que mon nom est Hilla, car cela signifie chicout\u00e9 en finnois ? Comment t\u00b4appelles-tu ma ch\u00e9rie ? [&hellip;]<\/p>\n","protected":false},"featured_media":0,"template":"","meta":{"content-type":"","_monsterinsights_skip_tracking":false,"_monsterinsights_sitenote_active":false,"_monsterinsights_sitenote_note":"","_monsterinsights_sitenote_category":0},"product_brand":[],"product_cat":[1821],"product_tag":[491],"brand":[],"target-group":[],"discontinued":[],"class_list":{"0":"post-502096","1":"product","2":"type-product","3":"status-publish","5":"product_cat-veggies-and-berries-peluches","6":"product_tag-lumo-stars","8":"first","9":"outofstock","10":"taxable","11":"shipping-taxable","12":"product-type-simple"},"aioseo_notices":[],"_links":{"self":[{"href":"https:\/\/games.tactic.net\/fr\/wp-json\/wp\/v2\/product\/502096","targetHints":{"allow":["GET"]}}],"collection":[{"href":"https:\/\/games.tactic.net\/fr\/wp-json\/wp\/v2\/product"}],"about":[{"href":"https:\/\/games.tactic.net\/fr\/wp-json\/wp\/v2\/types\/product"}],"wp:attachment":[{"href":"https:\/\/games.tactic.net\/fr\/wp-json\/wp\/v2\/media?parent=502096"}],"wp:term":[{"taxonomy":"product_brand","embeddable":true,"href":"https:\/\/games.tactic.net\/fr\/wp-json\/wp\/v2\/product_brand?post=502096"},{"taxonomy":"product_cat","embeddable":true,"href":"https:\/\/games.tactic.net\/fr\/wp-json\/wp\/v2\/product_cat?post=502096"},{"taxonomy":"product_tag","embeddable":true,"href":"https:\/\/games.tactic.net\/fr\/wp-json\/wp\/v2\/product_tag?post=502096"},{"taxonomy":"brand","embeddable":true,"href":"https:\/\/games.tactic.net\/fr\/wp-json\/wp\/v2\/brand?post=502096"},{"taxonomy":"target-group","embeddable":true,"href":"https:\/\/games.tactic.net\/fr\/wp-json\/wp\/v2\/target-group?post=502096"},{"taxonomy":"discontinued","embeddable":true,"href":"https:\/\/games.tactic.net\/fr\/wp-json\/wp\/v2\/discontinued?post=502096"}],"curies":[{"name":"wp","href":"https:\/\/api.w.org\/{rel}","templated":true}]}}