{"id":487197,"date":"2022-02-11T10:47:58","date_gmt":"2022-02-11T08:47:58","guid":{"rendered":"https:\/\/games.tactic.net\/tuote\/lumo-stars-racers-speedy\/"},"modified":"2023-10-20T13:34:52","modified_gmt":"2023-10-20T10:34:52","slug":"lumo-stars-racers-speedy","status":"publish","type":"product","link":"https:\/\/games.tactic.net\/fr\/tuote\/lumo-stars-racers-speedy\/","title":{"rendered":"Lumo Stars Racers Speedy plush"},"content":{"rendered":"<p>Taille 20cm. Les voitures en peluche Lumo Stars bruissent dans votre c\u0153ur ! Des voitures merveilleusement douces conviennent aux jeux de monstres de vitesse de tous \u00e2ges. Fast est mon deuxi\u00e8me nom, mon pr\u00e9nom, Speedy. Vous ne pouvez pas deviner \u00e0 quel point je peux \u00eatre rapide !<\/p>\n","protected":false},"excerpt":{"rendered":"<p>Taille 20cm. Les voitures en peluche Lumo Stars bruissent dans votre c\u0153ur ! Des voitures merveilleusement douces conviennent aux jeux de monstres de vitesse de tous \u00e2ges. Fast est mon deuxi\u00e8me nom, mon pr\u00e9nom, Speedy. Vous ne pouvez pas deviner \u00e0 quel point je peux \u00eatre rapide !<\/p>\n","protected":false},"featured_media":0,"template":"","meta":{"content-type":"","_monsterinsights_skip_tracking":false,"_monsterinsights_sitenote_active":false,"_monsterinsights_sitenote_note":"","_monsterinsights_sitenote_category":0},"product_brand":[],"product_cat":[2009],"product_tag":[1259],"brand":[{"id":1021,"name":"Lumo Stars","slug":"lumo-stars_fr"}],"target-group":[],"discontinued":[],"class_list":{"0":"post-487197","1":"product","2":"type-product","3":"status-publish","5":"product_cat-racers-peluches","6":"product_tag-lumo-stars-fr","7":"brand-lumo-stars_fr","9":"first","10":"instock","11":"taxable","12":"shipping-taxable","13":"product-type-simple"},"aioseo_notices":[],"_links":{"self":[{"href":"https:\/\/games.tactic.net\/fr\/wp-json\/wp\/v2\/product\/487197","targetHints":{"allow":["GET"]}}],"collection":[{"href":"https:\/\/games.tactic.net\/fr\/wp-json\/wp\/v2\/product"}],"about":[{"href":"https:\/\/games.tactic.net\/fr\/wp-json\/wp\/v2\/types\/product"}],"wp:attachment":[{"href":"https:\/\/games.tactic.net\/fr\/wp-json\/wp\/v2\/media?parent=487197"}],"wp:term":[{"taxonomy":"product_brand","embeddable":true,"href":"https:\/\/games.tactic.net\/fr\/wp-json\/wp\/v2\/product_brand?post=487197"},{"taxonomy":"product_cat","embeddable":true,"href":"https:\/\/games.tactic.net\/fr\/wp-json\/wp\/v2\/product_cat?post=487197"},{"taxonomy":"product_tag","embeddable":true,"href":"https:\/\/games.tactic.net\/fr\/wp-json\/wp\/v2\/product_tag?post=487197"},{"taxonomy":"brand","embeddable":true,"href":"https:\/\/games.tactic.net\/fr\/wp-json\/wp\/v2\/brand?post=487197"},{"taxonomy":"target-group","embeddable":true,"href":"https:\/\/games.tactic.net\/fr\/wp-json\/wp\/v2\/target-group?post=487197"},{"taxonomy":"discontinued","embeddable":true,"href":"https:\/\/games.tactic.net\/fr\/wp-json\/wp\/v2\/discontinued?post=487197"}],"curies":[{"name":"wp","href":"https:\/\/api.w.org\/{rel}","templated":true}]}}