{"id":484627,"date":"2022-02-09T15:41:18","date_gmt":"2022-02-09T13:41:18","guid":{"rendered":"https:\/\/games.tactic.net\/tuote\/veggies-and-berries-morri\/"},"modified":"2023-10-20T13:52:20","modified_gmt":"2023-10-20T10:52:20","slug":"veggies-and-berries-morri","status":"publish","type":"product","link":"https:\/\/games.tactic.net\/fr\/tuote\/veggies-and-berries-morri\/","title":{"rendered":"Lumo Stars Veggies and Berries M\u00f6rri plush"},"content":{"rendered":"<p>Des peluches joyeuses, c\u00e2lines, amicales, gentilles et douces. Rassemblez tout le monde et souriez plus! Les adorables peluches de la collection Northern Brights sont bas\u00e9es sur des mod\u00e8les de la faune sauvage de la nature nordique. V\u00e9ritable design finlandais. Even thought I am not edible, I can be a lifelong friend that likes to joke and have fun with you.<\/p>\n","protected":false},"excerpt":{"rendered":"<p>Des peluches joyeuses, c\u00e2lines, amicales, gentilles et douces. Rassemblez tout le monde et souriez plus! Les adorables peluches de la collection Northern Brights sont bas\u00e9es sur des mod\u00e8les de la faune sauvage de la nature nordique. V\u00e9ritable design finlandais. Even thought I am not edible, I can be a lifelong friend that likes to joke [&hellip;]<\/p>\n","protected":false},"featured_media":0,"template":"","meta":{"content-type":"","_monsterinsights_skip_tracking":false,"_monsterinsights_sitenote_active":false,"_monsterinsights_sitenote_note":"","_monsterinsights_sitenote_category":0},"product_brand":[],"product_cat":[1821],"product_tag":[1259],"brand":[{"id":1021,"name":"Lumo Stars","slug":"lumo-stars_fr"}],"target-group":[],"discontinued":[],"class_list":{"0":"post-484627","1":"product","2":"type-product","3":"status-publish","5":"product_cat-veggies-and-berries-peluches","6":"product_tag-lumo-stars-fr","7":"brand-lumo-stars_fr","9":"first","10":"outofstock","11":"taxable","12":"shipping-taxable","13":"product-type-simple"},"aioseo_notices":[],"_links":{"self":[{"href":"https:\/\/games.tactic.net\/fr\/wp-json\/wp\/v2\/product\/484627","targetHints":{"allow":["GET"]}}],"collection":[{"href":"https:\/\/games.tactic.net\/fr\/wp-json\/wp\/v2\/product"}],"about":[{"href":"https:\/\/games.tactic.net\/fr\/wp-json\/wp\/v2\/types\/product"}],"wp:attachment":[{"href":"https:\/\/games.tactic.net\/fr\/wp-json\/wp\/v2\/media?parent=484627"}],"wp:term":[{"taxonomy":"product_brand","embeddable":true,"href":"https:\/\/games.tactic.net\/fr\/wp-json\/wp\/v2\/product_brand?post=484627"},{"taxonomy":"product_cat","embeddable":true,"href":"https:\/\/games.tactic.net\/fr\/wp-json\/wp\/v2\/product_cat?post=484627"},{"taxonomy":"product_tag","embeddable":true,"href":"https:\/\/games.tactic.net\/fr\/wp-json\/wp\/v2\/product_tag?post=484627"},{"taxonomy":"brand","embeddable":true,"href":"https:\/\/games.tactic.net\/fr\/wp-json\/wp\/v2\/brand?post=484627"},{"taxonomy":"target-group","embeddable":true,"href":"https:\/\/games.tactic.net\/fr\/wp-json\/wp\/v2\/target-group?post=484627"},{"taxonomy":"discontinued","embeddable":true,"href":"https:\/\/games.tactic.net\/fr\/wp-json\/wp\/v2\/discontinued?post=484627"}],"curies":[{"name":"wp","href":"https:\/\/api.w.org\/{rel}","templated":true}]}}