{"id":47893,"date":"2020-08-13T15:39:40","date_gmt":"2020-08-13T12:39:40","guid":{"rendered":"https:\/\/dev.tactic.net\/tuote\/cherche-trouve-safari\/"},"modified":"2024-09-26T11:25:06","modified_gmt":"2024-09-26T08:25:06","slug":"cherche-trouve-safari","status":"publish","type":"product","link":"https:\/\/games.tactic.net\/fr\/tuote\/cherche-trouve-safari\/","title":{"rendered":"Tactic Cherche &#038; Trouve Safari"},"content":{"rendered":"<p>Bienvenue dans la savane ! Cherche les animaux de la savane pr\u00e9sent\u00e9s sur les cartes et montre-les du doigt en m\u00eame temps ! Si tu les d\u00e9signes avant les autres joueurs, tu re\u00e7ois une figurine d\u2019animal !<\/p>\n<p><img decoding=\"async\" src=\"https:\\\\\\\\games.tactic.net\\\\pic\\\\logo\\\\Awarded_concept.png\"><img decoding=\"async\" src=\"https:\\\\\\\\games.tactic.net\\\\pic\\\\logo\\\\FI_2020_Vuoden_Lastenpelit.png\"><img decoding=\"async\" src=\"https:\\\\\\\\games.tactic.net\\\\pic\\\\logo\\\\SE_2020_Arets-Barnspel.png\"><\/p>\n","protected":false},"excerpt":{"rendered":"<p>Bienvenue dans la savane ! Cherche les animaux de la savane pr\u00e9sent\u00e9s sur les cartes et montre-les du doigt en m\u00eame temps ! Si tu les d\u00e9signes avant les autres joueurs, tu re\u00e7ois une figurine d\u2019animal !<\/p>\n","protected":false},"featured_media":0,"template":"","meta":{"content-type":"","_monsterinsights_skip_tracking":false,"_monsterinsights_sitenote_active":false,"_monsterinsights_sitenote_note":"","_monsterinsights_sitenote_category":0},"product_brand":[],"product_cat":[1858],"product_tag":[302,1236,325],"brand":[],"target-group":[],"discontinued":[],"class_list":{"0":"post-47893","1":"product","2":"type-product","3":"status-publish","5":"product_cat-jeux-de-societe-enfants","6":"product_tag-action","7":"product_tag-combiner-fr","8":"product_tag-vitesse","10":"first","11":"instock","12":"taxable","13":"shipping-taxable","14":"product-type-simple"},"aioseo_notices":[],"_links":{"self":[{"href":"https:\/\/games.tactic.net\/fr\/wp-json\/wp\/v2\/product\/47893","targetHints":{"allow":["GET"]}}],"collection":[{"href":"https:\/\/games.tactic.net\/fr\/wp-json\/wp\/v2\/product"}],"about":[{"href":"https:\/\/games.tactic.net\/fr\/wp-json\/wp\/v2\/types\/product"}],"wp:attachment":[{"href":"https:\/\/games.tactic.net\/fr\/wp-json\/wp\/v2\/media?parent=47893"}],"wp:term":[{"taxonomy":"product_brand","embeddable":true,"href":"https:\/\/games.tactic.net\/fr\/wp-json\/wp\/v2\/product_brand?post=47893"},{"taxonomy":"product_cat","embeddable":true,"href":"https:\/\/games.tactic.net\/fr\/wp-json\/wp\/v2\/product_cat?post=47893"},{"taxonomy":"product_tag","embeddable":true,"href":"https:\/\/games.tactic.net\/fr\/wp-json\/wp\/v2\/product_tag?post=47893"},{"taxonomy":"brand","embeddable":true,"href":"https:\/\/games.tactic.net\/fr\/wp-json\/wp\/v2\/brand?post=47893"},{"taxonomy":"target-group","embeddable":true,"href":"https:\/\/games.tactic.net\/fr\/wp-json\/wp\/v2\/target-group?post=47893"},{"taxonomy":"discontinued","embeddable":true,"href":"https:\/\/games.tactic.net\/fr\/wp-json\/wp\/v2\/discontinued?post=47893"}],"curies":[{"name":"wp","href":"https:\/\/api.w.org\/{rel}","templated":true}]}}